{"id":724591,"date":"2025-08-27T19:36:40","date_gmt":"2025-08-27T16:36:40","guid":{"rendered":"https:\/\/roveyayinevi.com.tr\/index.php\/urun\/yeni-fasizm\/"},"modified":"2026-04-16T02:32:25","modified_gmt":"2026-04-15T23:32:25","slug":"yeni-fasizm","status":"publish","type":"product","link":"https:\/\/roveyayinevi.com.tr\/index.php\/urun\/yeni-fasizm\/","title":{"rendered":"Yeni Fa\u015fizm"},"content":{"rendered":"<p>Bug\u00fcn fa\u015fizm g\u00fcncel bir tehlikedir. Y\u00fcz y\u0131l \u00f6nce insanlar ilk kez do\u011fmaya ba\u015flayan bu canavar\u0131 tan\u0131yamad\u0131lar. Tan\u0131d\u0131klar\u0131nda \u00e7ok ge\u00e7 olmu\u015ftu. Biz bug\u00fcn bu canavar\u0131n en az\u0131ndan tarihini biliyoruz. Bu kitap, bu canavar\u0131n bug\u00fcnk\u00fc bi\u00e7imini tan\u0131ma, ge\u00e7 kalmadan \u00f6nlem alma \u00e7abalar\u0131na bir katk\u0131 yapmay\u0131 ama\u00e7l\u0131yor.<\/p>\n","protected":false},"excerpt":{"rendered":"<p>Bug\u00fcn fa\u015fizm g\u00fcncel bir tehlikedir. Y\u00fcz y\u0131l \u00f6nce insanlar ilk kez do\u011fmaya ba\u015flayan bu canavar\u0131 tan\u0131yamad\u0131lar. Tan\u0131d\u0131klar\u0131nda \u00e7ok ge\u00e7 olmu\u015ftu. Biz bug\u00fcn bu canavar\u0131n en az\u0131ndan<span class=\"excerpt-hellip\"> [\u2026]<\/span><\/p>\n","protected":false},"featured_media":0,"template":"","meta":{"_monsterinsights_skip_tracking":false,"_monsterinsights_sitenote_active":false,"_monsterinsights_sitenote_note":"","_monsterinsights_sitenote_category":0},"product_brand":[],"product_cat":[13590,12337],"product_tag":[],"class_list":{"0":"post-724591","1":"product","2":"type-product","3":"status-publish","5":"product_cat-arastirma-inceleme-politika-siyaset","6":"product_cat-politika-siyaset","7":"pa_cilt-ciltsiz","8":"pa_tur-kitap","9":"pa_yayinevi-cumhuriyet-kitaplari","10":"pa_yazar-ergin-yildizoglu","12":"first","13":"instock","14":"sale","15":"shipping-taxable","16":"purchasable","17":"product-type-simple"},"_links":{"self":[{"href":"https:\/\/roveyayinevi.com.tr\/index.php\/wp-json\/wp\/v2\/product\/724591","targetHints":{"allow":["GET"]}}],"collection":[{"href":"https:\/\/roveyayinevi.com.tr\/index.php\/wp-json\/wp\/v2\/product"}],"about":[{"href":"https:\/\/roveyayinevi.com.tr\/index.php\/wp-json\/wp\/v2\/types\/product"}],"wp:attachment":[{"href":"https:\/\/roveyayinevi.com.tr\/index.php\/wp-json\/wp\/v2\/media?parent=724591"}],"wp:term":[{"taxonomy":"product_brand","embeddable":true,"href":"https:\/\/roveyayinevi.com.tr\/index.php\/wp-json\/wp\/v2\/product_brand?post=724591"},{"taxonomy":"product_cat","embeddable":true,"href":"https:\/\/roveyayinevi.com.tr\/index.php\/wp-json\/wp\/v2\/product_cat?post=724591"},{"taxonomy":"product_tag","embeddable":true,"href":"https:\/\/roveyayinevi.com.tr\/index.php\/wp-json\/wp\/v2\/product_tag?post=724591"}],"curies":[{"name":"wp","href":"https:\/\/api.w.org\/{rel}","templated":true}]}}