{"id":724589,"date":"2025-08-27T19:36:39","date_gmt":"2025-08-27T16:36:39","guid":{"rendered":"https:\/\/roveyayinevi.com.tr\/index.php\/urun\/caylak-ile-filozof-3\/"},"modified":"2026-04-15T02:42:58","modified_gmt":"2026-04-14T23:42:58","slug":"caylak-ile-filozof-3","status":"publish","type":"product","link":"https:\/\/roveyayinevi.com.tr\/index.php\/urun\/caylak-ile-filozof-3\/","title":{"rendered":"\u00c7aylak ile Filozof -3"},"content":{"rendered":"<p>Dizinin ilk kitab\u0131nda \u201cbenlik\u201d ikincisinde ise \u201cinsan olmak\u201d \u00fczerine uzun ama \u015fa\u015f\u0131rt\u0131c\u0131 konu\u015fmalar\u0131na \u015fahit olduk ayn\u0131 zamanda hem \u00c7aylak hem de Filozof hakk\u0131nda baz\u0131 ger\u00e7ekleri \u00f6\u011frendik. Bu \u00fc\u00e7\u00fcnc\u00fc kitapta ise \u015fa\u015f\u0131rt\u0131c\u0131 olmas\u0131n\u0131n yan\u0131nda olduk\u00e7a sars\u0131c\u0131 bir macera bizleri bekliyor! Filozof \u00c7aylak ile \u201c\u0131rk\u00e7\u0131l\u0131k, milliyet\u00e7ilik, kavmiyet\u00e7ilik\u201d gibi daha \u00f6nce bu ya\u015f grubu i\u00e7in yaz\u0131lmam\u0131\u015f bir konuyu konu\u015fuyorlar. Ve Filozof, \u00c7aylak\u2019\u0131 bu sefer fena sars\u0131yor! \u00c7aylak, kendi varolu\u015funun \u00e7izgilerini belirlerken damarlar\u0131nda ta\u015f\u0131d\u0131\u011f\u0131 kan ile bunun yap\u0131lamayaca\u011f\u0131n\u0131 anlad\u0131\u011f\u0131 gibi, o varolu\u015fu anlamland\u0131rmak i\u00e7in ait oldu\u011fu \u0131rk\u0131n ve milliyetin hi\u00e7 de \u00f6nemli olmad\u0131\u011f\u0131n\u0131 da, anl\u0131yor&#8230; Bu arada \u00fc\u00e7\u00fcnc\u00fc kitapta, bizleri ho\u015f bir s\u00fcpriz de bekliyor: Karanfil!<\/p>\n","protected":false},"excerpt":{"rendered":"<p>Dizinin ilk kitab\u0131nda \u201cbenlik\u201d ikincisinde ise \u201cinsan olmak\u201d \u00fczerine uzun ama \u015fa\u015f\u0131rt\u0131c\u0131 konu\u015fmalar\u0131na \u015fahit olduk ayn\u0131 zamanda hem \u00c7aylak hem de Filozof hakk\u0131nda baz\u0131 ger\u00e7ekleri \u00f6\u011frendik.<span class=\"excerpt-hellip\"> [\u2026]<\/span><\/p>\n","protected":false},"featured_media":0,"template":"","meta":{"_monsterinsights_skip_tracking":false,"_monsterinsights_sitenote_active":false,"_monsterinsights_sitenote_note":"","_monsterinsights_sitenote_category":0},"product_brand":[],"product_cat":[12275,12274],"product_tag":[],"class_list":{"0":"post-724589","1":"product","2":"type-product","3":"status-publish","5":"product_cat-6-12-yas-kitaplari","6":"product_cat-cocuk-ve-genclik-kitaplari","7":"pa_cilt-ciltsiz","8":"pa_tur-kitap","9":"pa_yayinevi-ugurbocegi-yayinlari","10":"pa_yazar-ozkan-oze","12":"first","13":"instock","14":"sale","15":"shipping-taxable","16":"purchasable","17":"product-type-simple"},"_links":{"self":[{"href":"https:\/\/roveyayinevi.com.tr\/index.php\/wp-json\/wp\/v2\/product\/724589","targetHints":{"allow":["GET"]}}],"collection":[{"href":"https:\/\/roveyayinevi.com.tr\/index.php\/wp-json\/wp\/v2\/product"}],"about":[{"href":"https:\/\/roveyayinevi.com.tr\/index.php\/wp-json\/wp\/v2\/types\/product"}],"wp:attachment":[{"href":"https:\/\/roveyayinevi.com.tr\/index.php\/wp-json\/wp\/v2\/media?parent=724589"}],"wp:term":[{"taxonomy":"product_brand","embeddable":true,"href":"https:\/\/roveyayinevi.com.tr\/index.php\/wp-json\/wp\/v2\/product_brand?post=724589"},{"taxonomy":"product_cat","embeddable":true,"href":"https:\/\/roveyayinevi.com.tr\/index.php\/wp-json\/wp\/v2\/product_cat?post=724589"},{"taxonomy":"product_tag","embeddable":true,"href":"https:\/\/roveyayinevi.com.tr\/index.php\/wp-json\/wp\/v2\/product_tag?post=724589"}],"curies":[{"name":"wp","href":"https:\/\/api.w.org\/{rel}","templated":true}]}}