{"id":724588,"date":"2025-08-27T19:36:38","date_gmt":"2025-08-27T16:36:38","guid":{"rendered":"https:\/\/roveyayinevi.com.tr\/index.php\/urun\/kalpten-bagli\/"},"modified":"2026-03-30T02:38:47","modified_gmt":"2026-03-29T23:38:47","slug":"kalpten-bagli","status":"publish","type":"product","link":"https:\/\/roveyayinevi.com.tr\/index.php\/urun\/kalpten-bagli\/","title":{"rendered":"Kalpten Ba\u011fl\u0131"},"content":{"rendered":"<p>\u00c7evrede \u00e7ocuk yeti\u015ftirmekle ilgili o kadar \u00e7ok \u00f6\u011f\u00fct var ki ebeveynler kafa kar\u0131\u015f\u0131kl\u0131\u011f\u0131 ya\u015f\u0131yorlar. \u00c7ocuklar\u0131 en iyi \u015fekilde yeti\u015ftirmek ve onlarla sa\u011fl\u0131kl\u0131 bir ili\u015fki y\u00fcr\u00fctmek istiyoruz. Ama nas\u0131l? Attachment Parenting International kurucular\u0131 Nicholson ve Parker bu kitapla, \u00e7ocuk yeti\u015ftirmeye do\u011fal bir bak\u0131\u015f a\u00e7\u0131s\u0131 getiriyor: Anne babalar\u0131, i\u00e7g\u00fcd\u00fclerini kucaklamaya ve \u00e7ocuk geli\u015fimini besleyen bir rol \u00fcstlenmeye \u00e7a\u011f\u0131r\u0131yor, bunun y\u00f6ntemini de g\u00fcvenli ba\u011flanmay\u0131 destekleyen Sekiz Ebeveynlik \u0130lkesi \u00e7er\u00e7evesinde yap\u0131land\u0131r\u0131yor. Bilimsel verilerle desteklenen Kalpten Ba\u011fl\u0131, ebeveyn-\u00e7ocuk ba\u011f\u0131n\u0131 nas\u0131l daha g\u00fc\u00e7l\u00fc k\u0131labilece\u011fimize ve y\u0131pranm\u0131\u015f ba\u011flar\u0131 nas\u0131l onarabilece\u011fimize dair bir rehberdir. Bunun \u00f6tesinde, kad\u0131n do\u011fum uzman\u0131 se\u00e7mekten emzirmeye, g\u00fcvenli uykudan duygu d\u00fczenleme ve pozitif disipline, hatta \u00e7ocu\u011fun \u00fc\u00e7\u00fcnc\u00fc ebeveyni kabul edilen anne-baba ili\u015fkisinde e\u015fler aras\u0131 \u015fiddetsiz ileti\u015fim kurmaya dek ebeveynli\u011fi her y\u00f6n\u00fcyle irdelemektedir. Kalpten Ba\u011fl\u0131, ba\u011flanma temelli ve kal\u0131c\u0131 bir de\u011fi\u015fim hedefiyle hareket eden her ebeveynin yolunu ayd\u0131nlatacakt\u0131r. (Bu bask\u0131; T\u00fcrk\u00e7e kaynak \u00f6nerilerinin yer ald\u0131\u011f\u0131 bir ek b\u00f6l\u00fcm, T\u00fcrkiye\u2019deki ko\u015ful ve uygulamalara dair ek notlar ve anlat\u0131m\u0131 geni\u015fleten uzman dipnotlar\u0131 da i\u00e7ermektedir.) KALPTEN BA\u011eLI ile ilgili yorumlar: \u201cDo\u011fada sadece anneler, babalar ve yavrular var. \u0130\u015fte bu temel ger\u00e7ekli\u011fin \u0131\u015f\u0131\u011f\u0131nda size rehber olacak harika bir kitap!\u201d \u2014Dr. \u00d6zg\u00fcn Ba\u015faran Kaya, Pediatr  \u201cBilimsel kaynaklar \u0131\u015f\u0131\u011f\u0131nda haz\u0131rlanm\u0131\u015f bu rehber kitap, bebe\u011finizle kalpten ba\u011fl\u0131 bir ili\u015fkiyi nas\u0131l kurabilece\u011finiz hakk\u0131nda \u00e7ok de\u011ferli bilgiler i\u00e7eriyor.\u201d \u2014Dr. Bahar Eri\u015f, Anne Beynim A\u00e7 ve Her \u00c7ocuk \u00dcst\u00fcn Yeteneklidir yazar\u0131\u201c\u2018Do\u011fal Anne Baba\u2019 olmay\u0131 anlatan bu kitab\u0131n \u2018Modern Anne Baba\u2019 rehberi olaca\u011f\u0131 da kesin.\u201d \u2014Fzt. Ebru Sidar, Duyu B\u00fct\u00fcnleme Uzman\u0131, Duyu\u2019lmak \u0130stiyorum yazar\u0131  \u201c\u015eefkat ve iyile\u015fme tohumlar\u0131 d\u00fcnyaya burada \u00f6zetlenen bak\u0131\u015f a\u00e7\u0131s\u0131ndan yay\u0131lacak.\u201d \u2014Nihan Kaya, \u0130yi Aile Yoktur ve B\u00fct\u00fcn \u00c7ocuklar \u0130yidir yazar\u0131   \u201cSa\u011fl\u0131k profesyonelleri olarak bizler[in] dahi [\u00e7ocuk mucizesi kar\u015f\u0131s\u0131nda] destek almam\u0131z ka\u00e7\u0131n\u0131lmaz. Kalpten Ba\u011fl\u0131, do\u011fal ebeveynlik ve ba\u011flanma konular\u0131nda \u00e7ok \u00f6nemli bir ba\u015fucu kitab\u0131.\u201d \u2014Prof. Dr. Tolga Ergin, Kad\u0131n Hastal\u0131klar\u0131 ve Do\u011fum Uzman\u0131 \u201cKitab\u0131n sadece ebeveynlere ve \u00e7ocuklara de\u011fil, torunlara da yans\u0131yan \u00e7ok g\u00fczel etkileri olaca\u011f\u0131 a\u015fik\u00e2r.\u201d \u2014Do\u00e7. Dr. Didem Behice \u00d6ztop, Ankara \u00dcniversitesi T\u0131p Fak\u00fcltesi \u00c7ocuk ve Ergen Psikiyatri Anabilim Dal\u0131 \u00d6\u011fretim \u00dcyesi <\/p>\n","protected":false},"excerpt":{"rendered":"<p>\u00c7evrede \u00e7ocuk yeti\u015ftirmekle ilgili o kadar \u00e7ok \u00f6\u011f\u00fct var ki ebeveynler kafa kar\u0131\u015f\u0131kl\u0131\u011f\u0131 ya\u015f\u0131yorlar. \u00c7ocuklar\u0131 en iyi \u015fekilde yeti\u015ftirmek ve onlarla sa\u011fl\u0131kl\u0131 bir ili\u015fki y\u00fcr\u00fctmek istiyoruz.<span class=\"excerpt-hellip\"> [\u2026]<\/span><\/p>\n","protected":false},"featured_media":0,"template":"","meta":{"_monsterinsights_skip_tracking":false,"_monsterinsights_sitenote_active":false,"_monsterinsights_sitenote_note":"","_monsterinsights_sitenote_category":0},"product_brand":[],"product_cat":[17996,12364],"product_tag":[],"class_list":{"0":"post-724588","1":"product","2":"type-product","3":"status-publish","5":"product_cat-ebeveyn-kitaplari","6":"product_cat-genel-konular","7":"pa_cilt-ciltsiz","8":"pa_tur-kitap","9":"pa_yayinevi-gorunmez-adam-yayincilik","10":"pa_yazar-barbara-nicholson-lysa-parker","12":"first","13":"instock","14":"sale","15":"shipping-taxable","16":"purchasable","17":"product-type-simple"},"_links":{"self":[{"href":"https:\/\/roveyayinevi.com.tr\/index.php\/wp-json\/wp\/v2\/product\/724588","targetHints":{"allow":["GET"]}}],"collection":[{"href":"https:\/\/roveyayinevi.com.tr\/index.php\/wp-json\/wp\/v2\/product"}],"about":[{"href":"https:\/\/roveyayinevi.com.tr\/index.php\/wp-json\/wp\/v2\/types\/product"}],"wp:attachment":[{"href":"https:\/\/roveyayinevi.com.tr\/index.php\/wp-json\/wp\/v2\/media?parent=724588"}],"wp:term":[{"taxonomy":"product_brand","embeddable":true,"href":"https:\/\/roveyayinevi.com.tr\/index.php\/wp-json\/wp\/v2\/product_brand?post=724588"},{"taxonomy":"product_cat","embeddable":true,"href":"https:\/\/roveyayinevi.com.tr\/index.php\/wp-json\/wp\/v2\/product_cat?post=724588"},{"taxonomy":"product_tag","embeddable":true,"href":"https:\/\/roveyayinevi.com.tr\/index.php\/wp-json\/wp\/v2\/product_tag?post=724588"}],"curies":[{"name":"wp","href":"https:\/\/api.w.org\/{rel}","templated":true}]}}