{"id":724587,"date":"2025-08-27T19:36:38","date_gmt":"2025-08-27T16:36:38","guid":{"rendered":"https:\/\/roveyayinevi.com.tr\/index.php\/urun\/artik-uc-kisiyiz\/"},"modified":"2026-04-16T02:32:25","modified_gmt":"2026-04-15T23:32:25","slug":"artik-uc-kisiyiz","status":"publish","type":"product","link":"https:\/\/roveyayinevi.com.tr\/index.php\/urun\/artik-uc-kisiyiz\/","title":{"rendered":"Art\u0131k \u00dc\u00e7 Ki\u015fiyiz"},"content":{"rendered":"<p>KUTLARIZ! B\u0130R BEBE\u011e\u0130N\u0130Z OLDU. AMA B\u0130R EVL\u0130L\u0130\u011e\u0130N\u0130Z DE OLDU\u011eUNU UNUTMAYIN.Bebe\u011finizin do\u011fumu m\u00fcthi\u015f bir deneyimdir ama iki ki\u015filik ya\u015famdan \u00fc\u00e7 ki\u015filik ya\u015fama ge\u00e7i\u015f en sa\u011flam ili\u015fkileri bile zorlar. Love LabTM uzmanlar\u0131 John ve Julie Schwartz Gottman Art\u0131k \u00dc\u00e7 Ki\u015fiyiz\u2019de bir yandan bu zorlu ge\u00e7i\u015fi ger\u00e7ekle\u015ftirirken bir yandan da sa\u011fl\u0131kl\u0131 bir evlilik s\u00fcrd\u00fcrebilmenin kilit y\u00f6ntemlerini a\u00e7\u0131kl\u0131yor. Bu y\u00f6ntemleri kullanarak yak\u0131nl\u0131k ve romantizme odaklanabilecek; ele\u015ftiri ve asabiyet atmosferinin yerine takdir ve be\u011feni ortam\u0131 getirecek; lohusa depresyonunu \u00f6nleyecek; fiziksel, duygusal ve zihinsel sa\u011fl\u0131\u011f\u0131n\u0131z\u0131 koruyacak; ayn\u0131 zamanda bebe\u011finizin bili\u015fsel ve davran\u0131\u015fsal geli\u015fimini destekleyen bir ev ortam\u0131 olu\u015fturacaks\u0131n\u0131z. Art\u0131k \u00dc\u00e7 Ki\u015fiyiz, ebeveynli\u011fe ge\u00e7i\u015fin \u201custa\u201d \u00e7iftlerini \u201cfelaket\u201d \u00e7iftlerden ay\u0131ran \u00f6rnekleri ve \u00e7e\u015fitli testleriyle ili\u015fki durumunuzu tartman\u0131z\u0131 sa\u011flayacak, kapsaml\u0131 \u00f6nerileri ve \u00e7ok y\u00f6nl\u00fc egzersizleriyle de evlilik ili\u015fkinizi zorland\u0131\u011f\u0131 alanlarda yeniden d\u00fczl\u00fc\u011fe \u00e7\u0131karman\u0131za yard\u0131m edecektir. Art\u0131k \u00dc\u00e7 Ki\u015fiyiz ayn\u0131 zamanda Bebekle Eve D\u00f6n\u00fc\u015f ebeveyn e\u011fitim program\u0131n\u0131n resmi kaynak kitab\u0131d\u0131r.<\/p>\n","protected":false},"excerpt":{"rendered":"<p>KUTLARIZ! B\u0130R BEBE\u011e\u0130N\u0130Z OLDU. AMA B\u0130R EVL\u0130L\u0130\u011e\u0130N\u0130Z DE OLDU\u011eUNU UNUTMAYIN.Bebe\u011finizin do\u011fumu m\u00fcthi\u015f bir deneyimdir ama iki ki\u015filik ya\u015famdan \u00fc\u00e7 ki\u015filik ya\u015fama ge\u00e7i\u015f en sa\u011flam ili\u015fkileri bile<span class=\"excerpt-hellip\"> [\u2026]<\/span><\/p>\n","protected":false},"featured_media":0,"template":"","meta":{"_monsterinsights_skip_tracking":false,"_monsterinsights_sitenote_active":false,"_monsterinsights_sitenote_note":"","_monsterinsights_sitenote_category":0},"product_brand":[],"product_cat":[13835],"product_tag":[],"class_list":{"0":"post-724587","1":"product","2":"type-product","3":"status-publish","5":"product_cat-cok-satanlar","6":"pa_cilt-ciltsiz","7":"pa_tur-kitap","8":"pa_yayinevi-gorunmez-adam-yayincilik","9":"pa_yazar-john-gottman-julie-schwartz-gottman","11":"first","12":"instock","13":"sale","14":"shipping-taxable","15":"purchasable","16":"product-type-simple"},"_links":{"self":[{"href":"https:\/\/roveyayinevi.com.tr\/index.php\/wp-json\/wp\/v2\/product\/724587","targetHints":{"allow":["GET"]}}],"collection":[{"href":"https:\/\/roveyayinevi.com.tr\/index.php\/wp-json\/wp\/v2\/product"}],"about":[{"href":"https:\/\/roveyayinevi.com.tr\/index.php\/wp-json\/wp\/v2\/types\/product"}],"wp:attachment":[{"href":"https:\/\/roveyayinevi.com.tr\/index.php\/wp-json\/wp\/v2\/media?parent=724587"}],"wp:term":[{"taxonomy":"product_brand","embeddable":true,"href":"https:\/\/roveyayinevi.com.tr\/index.php\/wp-json\/wp\/v2\/product_brand?post=724587"},{"taxonomy":"product_cat","embeddable":true,"href":"https:\/\/roveyayinevi.com.tr\/index.php\/wp-json\/wp\/v2\/product_cat?post=724587"},{"taxonomy":"product_tag","embeddable":true,"href":"https:\/\/roveyayinevi.com.tr\/index.php\/wp-json\/wp\/v2\/product_tag?post=724587"}],"curies":[{"name":"wp","href":"https:\/\/api.w.org\/{rel}","templated":true}]}}