{"id":724585,"date":"2025-08-27T19:36:37","date_gmt":"2025-08-27T16:36:37","guid":{"rendered":"https:\/\/roveyayinevi.com.tr\/index.php\/urun\/adan-zye-bilim\/"},"modified":"2026-04-13T02:39:44","modified_gmt":"2026-04-12T23:39:44","slug":"adan-zye-bilim","status":"publish","type":"product","link":"https:\/\/roveyayinevi.com.tr\/index.php\/urun\/adan-zye-bilim\/","title":{"rendered":"A&#8217;dan Z&#8217;ye Bilim"},"content":{"rendered":"<p>A\u2019dan Z\u2019ye Bilim, bilim merakl\u0131lar\u0131n\u0131n akl\u0131na tak\u0131lan sorular\u0131 yan\u0131tlayarak, ba\u015fta matematik, fizik, kimya ve biyoloji olmak u\u0308zere do\u011fa bilimlerini ana hatlar\u0131yla tan\u0131tmak i\u00e7in haz\u0131rland\u0131. Bilimin gu\u0308ndeminde \u00f6ne \u00e7\u0131kan enerji, \u00e7evre, hayvanlar ve bitkiler du\u0308nyas\u0131, sa\u011fl\u0131k ve t\u0131p gibi konulara da ana ba\u015fl\u0131klar aras\u0131nda yer verildi. Kitab\u0131n haz\u0131rlanmas\u0131nda \u00e7e\u015fitli ortamlarda gen\u00e7 ya\u015fl\u0131 pek \u00e7ok okurun sordu\u011fu sorulardan yola \u00e7\u0131k\u0131ld\u0131.   \u0130\u015fte bu kitapta yan\u0131tlar\u0131n\u0131 bulaca\u011f\u0131n\u0131z sorulardan baz\u0131lar\u0131: \u201cSay\u0131lar\u201d ve sayma kavram\u0131 ilk ne zaman ve nerede ortaya \u00e7\u0131kt\u0131? Nanoteknoloji nedir? \u0130zotop nedir? Kara delik nedir? Ma\u011faralar nas\u0131l olu\u015fur? Fosiller nas\u0131l olu\u015fur? Gu\u0308ne\u015f enerjisi elektri\u011fe nas\u0131l d\u00f6nu\u0308\u015ftu\u0308ru\u0308lu\u0308r? Dinozorlar\u0131n soyu neden tu\u0308kendi? Viru\u0308s nedir? Genom nedir?   A\u2019dan Z\u2019ye Bilim bilimsiz yapamayanlar i\u00e7in bir ba\u015fvuru kitab\u0131 niteli\u011fini ta\u015f\u0131yor. <\/p>\n","protected":false},"excerpt":{"rendered":"<p>A\u2019dan Z\u2019ye Bilim, bilim merakl\u0131lar\u0131n\u0131n akl\u0131na tak\u0131lan sorular\u0131 yan\u0131tlayarak, ba\u015fta matematik, fizik, kimya ve biyoloji olmak u\u0308zere do\u011fa bilimlerini ana hatlar\u0131yla tan\u0131tmak i\u00e7in haz\u0131rland\u0131. Bilimin gu\u0308ndeminde<span class=\"excerpt-hellip\"> [\u2026]<\/span><\/p>\n","protected":false},"featured_media":0,"template":"","meta":{"_monsterinsights_skip_tracking":false,"_monsterinsights_sitenote_active":false,"_monsterinsights_sitenote_note":"","_monsterinsights_sitenote_category":0},"product_brand":[],"product_cat":[13005,13006],"product_tag":[],"class_list":{"0":"post-724585","1":"product","2":"type-product","3":"status-publish","5":"product_cat-bilim-muhendislik","6":"product_cat-populer-bilim","7":"pa_cilt-ciltsiz","8":"pa_tur-kitap","9":"pa_yayinevi-say-yayinlari","10":"pa_yazar-kolektif","12":"first","13":"instock","14":"sale","15":"shipping-taxable","16":"purchasable","17":"product-type-simple"},"_links":{"self":[{"href":"https:\/\/roveyayinevi.com.tr\/index.php\/wp-json\/wp\/v2\/product\/724585","targetHints":{"allow":["GET"]}}],"collection":[{"href":"https:\/\/roveyayinevi.com.tr\/index.php\/wp-json\/wp\/v2\/product"}],"about":[{"href":"https:\/\/roveyayinevi.com.tr\/index.php\/wp-json\/wp\/v2\/types\/product"}],"wp:attachment":[{"href":"https:\/\/roveyayinevi.com.tr\/index.php\/wp-json\/wp\/v2\/media?parent=724585"}],"wp:term":[{"taxonomy":"product_brand","embeddable":true,"href":"https:\/\/roveyayinevi.com.tr\/index.php\/wp-json\/wp\/v2\/product_brand?post=724585"},{"taxonomy":"product_cat","embeddable":true,"href":"https:\/\/roveyayinevi.com.tr\/index.php\/wp-json\/wp\/v2\/product_cat?post=724585"},{"taxonomy":"product_tag","embeddable":true,"href":"https:\/\/roveyayinevi.com.tr\/index.php\/wp-json\/wp\/v2\/product_tag?post=724585"}],"curies":[{"name":"wp","href":"https:\/\/api.w.org\/{rel}","templated":true}]}}