{"id":724584,"date":"2025-08-27T19:36:36","date_gmt":"2025-08-27T16:36:36","guid":{"rendered":"https:\/\/roveyayinevi.com.tr\/index.php\/urun\/kisa-rusya-tarihi\/"},"modified":"2026-04-16T02:32:25","modified_gmt":"2026-04-15T23:32:25","slug":"kisa-rusya-tarihi","status":"publish","type":"product","link":"https:\/\/roveyayinevi.com.tr\/index.php\/urun\/kisa-rusya-tarihi\/","title":{"rendered":"K\u0131sa Rusya Tarihi"},"content":{"rendered":"<p>Rusya, tarih boyunca du\u0308nyan\u0131n en ilgin\u00e7 ve karma\u015f\u0131k siyasi ili\u015fkiler a\u011f\u0131na sahip devletlerinden biri olmu\u015ftur. Mo\u011follarla bitmek bilmeyen \u00e7eki\u015fmeler, Korkun\u00e7 \u0130van ve Bu\u0308yu\u0308k Petro\u2019nun y\u00f6netim anlay\u0131\u015flar\u0131, II. Katerina\u2019n\u0131n h\u0131rs\u0131, Osmanl\u0131 Devleti\u2019yle uzun soluklu husumet, Napolyon tehdidi ve nihayet \u00e7arl\u0131k Rusya\u2019s\u0131n\u0131n sonu: Bol\u015fevik Devrimi, du\u0308nya sava\u015flar\u0131, komu\u0308nizm, Lenin ve Stalin\u2019in bask\u0131c\u0131 y\u00f6netimleri, SSCB\u2019nin da\u011f\u0131l\u0131\u015f\u0131, So\u011fuk Sava\u015f ve ABD\u2019yle ili\u015fkiler.   Abraham Ascher K\u0131sa Rusya Tarihi \u2019nde i\u015fte bu\u0308tu\u0308n bunlar\u0131; entrikalar ve sava\u015flarla dolu yu\u0308zlerce y\u0131ll\u0131k Rusya tarihini anla\u015f\u0131l\u0131r ve ilgin\u00e7 bir hik\u00e2yeye d\u00f6nu\u0308\u015ftu\u0308ru\u0308yor. \u00c7arl\u0131k Rusya\u2019s\u0131ndan Sovyetler Birli\u011fi\u2019ne ve ard\u0131ndan Rusya Federasyonu\u2019na, tarihin en gu\u0308\u00e7lu\u0308 devletlerinden birinin bu\u0308tu\u0308n siyasi ili\u015fkilerini, y\u00f6netim \u015fekli de\u011fi\u015fikliklerini ve gu\u0308\u00e7lu\u0308 liderlerini detayl\u0131ca inceliyor. Romanov hanedan\u0131n\u0131n u\u0308\u00e7 yu\u0308zy\u0131ll\u0131k hu\u0308ku\u0308mranl\u0131\u011f\u0131ndan Vladimir Putin\u2019in uzun soluklu y\u00f6netimine, kapsaml\u0131 bir tarih yolculu\u011fu sizi bekliyor.   \u201cCanl\u0131, ak\u0131c\u0131 ve tu\u0308mu\u0308yle gu\u0308venilir; ekonomik, sosyal ve ku\u0308ltu\u0308rel temalar\u0131 zarif bir \u015fekilde politik bir anlat\u0131ya d\u00f6nu\u0308\u015ftu\u0308ru\u0308yor. Konuya birinci s\u0131n\u0131f bir giri\u015f.\u201d \u2014 Steve Smith, Essex \u00dcniversitesi <\/p>\n","protected":false},"excerpt":{"rendered":"<p>Rusya, tarih boyunca du\u0308nyan\u0131n en ilgin\u00e7 ve karma\u015f\u0131k siyasi ili\u015fkiler a\u011f\u0131na sahip devletlerinden biri olmu\u015ftur. Mo\u011follarla bitmek bilmeyen \u00e7eki\u015fmeler, Korkun\u00e7 \u0130van ve Bu\u0308yu\u0308k Petro\u2019nun y\u00f6netim anlay\u0131\u015flar\u0131,<span class=\"excerpt-hellip\"> [\u2026]<\/span><\/p>\n","protected":false},"featured_media":0,"template":"","meta":{"_monsterinsights_skip_tracking":false,"_monsterinsights_sitenote_active":false,"_monsterinsights_sitenote_note":"","_monsterinsights_sitenote_category":0},"product_brand":[],"product_cat":[12370,12304],"product_tag":[],"class_list":{"0":"post-724584","1":"product","2":"type-product","3":"status-publish","5":"product_cat-arastirma-inceleme","6":"product_cat-tarih","7":"pa_cilt-ciltsiz","8":"pa_tur-kitap","9":"pa_yayinevi-say-yayinlari","10":"pa_yazar-abraham-ascher","12":"first","13":"instock","14":"sale","15":"shipping-taxable","16":"purchasable","17":"product-type-simple"},"_links":{"self":[{"href":"https:\/\/roveyayinevi.com.tr\/index.php\/wp-json\/wp\/v2\/product\/724584","targetHints":{"allow":["GET"]}}],"collection":[{"href":"https:\/\/roveyayinevi.com.tr\/index.php\/wp-json\/wp\/v2\/product"}],"about":[{"href":"https:\/\/roveyayinevi.com.tr\/index.php\/wp-json\/wp\/v2\/types\/product"}],"wp:attachment":[{"href":"https:\/\/roveyayinevi.com.tr\/index.php\/wp-json\/wp\/v2\/media?parent=724584"}],"wp:term":[{"taxonomy":"product_brand","embeddable":true,"href":"https:\/\/roveyayinevi.com.tr\/index.php\/wp-json\/wp\/v2\/product_brand?post=724584"},{"taxonomy":"product_cat","embeddable":true,"href":"https:\/\/roveyayinevi.com.tr\/index.php\/wp-json\/wp\/v2\/product_cat?post=724584"},{"taxonomy":"product_tag","embeddable":true,"href":"https:\/\/roveyayinevi.com.tr\/index.php\/wp-json\/wp\/v2\/product_tag?post=724584"}],"curies":[{"name":"wp","href":"https:\/\/api.w.org\/{rel}","templated":true}]}}