{"id":724582,"date":"2025-08-27T19:36:34","date_gmt":"2025-08-27T16:36:34","guid":{"rendered":"https:\/\/roveyayinevi.com.tr\/index.php\/urun\/doktor-moreaunun-adasi-2\/"},"modified":"2026-04-11T13:50:46","modified_gmt":"2026-04-11T10:50:46","slug":"doktor-moreaunun-adasi-2","status":"publish","type":"product","link":"https:\/\/roveyayinevi.com.tr\/index.php\/urun\/doktor-moreaunun-adasi-2\/","title":{"rendered":"Doktor Moreau&#8217;nun Adas\u0131"},"content":{"rendered":"<p>Bilimkurgu t\u00fcr\u00fcn\u00fcn klasiklerinden olan Doktor Moreau&#8217;nun Adas\u0131 farkl\u0131 d\u00f6nemlerde birka\u00e7 kez filmi yap\u0131lm\u0131\u015f bir yap\u0131tt\u0131r. \u00c7al\u0131\u015fmalar\u0131n\u0131n ahlaki sonu\u00e7lar\u0131yla ilgilenmeyen Doktor Moreau hayvanlar \u00fczerinde yapt\u0131\u011f\u0131 ac\u0131mas\u0131z deneylerin a\u00e7\u0131\u011fa \u00e7\u0131kmas\u0131yla bilim d\u00fcnyas\u0131ndan &#8216;aforoz&#8217; edilmi\u015f ve Londra&#8217;dan ayr\u0131l\u0131p \u0131ss\u0131z bir adaya yerle\u015ferek \u00e7al\u0131\u015fmalar\u0131n\u0131 s\u00fcrd\u00fcrm\u00fc\u015ft\u00fcr. 1887 y\u0131l\u0131nda bir deniz kazas\u0131ndan kurtulan Edward Prendick bu adaya \u00e7\u0131kacakt\u0131r. Biyoloji ve fizyoloji alanlar\u0131nda e\u011fitimli olan Prendick adada ya\u015fananlar\u0131 anlad\u0131k\u00e7a deh\u015fete d\u00fc\u015f\u00fcp ka\u00e7\u0131\u015f planlar\u0131 yapacakt\u0131r. H. G. Wells bilimsel \u00e7al\u0131\u015fman\u0131n hedefi ve sonu\u00e7lar\u0131n\u0131n ahlaki sorumlulu\u011fu ile toplumsal yarar a\u00e7\u0131s\u0131ndan kullan\u0131m\u0131 konusunu ele ald\u0131\u011f\u0131 bu kitapta hala ufkumuzu a\u00e7\u0131yor ve insan ile ya\u015fad\u0131\u011f\u0131 evren aras\u0131ndaki ili\u015fkinin niteli\u011fi \u00fczerine yeni sorular sorduruyor bize. &#8220;Bu ara\u015ft\u0131rman\u0131n beni g\u00f6t\u00fcrd\u00fc\u011f\u00fc yola gitti\u011fimi g\u00f6r\u00fcyorsun i\u015fte. Bir ara\u015ft\u0131rman\u0131n ilerleyebilmesi i\u00e7in benim duydu\u011fum tek do\u011fru y\u00f6ntem bu. Bir soru sordum, bir yan\u0131t elde edebilece\u011fim y\u00f6ntemi geli\u015ftirdim, sonras\u0131nda da yeni bir soru elde ettim. Bu mu m\u00fcmk\u00fcnd\u00fc yoksa \u015fu mu? Bunun bir ara\u015ft\u0131rmac\u0131 i\u00e7in ne anlama geldi\u011fini, nas\u0131l bir entelekt\u00fcel tutkunun i\u00e7inde b\u00fcy\u00fcd\u00fc\u011f\u00fcn\u00fc bilemezsin! Bu entelekt\u00fcel arzular\u0131n neden oldu\u011fu tuhaf, karanl\u0131k hazlar\u0131 hayal bile edemezsin! \u00d6n\u00fcndeki \u015fey art\u0131k bir hayvan, bildi\u011fin bir yarat\u0131k de\u011fil, bir problemdir sadece!&#8221; <\/p>\n","protected":false},"excerpt":{"rendered":"<p>Bilimkurgu t\u00fcr\u00fcn\u00fcn klasiklerinden olan Doktor Moreau&#8217;nun Adas\u0131 farkl\u0131 d\u00f6nemlerde birka\u00e7 kez filmi yap\u0131lm\u0131\u015f bir yap\u0131tt\u0131r. \u00c7al\u0131\u015fmalar\u0131n\u0131n ahlaki sonu\u00e7lar\u0131yla ilgilenmeyen Doktor Moreau hayvanlar \u00fczerinde yapt\u0131\u011f\u0131 ac\u0131mas\u0131z deneylerin<span class=\"excerpt-hellip\"> [\u2026]<\/span><\/p>\n","protected":false},"featured_media":0,"template":"","meta":{"_monsterinsights_skip_tracking":false,"_monsterinsights_sitenote_active":false,"_monsterinsights_sitenote_note":"","_monsterinsights_sitenote_category":0},"product_brand":[],"product_cat":[12291,12711],"product_tag":[],"class_list":{"0":"post-724582","1":"product","2":"type-product","3":"status-publish","5":"product_cat-edebiyat","6":"product_cat-roman-oyku","7":"pa_cilt-ciltsiz","8":"pa_tur-kitap","9":"pa_yayinevi-abis-yayincilik","10":"pa_yazar-h-g-wells","12":"first","13":"instock","14":"sale","15":"shipping-taxable","16":"purchasable","17":"product-type-simple"},"_links":{"self":[{"href":"https:\/\/roveyayinevi.com.tr\/index.php\/wp-json\/wp\/v2\/product\/724582","targetHints":{"allow":["GET"]}}],"collection":[{"href":"https:\/\/roveyayinevi.com.tr\/index.php\/wp-json\/wp\/v2\/product"}],"about":[{"href":"https:\/\/roveyayinevi.com.tr\/index.php\/wp-json\/wp\/v2\/types\/product"}],"wp:attachment":[{"href":"https:\/\/roveyayinevi.com.tr\/index.php\/wp-json\/wp\/v2\/media?parent=724582"}],"wp:term":[{"taxonomy":"product_brand","embeddable":true,"href":"https:\/\/roveyayinevi.com.tr\/index.php\/wp-json\/wp\/v2\/product_brand?post=724582"},{"taxonomy":"product_cat","embeddable":true,"href":"https:\/\/roveyayinevi.com.tr\/index.php\/wp-json\/wp\/v2\/product_cat?post=724582"},{"taxonomy":"product_tag","embeddable":true,"href":"https:\/\/roveyayinevi.com.tr\/index.php\/wp-json\/wp\/v2\/product_tag?post=724582"}],"curies":[{"name":"wp","href":"https:\/\/api.w.org\/{rel}","templated":true}]}}