{"id":724581,"date":"2025-08-27T19:36:34","date_gmt":"2025-08-27T16:36:34","guid":{"rendered":"https:\/\/roveyayinevi.com.tr\/index.php\/urun\/gozlerin-oyunu\/"},"modified":"2026-04-16T02:32:25","modified_gmt":"2026-04-15T23:32:25","slug":"gozlerin-oyunu","status":"publish","type":"product","link":"https:\/\/roveyayinevi.com.tr\/index.php\/urun\/gozlerin-oyunu\/","title":{"rendered":"G\u00f6zlerin Oyunu"},"content":{"rendered":"<p>Elias Canetti Kulaktaki Me\u015fale ve Kurtar\u0131lm\u0131\u015f Dil&#8217;in ard\u0131ndan otobiyografik \u00fc\u00e7lemesinin son kitab\u0131 G\u00f6zlerin Oyunu&#8217;nda yirmili ya\u015flar\u0131n\u0131, Felaket \u00c7a\u011f\u0131&#8217;n\u0131n en deh\u015fetli g\u00fcnlerinin ya\u015fand\u0131\u011f\u0131 ve d\u00fcnya edebiyat\u0131n\u0131n ba\u015fyap\u0131tlar\u0131ndan biri haline gelecek K\u00f6rle\u015fme roman\u0131 \u00fczerinde \u00e7al\u0131\u015ft\u0131\u011f\u0131 d\u00f6nemi konu ediyor.Canetti, notlar\u0131nda kendi entelekt\u00fcel ve ruhsal d\u00fcnyas\u0131n\u0131 t\u00fcm a\u00e7\u0131kl\u0131\u011f\u0131yla resmederken, dostlar\u0131n\u0131n ve d\u00f6nemin \u00f6nde gelen fig\u00fcrlerinin incelikli tasvirlerine de yer veriyor: Hermann Broch, Robert Musil, Fritz Wotruba, Alban Berg ve Alma Mahler&#8217;le ili\u015fkisini okurla payla\u015fan yazar, ayn\u0131 zamanda yol g\u00f6stericisi sayd\u0131\u011f\u0131 gizemli Dr. Sonne ile arkada\u015fl\u0131\u011f\u0131n\u0131, evlili\u011fini ve annesinin \u00f6l\u00fcm\u00fcn\u00fc sak\u0131nmas\u0131zca kaleme al\u0131yor.G\u00f6zlerin Oyunu, yaln\u0131zca Canetti&#8217;nin \u00f6zya\u015fam\u00f6yk\u00fcs\u00fc de\u011fil, modern edebiyat\u0131n en \u00f6nemli eserlerinden K\u00f6rle\u015fme&#8217;nin I. D\u00fcnya Sava\u015f\u0131&#8217;n\u0131n g\u00f6lgesinde kitapla\u015fmas\u0131n\u0131n yolculu\u011fu ayn\u0131 zamanda&#8230;<\/p>\n","protected":false},"excerpt":{"rendered":"<p>Elias Canetti Kulaktaki Me\u015fale ve Kurtar\u0131lm\u0131\u015f Dil&#8217;in ard\u0131ndan otobiyografik \u00fc\u00e7lemesinin son kitab\u0131 G\u00f6zlerin Oyunu&#8217;nda yirmili ya\u015flar\u0131n\u0131, Felaket \u00c7a\u011f\u0131&#8217;n\u0131n en deh\u015fetli g\u00fcnlerinin ya\u015fand\u0131\u011f\u0131 ve d\u00fcnya edebiyat\u0131n\u0131n ba\u015fyap\u0131tlar\u0131ndan<span class=\"excerpt-hellip\"> [\u2026]<\/span><\/p>\n","protected":false},"featured_media":0,"template":"","meta":{"_monsterinsights_skip_tracking":false,"_monsterinsights_sitenote_active":false,"_monsterinsights_sitenote_note":"","_monsterinsights_sitenote_category":0},"product_brand":[],"product_cat":[12777,12291],"product_tag":[],"class_list":{"0":"post-724581","1":"product","2":"type-product","3":"status-publish","5":"product_cat-deneme","6":"product_cat-edebiyat","7":"pa_cilt-ciltsiz","8":"pa_tur-kitap","9":"pa_yayinevi-sel-yayincilik","10":"pa_yazar-elias-canetti","12":"first","13":"instock","14":"sale","15":"shipping-taxable","16":"purchasable","17":"product-type-simple"},"_links":{"self":[{"href":"https:\/\/roveyayinevi.com.tr\/index.php\/wp-json\/wp\/v2\/product\/724581","targetHints":{"allow":["GET"]}}],"collection":[{"href":"https:\/\/roveyayinevi.com.tr\/index.php\/wp-json\/wp\/v2\/product"}],"about":[{"href":"https:\/\/roveyayinevi.com.tr\/index.php\/wp-json\/wp\/v2\/types\/product"}],"wp:attachment":[{"href":"https:\/\/roveyayinevi.com.tr\/index.php\/wp-json\/wp\/v2\/media?parent=724581"}],"wp:term":[{"taxonomy":"product_brand","embeddable":true,"href":"https:\/\/roveyayinevi.com.tr\/index.php\/wp-json\/wp\/v2\/product_brand?post=724581"},{"taxonomy":"product_cat","embeddable":true,"href":"https:\/\/roveyayinevi.com.tr\/index.php\/wp-json\/wp\/v2\/product_cat?post=724581"},{"taxonomy":"product_tag","embeddable":true,"href":"https:\/\/roveyayinevi.com.tr\/index.php\/wp-json\/wp\/v2\/product_tag?post=724581"}],"curies":[{"name":"wp","href":"https:\/\/api.w.org\/{rel}","templated":true}]}}