{"id":724579,"date":"2025-08-27T19:36:32","date_gmt":"2025-08-27T16:36:32","guid":{"rendered":"https:\/\/roveyayinevi.com.tr\/index.php\/urun\/delibo\/"},"modified":"2026-04-08T02:40:34","modified_gmt":"2026-04-07T23:40:34","slug":"delibo","status":"publish","type":"product","link":"https:\/\/roveyayinevi.com.tr\/index.php\/urun\/delibo\/","title":{"rendered":"Delibo"},"content":{"rendered":"<p>Niye bu kadar istiyordu Delibo\u2019yu bulmay\u0131? Ba\u011f\u0131ran bir bitkiden hallice ya\u015fayan bir adamla ne yapacakt\u0131 ki?   Yusuf on sekiz ya\u015f\u0131ndayken hayat\u0131n\u0131 mahvedip terk eyledi\u011fi \u201cbaba oca\u011f\u0131\u201d Bornova\u2019ya seneler sonra geri d\u00f6nm\u00fc\u015ft\u00fcr. Tam da o g\u00fcnlerde ald\u0131\u011f\u0131 bir haberle sars\u0131l\u0131r: \u00c7ocukluk hat\u0131ralar\u0131n\u0131n kahramanlar\u0131ndan, mahallenin sevgilisi ve bir nevi maskotu \u201cdeli \u0130brahim\u201d, nam\u0131 di\u011fer Delibo, ard\u0131nda iz b\u0131rakmadan bir anda s\u0131rra kadem basm\u0131\u015ft\u0131r. \u00c7ocukluk a\u015fk\u0131n\u0131n da onun pe\u015finde oldu\u011funu \u00f6\u011frenen Yusuf\u2019un akl\u0131 iyice kar\u0131\u015facakt\u0131r. Zira art\u0131k \u00fcnl\u00fc bir dizi y\u0131ld\u0131z\u0131 olan ve Delibo\u2019yu bulmak i\u00e7in her \u015feyini b\u0131rak\u0131p Bornova sokaklar\u0131na d\u00f6nen g\u00fczeller g\u00fczeli Yasemin, ondan \u0131srarla yard\u0131m\u0131n\u0131 istemektedir&#8230;   Tol, Har, Merhume gibi unutulmaz romanlar\u0131n yazar\u0131 Murat Uyurkulak Delibo\u2019yla \u0130zmir\u2019in sokaklar\u0131nda dolan\u0131yor ve hem t\u00fckenmeyen bir tutkunun hem de hayli kan\u0131ksanm\u0131\u015f \u00fclke ger\u00e7eklerinin izini s\u00fcr\u00fcyor. Bu karnavalesk a\u015fk roman\u0131nda, ak\u0131ll\u0131 ve duyarl\u0131 ama bir o kadar da yaral\u0131 ve \u00f6fke dolu Yusuf\u2019un kurtulamad\u0131\u011f\u0131 sevdas\u0131n\u0131 anlat\u0131yor. Beraberinde de hayatlar\u0131m\u0131z\u0131n i\u00e7ine sinip kabuk ba\u011flam\u0131\u015f meseleleri e\u015feliyor; e\u015fitsizli\u011fi, haks\u0131zl\u0131\u011f\u0131, yoksullu\u011fu, kini ve d\u00fc\u011f\u00fcm olmu\u015f aile ili\u015fkilerini g\u00f6zler \u00f6n\u00fcne seriyor \u2013 sak\u0131nmadan, laf\u0131 uzatmadan ve her zaman oldu\u011fu gibi s\u00f6z\u00fcn\u00fc esirgemeden&#8230; <\/p>\n","protected":false},"excerpt":{"rendered":"<p>Niye bu kadar istiyordu Delibo\u2019yu bulmay\u0131? Ba\u011f\u0131ran bir bitkiden hallice ya\u015fayan bir adamla ne yapacakt\u0131 ki? Yusuf on sekiz ya\u015f\u0131ndayken hayat\u0131n\u0131 mahvedip terk eyledi\u011fi \u201cbaba oca\u011f\u0131\u201d<span class=\"excerpt-hellip\"> [\u2026]<\/span><\/p>\n","protected":false},"featured_media":0,"template":"","meta":{"_monsterinsights_skip_tracking":false,"_monsterinsights_sitenote_active":false,"_monsterinsights_sitenote_note":"","_monsterinsights_sitenote_category":0},"product_brand":[],"product_cat":[12291,12711],"product_tag":[],"class_list":{"0":"post-724579","1":"product","2":"type-product","3":"status-publish","5":"product_cat-edebiyat","6":"product_cat-roman-oyku","7":"pa_cilt-ciltsiz","8":"pa_tur-kitap","9":"pa_yayinevi-can-yayinlari","10":"pa_yazar-murat-uyurkulak","12":"first","13":"instock","14":"sale","15":"shipping-taxable","16":"purchasable","17":"product-type-simple"},"_links":{"self":[{"href":"https:\/\/roveyayinevi.com.tr\/index.php\/wp-json\/wp\/v2\/product\/724579","targetHints":{"allow":["GET"]}}],"collection":[{"href":"https:\/\/roveyayinevi.com.tr\/index.php\/wp-json\/wp\/v2\/product"}],"about":[{"href":"https:\/\/roveyayinevi.com.tr\/index.php\/wp-json\/wp\/v2\/types\/product"}],"wp:attachment":[{"href":"https:\/\/roveyayinevi.com.tr\/index.php\/wp-json\/wp\/v2\/media?parent=724579"}],"wp:term":[{"taxonomy":"product_brand","embeddable":true,"href":"https:\/\/roveyayinevi.com.tr\/index.php\/wp-json\/wp\/v2\/product_brand?post=724579"},{"taxonomy":"product_cat","embeddable":true,"href":"https:\/\/roveyayinevi.com.tr\/index.php\/wp-json\/wp\/v2\/product_cat?post=724579"},{"taxonomy":"product_tag","embeddable":true,"href":"https:\/\/roveyayinevi.com.tr\/index.php\/wp-json\/wp\/v2\/product_tag?post=724579"}],"curies":[{"name":"wp","href":"https:\/\/api.w.org\/{rel}","templated":true}]}}