{"id":724578,"date":"2025-08-27T19:36:31","date_gmt":"2025-08-27T16:36:31","guid":{"rendered":"https:\/\/roveyayinevi.com.tr\/index.php\/urun\/gercek-bir-polisin-cilesi\/"},"modified":"2026-04-16T02:32:24","modified_gmt":"2026-04-15T23:32:24","slug":"gercek-bir-polisin-cilesi","status":"publish","type":"product","link":"https:\/\/roveyayinevi.com.tr\/index.php\/urun\/gercek-bir-polisin-cilesi\/","title":{"rendered":"Ger\u00e7ek Bir Polisin \u00c7ilesi"},"content":{"rendered":"<p>Edebiyat\u0131n verdi\u011fi ilk dersin cesaret oldu\u011funu \u00f6\u011frenmi\u015flerdi \u2013tuhaf bir cesaretti bu\u2013 g\u00f6ller, sazl\u0131klar aras\u0131nda ta\u015ftan bir kuyunun cesaretini, bir aynan\u0131n ya da bir girdab\u0131n cesaretini and\u0131r\u0131yordu. Okuman\u0131n yazmaktan daha konforlu bir i\u015f olmad\u0131\u011f\u0131n\u0131 \u00f6\u011frenmi\u015flerdi. \u0130nsan\u0131n okurken an\u0131msamay\u0131 ve \u015f\u00fcphe etmeyi \u00f6\u011frendi\u011fini&#8230; Ve belle\u011fin a\u015fk oldu\u011funu.   Ger\u00e7ek Bir Polisin \u00c7ilesi seksenli y\u0131llarda ba\u015flay\u0131p Bola\u00f1o\u2019nun \u00f6l\u00fcm\u00fcne kadar devam eden bir projeydi. Baz\u0131 mektuplar\u0131nda bu projeden s\u00f6z etmi\u015f, 1995\u2019teki bir mektubunda, \u201cNovela: Birka\u00e7 y\u0131ld\u0131r Ger\u00e7ek Bir Polisin \u00c7ilesi adl\u0131 bir kitap \u00fcst\u00fcnde \u00e7al\u0131\u015f\u0131yorum ve BEN\u0130M ROMANIM O: Ba\u015fkahraman dul kalm\u0131\u015f elli ya\u015flar\u0131nda bir \u00fcniversite profes\u00f6r\u00fc, on yedisinde bir k\u0131z\u0131 var, hayatlar\u0131n\u0131 ge\u00e7irmek i\u00e7in ABD s\u0131n\u0131r\u0131n\u0131n yak\u0131nlar\u0131ndaki Santa Teresa\u2019ya gidiyorlar. Sekiz y\u00fcz bin sayfa filan, kimsenin tek kelime anlayamayaca\u011f\u0131 tam bir karma\u015fa&#8230;\u201d diye yazm\u0131\u015ft\u0131r.   Ger\u00e7ek Bir Polisin \u00c7ilesi, Bola\u00f1o\u2019nun en iyi eserleriyle yak\u0131n ili\u015fkisi, bereketli yarat\u0131c\u0131l\u0131\u011f\u0131, kaybedenlerle \u00f6zde\u015fle\u015fmesi, etik ilkelere gerek duymayan bir etik bar\u0131nd\u0131rmas\u0131, yak\u0131n buldu\u011fu yazarlar\u0131n zekice okumas\u0131n\u0131 yapmas\u0131, k\u00f6kten ba\u011f\u0131ms\u0131zl\u0131\u011f\u0131, anlat\u0131 zevkini diri tutan bir modern roman sunmas\u0131, e\u011fitimini ald\u0131\u011f\u0131 ve yazarl\u0131\u011f\u0131n\u0131 bor\u00e7lu oldu\u011fu yerlere amans\u0131z vefa g\u00f6stermesi, bir ya\u015fama ve varolu\u015f bi\u00e7imi ifade eden kozmopolitli\u011fi, sosyal yank\u0131lar\u0131ndan ayr\u0131 olarak umutsuzca ve mutlulukla kendini yarat\u0131ma teslim etmesi nedeniyle \u00f6zel bir ilgiyi hak ediyor.   Ger\u00e7ek Bir Polisin \u00c7ilesi\u2019nde yine son derece tan\u0131d\u0131k ve bir o kadar vazge\u00e7ilmez bir Bola\u00f1o kar\u015f\u0131m\u0131zda.   \u201cPolis, bu karmakar\u0131\u015f\u0131k roman\u0131 d\u00fczene sokmaya u\u011fra\u015facak okurun ta kendisi.\u201d   Roberto Bola\u00f1o <\/p>\n","protected":false},"excerpt":{"rendered":"<p>Edebiyat\u0131n verdi\u011fi ilk dersin cesaret oldu\u011funu \u00f6\u011frenmi\u015flerdi \u2013tuhaf bir cesaretti bu\u2013 g\u00f6ller, sazl\u0131klar aras\u0131nda ta\u015ftan bir kuyunun cesaretini, bir aynan\u0131n ya da bir girdab\u0131n cesaretini and\u0131r\u0131yordu.<span class=\"excerpt-hellip\"> [\u2026]<\/span><\/p>\n","protected":false},"featured_media":0,"template":"","meta":{"_monsterinsights_skip_tracking":false,"_monsterinsights_sitenote_active":false,"_monsterinsights_sitenote_note":"","_monsterinsights_sitenote_category":0},"product_brand":[],"product_cat":[12291,12711],"product_tag":[],"class_list":{"0":"post-724578","1":"product","2":"type-product","3":"status-publish","5":"product_cat-edebiyat","6":"product_cat-roman-oyku","7":"pa_cilt-ciltsiz","8":"pa_tur-kitap","9":"pa_yayinevi-can-yayinlari","10":"pa_yazar-roberto-bolano","12":"first","13":"instock","14":"sale","15":"shipping-taxable","16":"purchasable","17":"product-type-simple"},"_links":{"self":[{"href":"https:\/\/roveyayinevi.com.tr\/index.php\/wp-json\/wp\/v2\/product\/724578","targetHints":{"allow":["GET"]}}],"collection":[{"href":"https:\/\/roveyayinevi.com.tr\/index.php\/wp-json\/wp\/v2\/product"}],"about":[{"href":"https:\/\/roveyayinevi.com.tr\/index.php\/wp-json\/wp\/v2\/types\/product"}],"wp:attachment":[{"href":"https:\/\/roveyayinevi.com.tr\/index.php\/wp-json\/wp\/v2\/media?parent=724578"}],"wp:term":[{"taxonomy":"product_brand","embeddable":true,"href":"https:\/\/roveyayinevi.com.tr\/index.php\/wp-json\/wp\/v2\/product_brand?post=724578"},{"taxonomy":"product_cat","embeddable":true,"href":"https:\/\/roveyayinevi.com.tr\/index.php\/wp-json\/wp\/v2\/product_cat?post=724578"},{"taxonomy":"product_tag","embeddable":true,"href":"https:\/\/roveyayinevi.com.tr\/index.php\/wp-json\/wp\/v2\/product_tag?post=724578"}],"curies":[{"name":"wp","href":"https:\/\/api.w.org\/{rel}","templated":true}]}}