{"id":724577,"date":"2025-08-27T19:36:30","date_gmt":"2025-08-27T16:36:30","guid":{"rendered":"https:\/\/roveyayinevi.com.tr\/index.php\/urun\/babil-2\/"},"modified":"2026-04-16T02:32:24","modified_gmt":"2026-04-15T23:32:24","slug":"babil-2","status":"publish","type":"product","link":"https:\/\/roveyayinevi.com.tr\/index.php\/urun\/babil-2\/","title":{"rendered":"Babil"},"content":{"rendered":"<p>Paris\u2019in bir banliy\u00f6s\u00fcnde, y\u00fcksek bir binan\u0131n d\u00f6rd\u00fcnc\u00fc kat\u0131nda ya\u015fayan orta ya\u015fl\u0131 biliminsan\u0131 Elisabeth ve onun matematik profes\u00f6r\u00fc e\u015fi Pierre\u2019in hayat\u0131, bir ak\u015fam evlerinde verdikleri davetle birlikte de\u011fi\u015fir. Zira Elisabeth\u2019in k\u0131sa s\u00fcre \u00f6nce arkada\u015f oldu\u011fu \u00fcst kat kom\u015fusu Jean-Lino, gecenin ilerleyen saatlerinde kap\u0131lar\u0131n\u0131 \u00e7al\u0131p \u00e7ok sevdi\u011fi kar\u0131s\u0131n\u0131 \u00f6ld\u00fcrd\u00fc\u011f\u00fcn\u00fc itiraf eder. Bu haberle g\u00fcnl\u00fck ya\u015fam\u0131 sekteye u\u011frayan Elizabeth kendini bir anda tuhaf olaylar silsilesinin ortas\u0131nda bulur.   Yazd\u0131\u011f\u0131 tiyatro oyunlar\u0131 ve romanlar\u0131yla isminden \u00e7ok\u00e7a s\u00f6z ettiren, Babil kitab\u0131yla 2016 Renaudot \u00d6d\u00fcl\u00fc\u2019ne lay\u0131k g\u00f6r\u00fclen Yasmina Reza, insanl\u0131k durumunu, \u015fehir ya\u015fam\u0131n\u0131, yabanc\u0131la\u015fmay\u0131,  d\u00fc\u011f\u00fcm olmu\u015f ili\u015fkileri, Camus\u2019ye has bir abs\u00fcrdizmle ele alarak varolu\u015fumuzun trajik oldu\u011fu kadar da g\u00fcl\u00fcn\u00e7 y\u00f6nlerini irdeliyor.   \u201cYasmina Reza bu kez polisiye anlat\u0131ya ba\u015fvurarak s\u0131radan varolu\u015fumuza dair hem komik hem de derin bir soru\u015fturma yap\u0131yor.\u201d   Le Monde   &#8220;Karanl\u0131k bir olay\u0131n komik yanlar\u0131n\u0131 \u00f6ne \u00e7\u0131karan bu romanda Reza bizlere dramatik bir yazar olarak kaleminin ne kadar g\u00fc\u00e7l\u00fc oldu\u011funu g\u00f6steriyor.\u201d   The Sunday Times (UK) <\/p>\n","protected":false},"excerpt":{"rendered":"<p>Paris\u2019in bir banliy\u00f6s\u00fcnde, y\u00fcksek bir binan\u0131n d\u00f6rd\u00fcnc\u00fc kat\u0131nda ya\u015fayan orta ya\u015fl\u0131 biliminsan\u0131 Elisabeth ve onun matematik profes\u00f6r\u00fc e\u015fi Pierre\u2019in hayat\u0131, bir ak\u015fam evlerinde verdikleri davetle birlikte<span class=\"excerpt-hellip\"> [\u2026]<\/span><\/p>\n","protected":false},"featured_media":0,"template":"","meta":{"_monsterinsights_skip_tracking":false,"_monsterinsights_sitenote_active":false,"_monsterinsights_sitenote_note":"","_monsterinsights_sitenote_category":0},"product_brand":[],"product_cat":[12291,12711],"product_tag":[],"class_list":{"0":"post-724577","1":"product","2":"type-product","3":"status-publish","5":"product_cat-edebiyat","6":"product_cat-roman-oyku","7":"pa_cilt-ciltsiz","8":"pa_tur-kitap","9":"pa_yayinevi-can-yayinlari","10":"pa_yazar-yasmina-reza","12":"first","13":"instock","14":"sale","15":"shipping-taxable","16":"purchasable","17":"product-type-simple"},"_links":{"self":[{"href":"https:\/\/roveyayinevi.com.tr\/index.php\/wp-json\/wp\/v2\/product\/724577","targetHints":{"allow":["GET"]}}],"collection":[{"href":"https:\/\/roveyayinevi.com.tr\/index.php\/wp-json\/wp\/v2\/product"}],"about":[{"href":"https:\/\/roveyayinevi.com.tr\/index.php\/wp-json\/wp\/v2\/types\/product"}],"wp:attachment":[{"href":"https:\/\/roveyayinevi.com.tr\/index.php\/wp-json\/wp\/v2\/media?parent=724577"}],"wp:term":[{"taxonomy":"product_brand","embeddable":true,"href":"https:\/\/roveyayinevi.com.tr\/index.php\/wp-json\/wp\/v2\/product_brand?post=724577"},{"taxonomy":"product_cat","embeddable":true,"href":"https:\/\/roveyayinevi.com.tr\/index.php\/wp-json\/wp\/v2\/product_cat?post=724577"},{"taxonomy":"product_tag","embeddable":true,"href":"https:\/\/roveyayinevi.com.tr\/index.php\/wp-json\/wp\/v2\/product_tag?post=724577"}],"curies":[{"name":"wp","href":"https:\/\/api.w.org\/{rel}","templated":true}]}}