{"id":724575,"date":"2025-08-27T19:36:28","date_gmt":"2025-08-27T16:36:28","guid":{"rendered":"https:\/\/roveyayinevi.com.tr\/index.php\/urun\/sevimli-canavarlar-porti-sihirbaz-oluyor\/"},"modified":"2026-04-16T02:32:24","modified_gmt":"2026-04-15T23:32:24","slug":"sevimli-canavarlar-porti-sihirbaz-oluyor","status":"publish","type":"product","link":"https:\/\/roveyayinevi.com.tr\/index.php\/urun\/sevimli-canavarlar-porti-sihirbaz-oluyor\/","title":{"rendered":"Sevimli Canavarlar &#8211; Porti Sihirbaz Oluyor"},"content":{"rendered":"<p>Sevimli Canavarlar\u2019\u0131n en sevdi\u011fi \u015fey nedir, biliyor musunuz? Tabii ki oyun oynamak! Gu\u0308zel bir pazar gu\u0308nu\u0308, Porti, Dodi ile sihirbazc\u0131l\u0131k oynamay\u0131 istiyordu. \u00c7i\u00e7i de oyuna kat\u0131lmak isteyince, i\u015fler birazc\u0131k kar\u0131\u015ft\u0131. Acaba Porti, \u00c7i\u00e7i\u2019nin oyunlar\u0131na kat\u0131lmas\u0131n\u0131 kabul edecek miydi? Birlikte oynaman\u0131n ve payla\u015fman\u0131n gu\u0308zelli\u011fini anlatan e\u011flenceli bir hik\u00e2ye minik okurlar\u0131m\u0131z\u0131 bekliyor! <\/p>\n","protected":false},"excerpt":{"rendered":"<p>Sevimli Canavarlar\u2019\u0131n en sevdi\u011fi \u015fey nedir, biliyor musunuz? Tabii ki oyun oynamak! Gu\u0308zel bir pazar gu\u0308nu\u0308, Porti, Dodi ile sihirbazc\u0131l\u0131k oynamay\u0131 istiyordu. \u00c7i\u00e7i de oyuna kat\u0131lmak<span class=\"excerpt-hellip\"> [\u2026]<\/span><\/p>\n","protected":false},"featured_media":0,"template":"","meta":{"_monsterinsights_skip_tracking":false,"_monsterinsights_sitenote_active":false,"_monsterinsights_sitenote_note":"","_monsterinsights_sitenote_category":0},"product_brand":[],"product_cat":[12913,12274],"product_tag":[],"class_list":{"0":"post-724575","1":"product","2":"type-product","3":"status-publish","5":"product_cat-3-6-yas-kitaplari","6":"product_cat-cocuk-ve-genclik-kitaplari","7":"pa_cilt-ciltsiz","8":"pa_tur-kitap","9":"pa_yayinevi-pearson-cocuk-kitaplari","10":"pa_yazar-caryl-hart-tony-neal","12":"first","13":"instock","14":"sale","15":"shipping-taxable","16":"purchasable","17":"product-type-simple"},"_links":{"self":[{"href":"https:\/\/roveyayinevi.com.tr\/index.php\/wp-json\/wp\/v2\/product\/724575","targetHints":{"allow":["GET"]}}],"collection":[{"href":"https:\/\/roveyayinevi.com.tr\/index.php\/wp-json\/wp\/v2\/product"}],"about":[{"href":"https:\/\/roveyayinevi.com.tr\/index.php\/wp-json\/wp\/v2\/types\/product"}],"wp:attachment":[{"href":"https:\/\/roveyayinevi.com.tr\/index.php\/wp-json\/wp\/v2\/media?parent=724575"}],"wp:term":[{"taxonomy":"product_brand","embeddable":true,"href":"https:\/\/roveyayinevi.com.tr\/index.php\/wp-json\/wp\/v2\/product_brand?post=724575"},{"taxonomy":"product_cat","embeddable":true,"href":"https:\/\/roveyayinevi.com.tr\/index.php\/wp-json\/wp\/v2\/product_cat?post=724575"},{"taxonomy":"product_tag","embeddable":true,"href":"https:\/\/roveyayinevi.com.tr\/index.php\/wp-json\/wp\/v2\/product_tag?post=724575"}],"curies":[{"name":"wp","href":"https:\/\/api.w.org\/{rel}","templated":true}]}}