{"id":724572,"date":"2025-08-27T19:36:26","date_gmt":"2025-08-27T16:36:26","guid":{"rendered":"https:\/\/roveyayinevi.com.tr\/index.php\/urun\/borsadan-korkma-borsa-senden-korksun\/"},"modified":"2026-04-16T02:32:24","modified_gmt":"2026-04-15T23:32:24","slug":"borsadan-korkma-borsa-senden-korksun","status":"publish","type":"product","link":"https:\/\/roveyayinevi.com.tr\/index.php\/urun\/borsadan-korkma-borsa-senden-korksun\/","title":{"rendered":"Borsadan Korkma Borsa Senden Korksun"},"content":{"rendered":"<p>Ben senin, kazand\u0131rabilme ihtimalini sevdim! Borsa\u2026 Kimilerine g\u00f6re bir kumar, kimlerine g\u00f6re yuva y\u0131kan, insanlar\u0131n hayat\u0131n\u0131 karartan bir illet\u2026 \u201c\u0130nsan, bilmedi\u011fi \u015feyden korkar\u201d derler. Herhalde insanlar\u0131n borsa hakk\u0131ndaki fikirlerini en iyi a\u00e7\u0131klayan s\u00f6z bu olsa gerek. Borsa; belki de zenginli\u011fe ve bollu\u011fa eri\u015fmek i\u00e7in, insanl\u0131k tarihi boyunca icat edilmi\u015f en m\u00fckemmel ara\u00e7lardan biridir. E\u011fer onu tan\u0131r, borsa hakk\u0131ndaki \u00f6nyarg\u0131lar\u0131n\u0131zdan kurtulur ve ak\u0131ll\u0131ca kararlar almay\u0131 ba\u015far\u0131rsan\u0131z, hayal bile edemeyece\u011finiz bir bollu\u011fa eri\u015febilirsiniz. Borsa hakk\u0131nda biraz ara\u015ft\u0131rma yaparsan\u0131z; onun di\u011fer hi\u00e7bir yat\u0131r\u0131m arac\u0131yla k\u0131yaslanamayacak bir getiri sa\u011flad\u0131\u011f\u0131n\u0131 g\u00f6rebilirsiniz. Gayrimenkul, alt\u0131n, d\u00f6viz ya da arsa\u2026 E\u011fer ak\u0131ll\u0131ca hamleler yapar ve birazc\u0131k da di\u015finizi s\u0131k\u0131p sabretmeyi ba\u015far\u0131rsan\u0131z, borsa size t\u00fcm bu di\u011fer ara\u00e7lardan \u00e7ok daha fazla kazan\u00e7 sa\u011flayacakt\u0131r. Bu kitap size; k\u0131sa, orta ve uzun vadede en do\u011fru kararlar\u0131 verebilmeniz ve b\u00fcy\u00fck kazan\u00e7lar elde etmeniz i\u00e7in etkili taktikler sunuyor. Ayr\u0131ca sizi kar\u015f\u0131n\u0131za \u00e7\u0131kabilecek tehlikeler kar\u015f\u0131s\u0131nda uyar\u0131yor ve a\u011f\u0131r bedeller \u00f6dememeniz i\u00e7in bilgilendiriyor. Hayat\u0131n\u0131 borsaya adam\u0131\u015f ve borsaya a\u015f\u0131k bir yat\u0131r\u0131m uzman\u0131n\u0131n tavsiyelerine kulak verin. Borsadan korkmay\u0131n! B\u0131rak\u0131n, borsa sizden korksun\u2026 <\/p>\n","protected":false},"excerpt":{"rendered":"<p>Ben senin, kazand\u0131rabilme ihtimalini sevdim! Borsa\u2026 Kimilerine g\u00f6re bir kumar, kimlerine g\u00f6re yuva y\u0131kan, insanlar\u0131n hayat\u0131n\u0131 karartan bir illet\u2026 \u201c\u0130nsan, bilmedi\u011fi \u015feyden korkar\u201d derler. Herhalde insanlar\u0131n<span class=\"excerpt-hellip\"> [\u2026]<\/span><\/p>\n","protected":false},"featured_media":0,"template":"","meta":{"_monsterinsights_skip_tracking":false,"_monsterinsights_sitenote_active":false,"_monsterinsights_sitenote_note":"","_monsterinsights_sitenote_category":0},"product_brand":[],"product_cat":[17249,13043],"product_tag":[],"class_list":{"0":"post-724572","1":"product","2":"type-product","3":"status-publish","5":"product_cat-borsa-finans","6":"product_cat-ekonomi","7":"pa_cilt-ciltsiz","8":"pa_tur-kitap","9":"pa_yayinevi-la-kitap-yayinlari","10":"pa_yazar-ufuk-ozcan","12":"first","13":"instock","14":"sale","15":"shipping-taxable","16":"purchasable","17":"product-type-simple"},"_links":{"self":[{"href":"https:\/\/roveyayinevi.com.tr\/index.php\/wp-json\/wp\/v2\/product\/724572","targetHints":{"allow":["GET"]}}],"collection":[{"href":"https:\/\/roveyayinevi.com.tr\/index.php\/wp-json\/wp\/v2\/product"}],"about":[{"href":"https:\/\/roveyayinevi.com.tr\/index.php\/wp-json\/wp\/v2\/types\/product"}],"wp:attachment":[{"href":"https:\/\/roveyayinevi.com.tr\/index.php\/wp-json\/wp\/v2\/media?parent=724572"}],"wp:term":[{"taxonomy":"product_brand","embeddable":true,"href":"https:\/\/roveyayinevi.com.tr\/index.php\/wp-json\/wp\/v2\/product_brand?post=724572"},{"taxonomy":"product_cat","embeddable":true,"href":"https:\/\/roveyayinevi.com.tr\/index.php\/wp-json\/wp\/v2\/product_cat?post=724572"},{"taxonomy":"product_tag","embeddable":true,"href":"https:\/\/roveyayinevi.com.tr\/index.php\/wp-json\/wp\/v2\/product_tag?post=724572"}],"curies":[{"name":"wp","href":"https:\/\/api.w.org\/{rel}","templated":true}]}}