{"id":724571,"date":"2025-08-27T19:36:25","date_gmt":"2025-08-27T16:36:25","guid":{"rendered":"https:\/\/roveyayinevi.com.tr\/index.php\/urun\/mabet-agaci\/"},"modified":"2026-04-16T02:32:24","modified_gmt":"2026-04-15T23:32:24","slug":"mabet-agaci","status":"publish","type":"product","link":"https:\/\/roveyayinevi.com.tr\/index.php\/urun\/mabet-agaci\/","title":{"rendered":"Mabet A\u011fac\u0131"},"content":{"rendered":"<p>\u00c7ocuk bah\u00e7esindeki d\u00f6nen sandalyeydi, r\u00fczg\u00e2r estik\u00e7e birbirini takip eden, bir de hayallerimiz. Ba\u015f\u0131m\u0131zda kavak yelleri esmese de fena de\u011fildik i\u00e7imize yolculukta. Vize istemeyen hayallere dalmak da \u00e7ok zor de\u011fildi bizim i\u00e7in. Bir de umutlar\u0131m\u0131z vard\u0131, o da ba\u015fka sefere kald\u0131\u2026 <\/p>\n","protected":false},"excerpt":{"rendered":"<p>\u00c7ocuk bah\u00e7esindeki d\u00f6nen sandalyeydi, r\u00fczg\u00e2r estik\u00e7e birbirini takip eden, bir de hayallerimiz. Ba\u015f\u0131m\u0131zda kavak yelleri esmese de fena de\u011fildik i\u00e7imize yolculukta. Vize istemeyen hayallere dalmak da<span class=\"excerpt-hellip\"> [\u2026]<\/span><\/p>\n","protected":false},"featured_media":0,"template":"","meta":{"_monsterinsights_skip_tracking":false,"_monsterinsights_sitenote_active":false,"_monsterinsights_sitenote_note":"","_monsterinsights_sitenote_category":0},"product_brand":[],"product_cat":[12777,12291],"product_tag":[],"class_list":{"0":"post-724571","1":"product","2":"type-product","3":"status-publish","5":"product_cat-deneme","6":"product_cat-edebiyat","7":"pa_cilt-ciltsiz","8":"pa_tur-kitap","9":"pa_yayinevi-la-kitap-yayinlari","10":"pa_yazar-turkan-kaplan","12":"first","13":"instock","14":"sale","15":"shipping-taxable","16":"purchasable","17":"product-type-simple"},"_links":{"self":[{"href":"https:\/\/roveyayinevi.com.tr\/index.php\/wp-json\/wp\/v2\/product\/724571","targetHints":{"allow":["GET"]}}],"collection":[{"href":"https:\/\/roveyayinevi.com.tr\/index.php\/wp-json\/wp\/v2\/product"}],"about":[{"href":"https:\/\/roveyayinevi.com.tr\/index.php\/wp-json\/wp\/v2\/types\/product"}],"wp:attachment":[{"href":"https:\/\/roveyayinevi.com.tr\/index.php\/wp-json\/wp\/v2\/media?parent=724571"}],"wp:term":[{"taxonomy":"product_brand","embeddable":true,"href":"https:\/\/roveyayinevi.com.tr\/index.php\/wp-json\/wp\/v2\/product_brand?post=724571"},{"taxonomy":"product_cat","embeddable":true,"href":"https:\/\/roveyayinevi.com.tr\/index.php\/wp-json\/wp\/v2\/product_cat?post=724571"},{"taxonomy":"product_tag","embeddable":true,"href":"https:\/\/roveyayinevi.com.tr\/index.php\/wp-json\/wp\/v2\/product_tag?post=724571"}],"curies":[{"name":"wp","href":"https:\/\/api.w.org\/{rel}","templated":true}]}}