{"id":724569,"date":"2025-08-27T19:36:23","date_gmt":"2025-08-27T16:36:23","guid":{"rendered":"https:\/\/roveyayinevi.com.tr\/index.php\/urun\/apaydinlik-gelecek\/"},"modified":"2026-04-16T02:32:24","modified_gmt":"2026-04-15T23:32:24","slug":"apaydinlik-gelecek","status":"publish","type":"product","link":"https:\/\/roveyayinevi.com.tr\/index.php\/urun\/apaydinlik-gelecek\/","title":{"rendered":"Apayd\u0131nl\u0131k Gelecek"},"content":{"rendered":"<p>\u0130nsan\u0131, insanl\u0131\u011f\u0131, insanc\u0131ll\u0131\u011f\u0131 savunan yeni ve k\u00f6ktenci bir manifesto. Teknolojiyi, denetimi, g\u00f6zetimi, algoritmik kontrol\u00fc ve zombileri sorgulayan ele\u015ftirel bir deneme. Neoliberalizme, onun kriziyle olu\u015fan bo\u015flu\u011fu insan\u0131 hi\u00e7le\u015ftirerek doldurmaya \u00e7al\u0131\u015fan alternatif sa\u011fa ve otoriter y\u00f6nelimlere kapsaml\u0131 bir itiraz. Zaman\u0131m\u0131z\u0131n en parlak d\u00fc\u015f\u00fcn\u00fcrlerinden biri, Paul Mason, karanl\u0131k ve kasvetli g\u00fcnlerin ortas\u0131nda \u0131\u015f\u0131lt\u0131l\u0131 yar\u0131nlar\u0131n\u0131 ar\u0131yor insan\u0131n. \u0130nsan\u0131n k\u00f6ktenci bir savunusuyla apayd\u0131nl\u0131k bir gelece\u011fi\u2026 G\u00fcncel geli\u015fmeler, olgular, eylemler, tehditler bir yanda, a\u011f\u0131r teorik konular di\u011fer yanda\u2026 bir gazeteci k\u0131vrakl\u0131\u011f\u0131yla kaleme al\u0131yor zorlu kuramsal sorunlar\u0131 Mason. Otoriter, denetimci g\u00fc\u00e7ler kar\u015f\u0131s\u0131nda ne yapmal\u0131? Neoliberal benlik nas\u0131l in\u015fa edildi, nerede \u00e7uvallad\u0131? \u201cOccupy\u201d hareketlerinde, Arap Bahar\u0131\u2019nda, Gezi\u2019de neler ba\u015far\u0131ld\u0131, neler eksik kald\u0131? Yapay zek\u00e2 kar\u015f\u0131s\u0131nda insanl\u0131\u011f\u0131m\u0131z\u0131 nas\u0131l koruyup geli\u015ftirece\u011fiz, denetim toplumuna teslim olmadan insanl\u0131\u011f\u0131n temel de\u011ferlerini nas\u0131l koruyaca\u011f\u0131z? Peki, yapay zek\u00e2n\u0131n denetimi, hangi de\u011ferler sistemine g\u00f6re olmal\u0131? Marksizmin insan do\u011fas\u0131 teorisi bug\u00fcn bir dayanak olabilir mi; kad\u0131nlar\u0131n u\u011frad\u0131\u011f\u0131 \u00f6zg\u00fcl bask\u0131lar, ev i\u00e7i \u00f6denmemi\u015f emek ve ahlak konusunda b\u0131rakt\u0131\u011f\u0131 bo\u015fluklarla i\u015f\u00e7i s\u0131n\u0131f\u0131na bi\u00e7ti\u011fi rol nas\u0131l de\u011ferlendirilmeli? A\u011f ba\u011flant\u0131l\u0131 bireylerin kapitalizmi devirme olanaklar\u0131 ve yeni bir \u201cs\u0131n\u0131f\u201d tart\u0131\u015fmalar\u0131, Marksizmle nas\u0131l ili\u015fkilenmeli? B\u00fct\u00fcn bu sorulara ve daha fazlas\u0131na yan\u0131t arayan, s\u00f6m\u00fcr\u00fcs\u00fcz, e\u015fit, \u00f6zg\u00fcr, apayd\u0131nl\u0131k bir gelece\u011fi arayan zihin a\u00e7\u0131c\u0131 bir \u00e7al\u0131\u015fma. Tam zaman\u0131nda! \u201cNeoliberalizm hakk\u0131nda uzun zamand\u0131r g\u00f6rd\u00fc\u011f\u00fcm en iyi \u00e7\u00f6z\u00fcmleme\u2026 Daha da iyisi, tutkulu ve duru bir anlat\u0131m. Umuyorum ki bir\u00e7ok ki\u015finin zihninde de\u011fi\u015fikli\u011fe yol a\u00e7acak.\u201d \u2013 Philip Pullman 3<\/p>\n","protected":false},"excerpt":{"rendered":"<p>\u0130nsan\u0131, insanl\u0131\u011f\u0131, insanc\u0131ll\u0131\u011f\u0131 savunan yeni ve k\u00f6ktenci bir manifesto. Teknolojiyi, denetimi, g\u00f6zetimi, algoritmik kontrol\u00fc ve zombileri sorgulayan ele\u015ftirel bir deneme. Neoliberalizme, onun kriziyle olu\u015fan bo\u015flu\u011fu insan\u0131<span class=\"excerpt-hellip\"> [\u2026]<\/span><\/p>\n","protected":false},"featured_media":0,"template":"","meta":{"_monsterinsights_skip_tracking":false,"_monsterinsights_sitenote_active":false,"_monsterinsights_sitenote_note":"","_monsterinsights_sitenote_category":0},"product_brand":[],"product_cat":[13590,12337],"product_tag":[],"class_list":{"0":"post-724569","1":"product","2":"type-product","3":"status-publish","5":"product_cat-arastirma-inceleme-politika-siyaset","6":"product_cat-politika-siyaset","7":"pa_cilt-ciltsiz","8":"pa_tur-kitap","9":"pa_yayinevi-yordam-kitap","10":"pa_yazar-paul-mason","12":"first","13":"instock","14":"sale","15":"shipping-taxable","16":"purchasable","17":"product-type-simple"},"_links":{"self":[{"href":"https:\/\/roveyayinevi.com.tr\/index.php\/wp-json\/wp\/v2\/product\/724569","targetHints":{"allow":["GET"]}}],"collection":[{"href":"https:\/\/roveyayinevi.com.tr\/index.php\/wp-json\/wp\/v2\/product"}],"about":[{"href":"https:\/\/roveyayinevi.com.tr\/index.php\/wp-json\/wp\/v2\/types\/product"}],"wp:attachment":[{"href":"https:\/\/roveyayinevi.com.tr\/index.php\/wp-json\/wp\/v2\/media?parent=724569"}],"wp:term":[{"taxonomy":"product_brand","embeddable":true,"href":"https:\/\/roveyayinevi.com.tr\/index.php\/wp-json\/wp\/v2\/product_brand?post=724569"},{"taxonomy":"product_cat","embeddable":true,"href":"https:\/\/roveyayinevi.com.tr\/index.php\/wp-json\/wp\/v2\/product_cat?post=724569"},{"taxonomy":"product_tag","embeddable":true,"href":"https:\/\/roveyayinevi.com.tr\/index.php\/wp-json\/wp\/v2\/product_tag?post=724569"}],"curies":[{"name":"wp","href":"https:\/\/api.w.org\/{rel}","templated":true}]}}