{"id":724568,"date":"2025-08-27T19:36:23","date_gmt":"2025-08-27T16:36:23","guid":{"rendered":"https:\/\/roveyayinevi.com.tr\/index.php\/urun\/leninden-anilar\/"},"modified":"2026-04-16T02:32:24","modified_gmt":"2026-04-15T23:32:24","slug":"leninden-anilar","status":"publish","type":"product","link":"https:\/\/roveyayinevi.com.tr\/index.php\/urun\/leninden-anilar\/","title":{"rendered":"Lenin\u2019den An\u0131lar"},"content":{"rendered":"<p>En yak\u0131ndan bir Lenin portresi&#8230; Ya\u015fam boyu s\u00fcren m\u00fccadelenin, en zorlu karar anlar\u0131n\u0131n, en keskin kavgalar\u0131n, en sa\u011flam dostluklar\u0131n tan\u0131kl\u0131\u011f\u0131. Yeralt\u0131 ko\u015fullar\u0131, s\u00fcrg\u00fcn ko\u015fullar\u0131, devrim ko\u015fullar\u0131, kar\u015f\u0131devrimcilerle \u00e7at\u0131\u015fma ve i\u00e7 sava\u015f ko\u015fullar\u0131\u2026 Bunca zorlu \u015fartlar alt\u0131nda birka\u00e7 g\u00fcnl\u00fck bir ka\u00e7amak, orman\u0131n derinlerine bir seyahat, nehir kenar\u0131nda bir ak\u015fam y\u00fcr\u00fcy\u00fc\u015f\u00fc, k\u0131sa bir bisiklet turu, bir el satran\u00e7, Zola ya da \u00c7erni\u015fevski hakk\u0131nda derinlemesine bir sohbet, soluklanma anlar\u0131\u2026 Nadejda Krupskaya\u2019n\u0131n, yirminci y\u00fczy\u0131la \u015fekil veren o b\u00fcy\u00fck tarihsel d\u00f6n\u00fc\u015f\u00fcm\u00fcn tam ortas\u0131ndan \u00e7\u0131k\u0131p gelen, Devrim\u2019in ve Lenin\u2019in o e\u015fsiz anlar\u0131n\u0131 yans\u0131tan s\u00fcr\u00fckleyici an\u0131lar\u0131. Soluk solu\u011fa bir roman tad\u0131nda ak\u0131p giden bir ya\u015fam \u00f6yk\u00fcs\u00fc, daha do\u011frusu, bir de\u011fil bir\u00e7ok ya\u015fam\u0131n \u00f6yk\u00fcs\u00fc bu. \u00d6nderlerin, s\u0131ra neferlerinin, i\u015f\u00e7ilerin, k\u00f6yl\u00fclerin, askerlerin, e\u011fitimcilerin, \u00f6\u011frencilerin, ev sahiplerinin, kom\u015fu kirac\u0131lar\u0131n, yolda\u015flar\u0131n, ajanlar\u0131n, d\u00f6neklerin, hainlerin\u2026 Sibirya\u2019da \u015eu\u015fonskeye k\u00f6y\u00fcnde, yurtd\u0131\u015f\u0131nda Cenevre, Krakow ve Paris\u2019te, Rusya\u2019da Petrograd ve Moskova\u2019da, Parti kongrelerinde ya da Enternasyonal konferanslar\u0131nda, sert tart\u0131\u015fma ve ayr\u0131\u015fmalar\u0131n ortas\u0131nda, fabrikadaki i\u015f\u00e7ilerin, cepheye giden askerlerin, meydanlara dolan kitlelerin huzurunda, Gapon\u2019un, Rosa\u2019n\u0131n, Buharin\u2019in, Gorki\u2019nin, \u0130nessa\u2019n\u0131n, Sverdlov\u2019un, Tro\u00e7ki\u2019nin, Stalin\u2019in ve her daim Nadejda\u2019n\u0131n yan\u0131nda \u00e7izilen bir Lenin portresi bu: \u201cHareketi geriye \u00e7eken bir konumda olduklar\u0131n\u0131 g\u00f6rd\u00fc\u011f\u00fcnde h\u00e2l\u00e2 en yak\u0131n arkada\u015flar\u0131yla bozu\u015fabilir, dava i\u00e7in gerekliyse daha d\u00fcn has\u0131m oldu\u011fu birine al\u00e7akg\u00f6n\u00fcll\u00fc bir yolda\u015fl\u0131kla yakla\u015f\u0131r ve s\u00f6ylemesi gerekeni, her zaman yapt\u0131\u011f\u0131 gibi, a\u00e7\u0131k\u00e7a ve d\u00fcr\u00fcst\u00e7e s\u00f6ylerdi. Do\u011faya, baharda ormanlara, da\u011f yollar\u0131 ve g\u00f6llerine, b\u00fcy\u00fck \u015fehirlerin g\u00fcr\u00fclt\u00fcs\u00fcne ve i\u015f\u00e7i s\u0131n\u0131f\u0131 kalabal\u0131klar\u0131na her zaman d\u00fc\u015fk\u00fcn ve hayrand\u0131; yolda\u015flar\u0131n\u0131, m\u00fccadeleyi, hareketi ve her y\u00f6n\u00fcyle hayat\u0131 seviyordu.\u201d <\/p>\n","protected":false},"excerpt":{"rendered":"<p>En yak\u0131ndan bir Lenin portresi&#8230; Ya\u015fam boyu s\u00fcren m\u00fccadelenin, en zorlu karar anlar\u0131n\u0131n, en keskin kavgalar\u0131n, en sa\u011flam dostluklar\u0131n tan\u0131kl\u0131\u011f\u0131. Yeralt\u0131 ko\u015fullar\u0131, s\u00fcrg\u00fcn ko\u015fullar\u0131, devrim ko\u015fullar\u0131,<span class=\"excerpt-hellip\"> [\u2026]<\/span><\/p>\n","protected":false},"featured_media":0,"template":"","meta":{"_monsterinsights_skip_tracking":false,"_monsterinsights_sitenote_active":false,"_monsterinsights_sitenote_note":"","_monsterinsights_sitenote_category":0},"product_brand":[],"product_cat":[13590,12337],"product_tag":[],"class_list":{"0":"post-724568","1":"product","2":"type-product","3":"status-publish","5":"product_cat-arastirma-inceleme-politika-siyaset","6":"product_cat-politika-siyaset","7":"pa_cilt-ciltsiz","8":"pa_tur-kitap","9":"pa_yayinevi-yordam-kitap","10":"pa_yazar-nadejda-krupskaya","12":"first","13":"instock","14":"sale","15":"shipping-taxable","16":"purchasable","17":"product-type-simple"},"_links":{"self":[{"href":"https:\/\/roveyayinevi.com.tr\/index.php\/wp-json\/wp\/v2\/product\/724568","targetHints":{"allow":["GET"]}}],"collection":[{"href":"https:\/\/roveyayinevi.com.tr\/index.php\/wp-json\/wp\/v2\/product"}],"about":[{"href":"https:\/\/roveyayinevi.com.tr\/index.php\/wp-json\/wp\/v2\/types\/product"}],"wp:attachment":[{"href":"https:\/\/roveyayinevi.com.tr\/index.php\/wp-json\/wp\/v2\/media?parent=724568"}],"wp:term":[{"taxonomy":"product_brand","embeddable":true,"href":"https:\/\/roveyayinevi.com.tr\/index.php\/wp-json\/wp\/v2\/product_brand?post=724568"},{"taxonomy":"product_cat","embeddable":true,"href":"https:\/\/roveyayinevi.com.tr\/index.php\/wp-json\/wp\/v2\/product_cat?post=724568"},{"taxonomy":"product_tag","embeddable":true,"href":"https:\/\/roveyayinevi.com.tr\/index.php\/wp-json\/wp\/v2\/product_tag?post=724568"}],"curies":[{"name":"wp","href":"https:\/\/api.w.org\/{rel}","templated":true}]}}