{"id":724567,"date":"2025-08-27T19:36:22","date_gmt":"2025-08-27T16:36:22","guid":{"rendered":"https:\/\/roveyayinevi.com.tr\/index.php\/urun\/21-yuzyilda-turkiye-cografya-arastirmalari\/"},"modified":"2026-04-16T02:32:24","modified_gmt":"2026-04-15T23:32:24","slug":"21-yuzyilda-turkiye-cografya-arastirmalari","status":"publish","type":"product","link":"https:\/\/roveyayinevi.com.tr\/index.php\/urun\/21-yuzyilda-turkiye-cografya-arastirmalari\/","title":{"rendered":"21. Y\u00fczy\u0131lda T\u00fcrkiye Co\u011frafya Ara\u015ft\u0131rmalar\u0131"},"content":{"rendered":"<p>\u0130\u00e7indekiler 1.      T\u00fcrkiye\u2019de Co\u011frafyac\u0131lar\u0131n \u0130hmal Etti\u011fi Bir Alan : Etik 2.      Otlaklar\u0131n \u0130zlenmesinde Hiperspektral Uzaktan Alg\u0131lama : De\u011fi\u015fen Bilgi Boyutlar\u0131, \u00d6l\u00e7me Y\u00f6ntemleri ve \u00d6l\u00e7\u00fclen Temel Parametreler 3.      Akdeniz B\u00f6lgesinin Geoistatistik Analizlerle Ya\u011f\u0131\u015f ve S\u0131cakl\u0131k Haritalar\u0131n\u0131n Olu\u015fturulmas\u0131 4.      K\u0131rsal Turizmin Geli\u015ftirilmesi Hakk\u0131nda Yerel Halk\u0131n Tutumu : Salihli (Manisa) \u00d6rne\u011fi 5.      Manisa \u0130linde Ar\u0131c\u0131l\u0131\u011f\u0131n Co\u011frafi Da\u011f\u0131l\u0131\u015f\u0131 6.      Toplumsal De\u011fi\u015fimde \u00dcniversite-Kent Etkile\u015fiminin Rolu : Adnan Menderes \u00dcniversitesi \u00d6rne\u011fi 7.      Akhisar \u0130l\u00e7esi\u2019ndeki Yeradlar\u0131n\u0131n T\u00fcrleri 8.      \u0130brahim M\u00fcteferrika Matbaas\u0131nda Bas\u0131lan Eserlerin Co\u011frafi Bak\u0131\u015f A\u00e7\u0131s\u0131ndan \u0130ncelenmesi 9.      K\u0131rsal Turizmde Yerel Kaynaj Kullan\u0131m\u0131n\u0131n Karaburun Yar\u0131madas\u0131 \u00d6zelinde \u0130ncelenmesi 10.  Kastamonu ve \u00c7evreseinin \u0130klim S\u0131n\u0131fland\u0131rmalar\u0131ndaki Yeri 11.  Co\u011frafya B\u00f6l\u00fcm\u00fc \u00d6\u011frencilerinin Baz\u0131 \u00dclke ve B\u00f6lgelere \u0130li\u015fkin Bili\u015fsel Yap\u0131lar\u0131n\u0131n \u0130ncelenmesi 12.  Ardahan \u0130linin \u0130dari Co\u011frafya Analizi <\/p>\n","protected":false},"excerpt":{"rendered":"<p>\u0130\u00e7indekiler 1. T\u00fcrkiye\u2019de Co\u011frafyac\u0131lar\u0131n \u0130hmal Etti\u011fi Bir Alan : Etik 2. Otlaklar\u0131n \u0130zlenmesinde Hiperspektral Uzaktan Alg\u0131lama : De\u011fi\u015fen Bilgi Boyutlar\u0131, \u00d6l\u00e7me Y\u00f6ntemleri ve \u00d6l\u00e7\u00fclen Temel Parametreler<span class=\"excerpt-hellip\"> [\u2026]<\/span><\/p>\n","protected":false},"featured_media":0,"template":"","meta":{"_monsterinsights_skip_tracking":false,"_monsterinsights_sitenote_active":false,"_monsterinsights_sitenote_note":"","_monsterinsights_sitenote_category":0},"product_brand":[],"product_cat":[12573,12566],"product_tag":[],"class_list":{"0":"post-724567","1":"product","2":"type-product","3":"status-publish","5":"product_cat-akademik-kitaplar","6":"product_cat-egitim","7":"pa_cilt-ciltsiz","8":"pa_tur-kitap","9":"pa_yayinevi-gazi-kitabevi","10":"pa_yazar-ferdi-akbas-evren-atis","12":"first","13":"instock","14":"sale","15":"shipping-taxable","16":"purchasable","17":"product-type-simple"},"_links":{"self":[{"href":"https:\/\/roveyayinevi.com.tr\/index.php\/wp-json\/wp\/v2\/product\/724567","targetHints":{"allow":["GET"]}}],"collection":[{"href":"https:\/\/roveyayinevi.com.tr\/index.php\/wp-json\/wp\/v2\/product"}],"about":[{"href":"https:\/\/roveyayinevi.com.tr\/index.php\/wp-json\/wp\/v2\/types\/product"}],"wp:attachment":[{"href":"https:\/\/roveyayinevi.com.tr\/index.php\/wp-json\/wp\/v2\/media?parent=724567"}],"wp:term":[{"taxonomy":"product_brand","embeddable":true,"href":"https:\/\/roveyayinevi.com.tr\/index.php\/wp-json\/wp\/v2\/product_brand?post=724567"},{"taxonomy":"product_cat","embeddable":true,"href":"https:\/\/roveyayinevi.com.tr\/index.php\/wp-json\/wp\/v2\/product_cat?post=724567"},{"taxonomy":"product_tag","embeddable":true,"href":"https:\/\/roveyayinevi.com.tr\/index.php\/wp-json\/wp\/v2\/product_tag?post=724567"}],"curies":[{"name":"wp","href":"https:\/\/api.w.org\/{rel}","templated":true}]}}