{"id":724565,"date":"2025-08-27T19:36:21","date_gmt":"2025-08-27T16:36:21","guid":{"rendered":"https:\/\/roveyayinevi.com.tr\/index.php\/urun\/afyonkarahisar-kultur-turizmi\/"},"modified":"2026-04-16T02:32:24","modified_gmt":"2026-04-15T23:32:24","slug":"afyonkarahisar-kultur-turizmi","status":"publish","type":"product","link":"https:\/\/roveyayinevi.com.tr\/index.php\/urun\/afyonkarahisar-kultur-turizmi\/","title":{"rendered":"Afyonkarahisar K\u00fclt\u00fcr Turizmi"},"content":{"rendered":"<p>\u0130\u00e7indekiler 1.      Afyonkarahisar\u0131n Co\u011frafi-Tarihi ve Sosyo-Ekonomik Yap\u0131s\u0131 1.1   Co\u011frafi Konum 1.2   Tarihi 1.3   Sosyo-Ekonomik Yap\u0131 1.4   Turizm 1.5   K\u00fclt\u00fcr Turizmi 2.      Afyonkarahisar K\u00fclt\u00fcr Turizmi De\u011ferleri 2.1   Somut K\u00fclt\u00fcrel De\u011ferler a. Sanatsal Tarihi Yerler ve Sit Alanlar\u0131 b.Do\u011fal G\u00fczellikleri ve Rekreasyon Alanlar\u0131 2.2   Somut Olmayan K\u00fclt\u00fcrel Miras a. K\u00fclt\u00fcrel \u0130lgiye Y\u00f6nelik \u0130nsan Faaliyetleri b.El Sanatlar\u0131<\/p>\n","protected":false},"excerpt":{"rendered":"<p>\u0130\u00e7indekiler 1. Afyonkarahisar\u0131n Co\u011frafi-Tarihi ve Sosyo-Ekonomik Yap\u0131s\u0131 1.1 Co\u011frafi Konum 1.2 Tarihi 1.3 Sosyo-Ekonomik Yap\u0131 1.4 Turizm 1.5 K\u00fclt\u00fcr Turizmi 2. Afyonkarahisar K\u00fclt\u00fcr Turizmi De\u011ferleri 2.1<span class=\"excerpt-hellip\"> [\u2026]<\/span><\/p>\n","protected":false},"featured_media":0,"template":"","meta":{"_monsterinsights_skip_tracking":false,"_monsterinsights_sitenote_active":false,"_monsterinsights_sitenote_note":"","_monsterinsights_sitenote_category":0},"product_brand":[],"product_cat":[12370,12304],"product_tag":[],"class_list":{"0":"post-724565","1":"product","2":"type-product","3":"status-publish","5":"product_cat-arastirma-inceleme","6":"product_cat-tarih","7":"pa_cilt-ciltsiz","8":"pa_tur-kitap","9":"pa_yayinevi-gazi-kitabevi","10":"pa_yazar-kolektif","12":"first","13":"instock","14":"sale","15":"shipping-taxable","16":"purchasable","17":"product-type-simple"},"_links":{"self":[{"href":"https:\/\/roveyayinevi.com.tr\/index.php\/wp-json\/wp\/v2\/product\/724565","targetHints":{"allow":["GET"]}}],"collection":[{"href":"https:\/\/roveyayinevi.com.tr\/index.php\/wp-json\/wp\/v2\/product"}],"about":[{"href":"https:\/\/roveyayinevi.com.tr\/index.php\/wp-json\/wp\/v2\/types\/product"}],"wp:attachment":[{"href":"https:\/\/roveyayinevi.com.tr\/index.php\/wp-json\/wp\/v2\/media?parent=724565"}],"wp:term":[{"taxonomy":"product_brand","embeddable":true,"href":"https:\/\/roveyayinevi.com.tr\/index.php\/wp-json\/wp\/v2\/product_brand?post=724565"},{"taxonomy":"product_cat","embeddable":true,"href":"https:\/\/roveyayinevi.com.tr\/index.php\/wp-json\/wp\/v2\/product_cat?post=724565"},{"taxonomy":"product_tag","embeddable":true,"href":"https:\/\/roveyayinevi.com.tr\/index.php\/wp-json\/wp\/v2\/product_tag?post=724565"}],"curies":[{"name":"wp","href":"https:\/\/api.w.org\/{rel}","templated":true}]}}