{"id":724563,"date":"2025-08-27T19:36:20","date_gmt":"2025-08-27T16:36:20","guid":{"rendered":"https:\/\/roveyayinevi.com.tr\/index.php\/urun\/ankaranin-son-nefesi-imrahor\/"},"modified":"2026-04-16T02:32:24","modified_gmt":"2026-04-15T23:32:24","slug":"ankaranin-son-nefesi-imrahor","status":"publish","type":"product","link":"https:\/\/roveyayinevi.com.tr\/index.php\/urun\/ankaranin-son-nefesi-imrahor\/","title":{"rendered":"Ankara&#8217;n\u0131n Son Nefesi \u0130mrahor"},"content":{"rendered":"<p>\u0130\u00e7indekiler 1.      Giri\u015f 1.1   Ama\u00e7 ve Kapsam 1.2   Ara\u015ft\u0131rma Probleminin Gerek\u00e7esi 1.3   \u00c7al\u0131\u015fman\u0131n Y\u00f6ntemi 2.      Kentsel D\u00f6n\u00fc\u015f\u00fcmdeki Kavramsal \u00c7er\u00e7eve 2.1   Kentsel D\u00f6n\u00fc\u015f\u00fcm\u00fcn Tan\u0131m\u0131, Ama\u00e7lar\u0131 ve T\u00fcrleri 2.2   T\u00fcrkiye\u2019de Kentsel D\u00f6n\u00fc\u015f\u00fcm\u00fcn Geli\u015fimi 2.3   Kentsel D\u00f6n\u00fc\u015f\u00fcm\u00fcn Yasal ve Y\u00f6netsel \u00c7er\u00e7evesi 3.      Ankara Naz\u0131m \u0130mar Planlar\u0131nda Kentin Kimli\u011fi ve Do\u011fal Alanlara \u0130li\u015fkin Getirilen Kararlar 3.1   Ankara\u2019n\u0131n Planlar\u0131 3.2   Ankara Makro Planlar\u0131nda Ye\u015fik Ku\u015fak ve \u0130mrahor Vadisi\u2019nin Yeri, Konumuna \u0130li\u015fkin De\u011ferlendirmeler 4.      Ankara\u2019da Vadi ve Akarsu Sistemleri \u0130\u00e7inde \u0130mrahor Vadisi\u2019nin Yeri ve Konumu 4.1   Ankara\u2019n\u0131n Vadileri 4.2   Ankara\u2019n\u0131n Akarsu ve Dereleri 5.      \u0130mrahor Vadisi 5.1   Tarih \u0130\u00e7inde, Eski Haritalarda Mogan-Eymir-\u0130mrahor Vadisi, Yeri ve \u00c7evresel \u0130li\u015fkileri 5.2   \u0130mrahor Vadisi ve \u00c7evresinde Arazi Kullan\u0131m\u0131, Do\u011fal Ya\u015fam ve Koruma Alan\u0131 5.3   Rantsel Kentsel D\u00f6n\u00fc\u015f\u00fcm ile yol Olan \u0130mrahor Vadisi 6.      De\u011ferlendirme ve Sonu\u00e7lar 6.1   De\u011ferlendirme 6.2   Sonu\u00e7lar <\/p>\n","protected":false},"excerpt":{"rendered":"<p>\u0130\u00e7indekiler 1. Giri\u015f 1.1 Ama\u00e7 ve Kapsam 1.2 Ara\u015ft\u0131rma Probleminin Gerek\u00e7esi 1.3 \u00c7al\u0131\u015fman\u0131n Y\u00f6ntemi 2. Kentsel D\u00f6n\u00fc\u015f\u00fcmdeki Kavramsal \u00c7er\u00e7eve 2.1 Kentsel D\u00f6n\u00fc\u015f\u00fcm\u00fcn Tan\u0131m\u0131, Ama\u00e7lar\u0131 ve T\u00fcrleri<span class=\"excerpt-hellip\"> [\u2026]<\/span><\/p>\n","protected":false},"featured_media":0,"template":"","meta":{"_monsterinsights_skip_tracking":false,"_monsterinsights_sitenote_active":false,"_monsterinsights_sitenote_note":"","_monsterinsights_sitenote_category":0},"product_brand":[],"product_cat":[12767,12324],"product_tag":[],"class_list":{"0":"post-724563","1":"product","2":"type-product","3":"status-publish","5":"product_cat-kentlesme-modernlesme","6":"product_cat-sosyoloji","7":"pa_cilt-ciltsiz","8":"pa_tur-kitap","9":"pa_yayinevi-gazi-kitabevi","10":"pa_yazar-oznur-aytekin","12":"first","13":"instock","14":"sale","15":"shipping-taxable","16":"purchasable","17":"product-type-simple"},"_links":{"self":[{"href":"https:\/\/roveyayinevi.com.tr\/index.php\/wp-json\/wp\/v2\/product\/724563","targetHints":{"allow":["GET"]}}],"collection":[{"href":"https:\/\/roveyayinevi.com.tr\/index.php\/wp-json\/wp\/v2\/product"}],"about":[{"href":"https:\/\/roveyayinevi.com.tr\/index.php\/wp-json\/wp\/v2\/types\/product"}],"wp:attachment":[{"href":"https:\/\/roveyayinevi.com.tr\/index.php\/wp-json\/wp\/v2\/media?parent=724563"}],"wp:term":[{"taxonomy":"product_brand","embeddable":true,"href":"https:\/\/roveyayinevi.com.tr\/index.php\/wp-json\/wp\/v2\/product_brand?post=724563"},{"taxonomy":"product_cat","embeddable":true,"href":"https:\/\/roveyayinevi.com.tr\/index.php\/wp-json\/wp\/v2\/product_cat?post=724563"},{"taxonomy":"product_tag","embeddable":true,"href":"https:\/\/roveyayinevi.com.tr\/index.php\/wp-json\/wp\/v2\/product_tag?post=724563"}],"curies":[{"name":"wp","href":"https:\/\/api.w.org\/{rel}","templated":true}]}}