{"id":724562,"date":"2025-08-27T19:36:19","date_gmt":"2025-08-27T16:36:19","guid":{"rendered":"https:\/\/roveyayinevi.com.tr\/index.php\/urun\/sosyal-politikada-guncel-gelismeler-dezavantajli-gruplar\/"},"modified":"2026-04-16T02:32:24","modified_gmt":"2026-04-15T23:32:24","slug":"sosyal-politikada-guncel-gelismeler-dezavantajli-gruplar","status":"publish","type":"product","link":"https:\/\/roveyayinevi.com.tr\/index.php\/urun\/sosyal-politikada-guncel-gelismeler-dezavantajli-gruplar\/","title":{"rendered":"Sosyal Politikada G\u00fcncel Geli\u015fmeler &#8211; Dezavantajl\u0131 Gruplar"},"content":{"rendered":"<p>\u0130\u00e7indekiler 1.      T\u00fcrkiye Emek Piyasas\u0131 ve Politikalar\u0131nda Gen\u00e7 \u0130\u015fg\u00fcc\u00fc : F\u0131rsatlar ve Tehditler 2.      Kad\u0131n \u0130stihdam\u0131n\u0131 Yeniden D\u00fc\u015f\u00fcnmek 3.      T\u00fcrkiye\u2019de \u00c7ocuk \u0130\u015f\u00e7ili\u011fi Meselesi ve M\u00fccadele Uygulamalar\u0131 4.      Sosyal Bir Mesafe Olarak Ya\u015fl\u0131l\u0131k ve T\u00fcrkiye\u2019deki Sosyal Politika Uygulamalar\u0131 5.      Dezavantajl\u0131 Grup G\u00f6\u00e7menler : GSYH-G\u00f6\u00e7menler \u0130li\u015fkisinin T\u00fcrkiye\u2019deki Ekonomik Boyutu 6.      Sosyal Politika Akt\u00f6r\u00fc Olarak Devletin T\u00fcrkiye\u2019de Engellilerin \u0130stihdam\u0131na Y\u00f6nelik Faaliyetlerinin De\u011ferlendirilmesi 7.      \u00dcst-Orta Gelirli \u00dclkelerde Yoksullukla Dolayl\u0131 M\u00fccadele Politikalar\u0131 <\/p>\n","protected":false},"excerpt":{"rendered":"<p>\u0130\u00e7indekiler 1. T\u00fcrkiye Emek Piyasas\u0131 ve Politikalar\u0131nda Gen\u00e7 \u0130\u015fg\u00fcc\u00fc : F\u0131rsatlar ve Tehditler 2. Kad\u0131n \u0130stihdam\u0131n\u0131 Yeniden D\u00fc\u015f\u00fcnmek 3. T\u00fcrkiye\u2019de \u00c7ocuk \u0130\u015f\u00e7ili\u011fi Meselesi ve M\u00fccadele Uygulamalar\u0131<span class=\"excerpt-hellip\"> [\u2026]<\/span><\/p>\n","protected":false},"featured_media":0,"template":"","meta":{"_monsterinsights_skip_tracking":false,"_monsterinsights_sitenote_active":false,"_monsterinsights_sitenote_note":"","_monsterinsights_sitenote_category":0},"product_brand":[],"product_cat":[20333,13043],"product_tag":[],"class_list":{"0":"post-724562","1":"product","2":"type-product","3":"status-publish","5":"product_cat-diger-ekonomi","6":"product_cat-ekonomi","7":"pa_cilt-ciltsiz","8":"pa_tur-kitap","9":"pa_yayinevi-gazi-kitabevi","10":"pa_yazar-osman-akgul","12":"first","13":"instock","14":"sale","15":"shipping-taxable","16":"purchasable","17":"product-type-simple"},"_links":{"self":[{"href":"https:\/\/roveyayinevi.com.tr\/index.php\/wp-json\/wp\/v2\/product\/724562","targetHints":{"allow":["GET"]}}],"collection":[{"href":"https:\/\/roveyayinevi.com.tr\/index.php\/wp-json\/wp\/v2\/product"}],"about":[{"href":"https:\/\/roveyayinevi.com.tr\/index.php\/wp-json\/wp\/v2\/types\/product"}],"wp:attachment":[{"href":"https:\/\/roveyayinevi.com.tr\/index.php\/wp-json\/wp\/v2\/media?parent=724562"}],"wp:term":[{"taxonomy":"product_brand","embeddable":true,"href":"https:\/\/roveyayinevi.com.tr\/index.php\/wp-json\/wp\/v2\/product_brand?post=724562"},{"taxonomy":"product_cat","embeddable":true,"href":"https:\/\/roveyayinevi.com.tr\/index.php\/wp-json\/wp\/v2\/product_cat?post=724562"},{"taxonomy":"product_tag","embeddable":true,"href":"https:\/\/roveyayinevi.com.tr\/index.php\/wp-json\/wp\/v2\/product_tag?post=724562"}],"curies":[{"name":"wp","href":"https:\/\/api.w.org\/{rel}","templated":true}]}}