{"id":724561,"date":"2025-08-27T19:36:18","date_gmt":"2025-08-27T16:36:18","guid":{"rendered":"https:\/\/roveyayinevi.com.tr\/index.php\/urun\/gecmisten-gunumuze-tarih-arastirmalari\/"},"modified":"2026-04-16T02:32:24","modified_gmt":"2026-04-15T23:32:24","slug":"gecmisten-gunumuze-tarih-arastirmalari","status":"publish","type":"product","link":"https:\/\/roveyayinevi.com.tr\/index.php\/urun\/gecmisten-gunumuze-tarih-arastirmalari\/","title":{"rendered":"Ge\u00e7mi\u015ften G\u00fcn\u00fcm\u00fcze Tarih Ara\u015ft\u0131rmalar\u0131"},"content":{"rendered":"<p>\u0130\u00e7indekiler 1.      Tarihi S\u00fcre\u00e7te Ana Hatlar\u0131 ile T\u00fcrk-Macar Siyasi \u0130li\u015fkileri 2.      Ar\u015fiv Belgeleri I\u015f\u0131\u011f\u0131nda Mu\u011fla Halkevi ve Faaliyetleri 3.      Osmanl\u0131 Ordusu\u2019nda K\u0131lavuz Kullan\u0131m\u0131na Genel Bir Bak\u0131\u015f (XVIII. Y\u00fczy\u0131l\u0131n Ortalar\u0131ndan XIX. Y\u00fczy\u0131l\u0131n Ba\u015flar\u0131na Kadar) 4.      Kilise\u2019nin Cesur D\u00fc\u015fmanlar\u0131 : Heretikler 5.      Sultan II. Mahmud\u2019un Ba\u015f \u0130kbali H\u00fcsn\u00fc Melek Han\u0131m\u2019\u0131n K\u0131ymetli Mallar\u0131 \u00dczerine Bir De\u011ferlendirme 6.      Arkeolojik Ara\u015ft\u0131rmalarda Kurumsal Devlet Kimli\u011finin Kent Mimari Silueti \u00dczerindeki Etkilerine Bir \u00d6rnek : Urartu Kale Kentleri 7.      So\u011fuk Sava\u015f Sonras\u0131nda T\u00fcrk-Macar Siyasi ve Ekonomik \u0130li\u015fkileri 8.      Osmanl\u0131 Devletin\u2019nde Muhacir Uyu\u015fmazl\u0131klar\u0131 (XIX. Y\u00fczy\u0131l Bolu \u00d6rne\u011fi) 9.      Tarihi Co\u011frafyan\u0131n \u00d6\u011fretimi A\u00e7\u0131s\u0131ndan Haritalar\u0131n \u00d6nemine Bir \u00d6rnek : \u0130bn\u00fc\u2019l Cevad Efdaleddin\u2019e G\u00f6re Osmanl\u0131 Tarihi Haritalar\u0131 10.  \u0130ttihat\u00e7\u0131lar\u0131n \u0130ran Me\u015frutiyetindeki Rol\u00fc 11.  Hobbes, Fromm, Homo Homini Lupus ve Sald\u0131rgan \u0130nsan Do\u011fas\u0131 12.  18. Y\u00fczy\u0131l Osmanl\u0131 Donanmas\u0131nda M\u00fcrettebat \u00dccretlerine Genel Bak\u0131\u015f 13.  K\u0131z\u0131lcap\u0131nar Definesi\u2019ndeki D\u00fczensiz ve Nadir Sikkeler 14.  Hurufat Defterleri\u2019nde Yer Alan Ad\u0131yaman ile \u0130lgili Vakfiye Hulasalar\u0131 (539, 567, 1096 Numaral\u0131 Defterler) 15.  G\u00fc\u00e7l\u00fc Bir \u0130\u015fbirli\u011finden Yeni Bir Disipline : Tarihi Co\u011frafya 16.  Bir Arap A\u015firetinin XX. Y\u00fczy\u0131l\u0131n \u0130lk \u00c7eyre\u011finde Irak, Suriye ve Anadolu \u00dc\u00e7geninde \u0130cra Etti\u011fi Faaliyetler ve Osmanl\u0131 Devletinin Bu Faaliyetler Kar\u015f\u0131s\u0131ndaki Tutumu : \u015eammar A\u015fireti Ba\u011flam\u0131nda Devletin A\u015firetlerle \u0130mtihan\u0131 \u00dczerine Bir \u00c7al\u0131\u015fma 17.  Prag Maslahag\u00fczar\u0131 Mehmet Cevad (A\u00e7\u0131kal\u0131n)\u0131n Raporu\u2019na G\u00f6re \u00c7ekoslovakya Siyasi Partileri 18.  Kutadgu Bilig\u2019deki Tiyatro Unsurlar\u0131 19.  II. Me\u015frutiyet\u2019in kabul\u00fcn\u00fcn \u0130ngiliz Belgelerine Yans\u0131mas\u0131 20.  Frans\u0131z Manda Himayesinden Ba\u011f\u0131ms\u0131zl\u0131k ve Sonras\u0131 Buhranlar D\u00f6nemi L\u00fcbnan <\/p>\n","protected":false},"excerpt":{"rendered":"<p>\u0130\u00e7indekiler 1. Tarihi S\u00fcre\u00e7te Ana Hatlar\u0131 ile T\u00fcrk-Macar Siyasi \u0130li\u015fkileri 2. Ar\u015fiv Belgeleri I\u015f\u0131\u011f\u0131nda Mu\u011fla Halkevi ve Faaliyetleri 3. Osmanl\u0131 Ordusu\u2019nda K\u0131lavuz Kullan\u0131m\u0131na Genel Bir Bak\u0131\u015f<span class=\"excerpt-hellip\"> [\u2026]<\/span><\/p>\n","protected":false},"featured_media":0,"template":"","meta":{"_monsterinsights_skip_tracking":false,"_monsterinsights_sitenote_active":false,"_monsterinsights_sitenote_note":"","_monsterinsights_sitenote_category":0},"product_brand":[],"product_cat":[12370,12304],"product_tag":[],"class_list":{"0":"post-724561","1":"product","2":"type-product","3":"status-publish","5":"product_cat-arastirma-inceleme","6":"product_cat-tarih","7":"pa_cilt-ciltsiz","8":"pa_tur-kitap","9":"pa_yayinevi-gazi-kitabevi","10":"pa_yazar-mutlu-adak","12":"first","13":"instock","14":"sale","15":"shipping-taxable","16":"purchasable","17":"product-type-simple"},"_links":{"self":[{"href":"https:\/\/roveyayinevi.com.tr\/index.php\/wp-json\/wp\/v2\/product\/724561","targetHints":{"allow":["GET"]}}],"collection":[{"href":"https:\/\/roveyayinevi.com.tr\/index.php\/wp-json\/wp\/v2\/product"}],"about":[{"href":"https:\/\/roveyayinevi.com.tr\/index.php\/wp-json\/wp\/v2\/types\/product"}],"wp:attachment":[{"href":"https:\/\/roveyayinevi.com.tr\/index.php\/wp-json\/wp\/v2\/media?parent=724561"}],"wp:term":[{"taxonomy":"product_brand","embeddable":true,"href":"https:\/\/roveyayinevi.com.tr\/index.php\/wp-json\/wp\/v2\/product_brand?post=724561"},{"taxonomy":"product_cat","embeddable":true,"href":"https:\/\/roveyayinevi.com.tr\/index.php\/wp-json\/wp\/v2\/product_cat?post=724561"},{"taxonomy":"product_tag","embeddable":true,"href":"https:\/\/roveyayinevi.com.tr\/index.php\/wp-json\/wp\/v2\/product_tag?post=724561"}],"curies":[{"name":"wp","href":"https:\/\/api.w.org\/{rel}","templated":true}]}}