{"id":724560,"date":"2025-08-27T19:36:18","date_gmt":"2025-08-27T16:36:18","guid":{"rendered":"https:\/\/roveyayinevi.com.tr\/index.php\/urun\/teknoloji-yonetiminin-basarisinda-orgutsel-yapi-ve-insan-kaynaklari-yonetiminin-etkisi-uzerine-bir-arastirma\/"},"modified":"2026-04-16T02:32:24","modified_gmt":"2026-04-15T23:32:24","slug":"teknoloji-yonetiminin-basarisinda-orgutsel-yapi-ve-insan-kaynaklari-yonetiminin-etkisi-uzerine-bir-arastirma","status":"publish","type":"product","link":"https:\/\/roveyayinevi.com.tr\/index.php\/urun\/teknoloji-yonetiminin-basarisinda-orgutsel-yapi-ve-insan-kaynaklari-yonetiminin-etkisi-uzerine-bir-arastirma\/","title":{"rendered":"Teknoloji Y\u00f6netiminin Ba\u015far\u0131s\u0131nda \u00d6rg\u00fctsel Yap\u0131 ve \u0130nsan Kaynaklar\u0131 Y\u00f6netiminin Etkisi \u00dczerine Bir Ara\u015ft\u0131rma"},"content":{"rendered":"<p>1.    \u0130\u00e7indekiler 2.      Birinci B\u00f6l\u00fcm a.       Teknoloji Y\u00f6netimi  i.      Teknolojinin Kavramsal \u00c7er\u00e7evesi  ii.      Teknoloji Y\u00f6netiminin Kavramsal \u00c7er\u00e7evesi  iii.      Teknoloji Y\u00f6netimi \u0130le \u0130li\u015fkili Kavramlar  iv.      Sonu\u00e7 3.      \u0130kinci B\u00f6l\u00fcm a.       \u0130nsan Kaynaklar\u0131 Y\u00f6netimi ve Teknoloji b.      \u0130nsan Kaynaklar\u0131 Y\u00f6netimi Boyutlar\u0131 c.       Y\u00f6netim Teorilerinde \u0130nsan Kaynaklar\u0131 Y\u00f6netimi ve Teknoloji d.      \u0130nsan Kaynaklar\u0131n\u0131n Niteli\u011fi ve Teknolojiye Uyumu e.       \u0130K Y\u00f6netiminin Teknoloji Y\u00f6netimini Etkileyen Uygulamalar\u0131 f.        Bilim ve Teknoloji Alan\u0131nda \u0130nsan Kaynaklar\u0131 \u0130stihdam\u0131 ve E\u011fitimi g.      Sonu\u00e7 4.      \u00dc\u00e7\u00fcnc\u00fc B\u00f6l\u00fcm a.       \u00d6rg\u00fctsel Yap\u0131 ve Teknolojileri 5.      D\u00f6rd\u00fcnc\u00fc B\u00f6l\u00fcm a.       Teknoloji Y\u00f6netiminin Ba\u015far\u0131s\u0131nda \u00d6rg\u00fctsel Yap\u0131 ve \u0130nsan Kaynaklar\u0131 Y\u00f6netimi Unsurlar\u0131n\u0131n Etkisi \u00dczerine Bir Ara\u015ft\u0131rma 6.      Be\u015finci B\u00f6l\u00fcm a.       Sonu\u00e7 De\u011ferlendirme ve \u00d6nerileri <\/p>\n","protected":false},"excerpt":{"rendered":"<p>1. \u0130\u00e7indekiler 2. Birinci B\u00f6l\u00fcm a. Teknoloji Y\u00f6netimi i. Teknolojinin Kavramsal \u00c7er\u00e7evesi ii. Teknoloji Y\u00f6netiminin Kavramsal \u00c7er\u00e7evesi iii. Teknoloji Y\u00f6netimi \u0130le \u0130li\u015fkili Kavramlar iv. Sonu\u00e7 3.<span class=\"excerpt-hellip\"> [\u2026]<\/span><\/p>\n","protected":false},"featured_media":0,"template":"","meta":{"_monsterinsights_skip_tracking":false,"_monsterinsights_sitenote_active":false,"_monsterinsights_sitenote_note":"","_monsterinsights_sitenote_category":0},"product_brand":[],"product_cat":[13043,14381],"product_tag":[],"class_list":{"0":"post-724560","1":"product","2":"type-product","3":"status-publish","5":"product_cat-ekonomi","6":"product_cat-isletme-muhasebe-maliye","7":"pa_cilt-ciltsiz","8":"pa_tur-kitap","9":"pa_yayinevi-gazi-kitabevi","10":"pa_yazar-bulent-akkoyun","12":"first","13":"instock","14":"sale","15":"shipping-taxable","16":"purchasable","17":"product-type-simple"},"_links":{"self":[{"href":"https:\/\/roveyayinevi.com.tr\/index.php\/wp-json\/wp\/v2\/product\/724560","targetHints":{"allow":["GET"]}}],"collection":[{"href":"https:\/\/roveyayinevi.com.tr\/index.php\/wp-json\/wp\/v2\/product"}],"about":[{"href":"https:\/\/roveyayinevi.com.tr\/index.php\/wp-json\/wp\/v2\/types\/product"}],"wp:attachment":[{"href":"https:\/\/roveyayinevi.com.tr\/index.php\/wp-json\/wp\/v2\/media?parent=724560"}],"wp:term":[{"taxonomy":"product_brand","embeddable":true,"href":"https:\/\/roveyayinevi.com.tr\/index.php\/wp-json\/wp\/v2\/product_brand?post=724560"},{"taxonomy":"product_cat","embeddable":true,"href":"https:\/\/roveyayinevi.com.tr\/index.php\/wp-json\/wp\/v2\/product_cat?post=724560"},{"taxonomy":"product_tag","embeddable":true,"href":"https:\/\/roveyayinevi.com.tr\/index.php\/wp-json\/wp\/v2\/product_tag?post=724560"}],"curies":[{"name":"wp","href":"https:\/\/api.w.org\/{rel}","templated":true}]}}