{"id":724554,"date":"2025-08-27T19:36:13","date_gmt":"2025-08-27T16:36:13","guid":{"rendered":"https:\/\/roveyayinevi.com.tr\/index.php\/urun\/matematik-delisi-buyulu-orman\/"},"modified":"2026-04-16T02:32:24","modified_gmt":"2026-04-15T23:32:24","slug":"matematik-delisi-buyulu-orman","status":"publish","type":"product","link":"https:\/\/roveyayinevi.com.tr\/index.php\/urun\/matematik-delisi-buyulu-orman\/","title":{"rendered":"Matematik Delisi &#8211; B\u00fcy\u00fcl\u00fc Orman"},"content":{"rendered":"<p>Oyunlarla \u00f6\u011frenme konusunda uzman bir e\u011fitimcinin tasarlad\u0131\u011f\u0131 \u00e7e\u015fitli hik\u00e2yelerle ve reng\u00e2renk ill\u00fcstrasyonlarla zenginle\u015ftirilmi\u015f etkinlikler sayesinde bu kitap e\u011flenirken matematik \u00f6\u011frenmeyi m\u00fcmk\u00fcn k\u0131lacak. \u00c7ocuklar en temel matematik kavramlar\u0131yla tan\u0131\u015f\u0131rken y\u00fczlerinden g\u00fcl\u00fcmseme eksik olmayacak.   1.        10 \u0130LE 20 ARASINDAK\u0130 M\u0130KTARLARI KAR\u015eILA\u015eTIRMA 2.        10\u2019LU GRUPLANDIRMA 100\u2019E KADAR OLAN M\u0130KTARLARI SEZG\u0130SEL OKUMA 3.        TOPLAMA, \u00c7IKARMA VE TEKRAR EDEN TOPLAMA \u0130\u015eLEM\u0130 OLARAK \u00c7ARPMA KAVRAMI 4.        Z\u0130H\u0130NDEN HESAPLAMA Y\u00d6NTEMLER\u0130  5.        MANTIK BULMACALARI <\/p>\n","protected":false},"excerpt":{"rendered":"<p>Oyunlarla \u00f6\u011frenme konusunda uzman bir e\u011fitimcinin tasarlad\u0131\u011f\u0131 \u00e7e\u015fitli hik\u00e2yelerle ve reng\u00e2renk ill\u00fcstrasyonlarla zenginle\u015ftirilmi\u015f etkinlikler sayesinde bu kitap e\u011flenirken matematik \u00f6\u011frenmeyi m\u00fcmk\u00fcn k\u0131lacak. \u00c7ocuklar en temel matematik<span class=\"excerpt-hellip\"> [\u2026]<\/span><\/p>\n","protected":false},"featured_media":0,"template":"","meta":{"_monsterinsights_skip_tracking":false,"_monsterinsights_sitenote_active":false,"_monsterinsights_sitenote_note":"","_monsterinsights_sitenote_category":0},"product_brand":[],"product_cat":[12913,12274],"product_tag":[],"class_list":{"0":"post-724554","1":"product","2":"type-product","3":"status-publish","5":"product_cat-3-6-yas-kitaplari","6":"product_cat-cocuk-ve-genclik-kitaplari","7":"pa_cilt-ciltsiz","8":"pa_tur-kitap","9":"pa_yayinevi-dinozor-cocuk","10":"pa_yazar-linda-bertola","12":"first","13":"instock","14":"sale","15":"shipping-taxable","16":"purchasable","17":"product-type-simple"},"_links":{"self":[{"href":"https:\/\/roveyayinevi.com.tr\/index.php\/wp-json\/wp\/v2\/product\/724554","targetHints":{"allow":["GET"]}}],"collection":[{"href":"https:\/\/roveyayinevi.com.tr\/index.php\/wp-json\/wp\/v2\/product"}],"about":[{"href":"https:\/\/roveyayinevi.com.tr\/index.php\/wp-json\/wp\/v2\/types\/product"}],"wp:attachment":[{"href":"https:\/\/roveyayinevi.com.tr\/index.php\/wp-json\/wp\/v2\/media?parent=724554"}],"wp:term":[{"taxonomy":"product_brand","embeddable":true,"href":"https:\/\/roveyayinevi.com.tr\/index.php\/wp-json\/wp\/v2\/product_brand?post=724554"},{"taxonomy":"product_cat","embeddable":true,"href":"https:\/\/roveyayinevi.com.tr\/index.php\/wp-json\/wp\/v2\/product_cat?post=724554"},{"taxonomy":"product_tag","embeddable":true,"href":"https:\/\/roveyayinevi.com.tr\/index.php\/wp-json\/wp\/v2\/product_tag?post=724554"}],"curies":[{"name":"wp","href":"https:\/\/api.w.org\/{rel}","templated":true}]}}