{"id":724551,"date":"2025-08-27T19:36:11","date_gmt":"2025-08-27T16:36:11","guid":{"rendered":"https:\/\/roveyayinevi.com.tr\/index.php\/urun\/ayca-aytug-ile-piyano-egitimi\/"},"modified":"2026-04-16T02:32:24","modified_gmt":"2026-04-15T23:32:24","slug":"ayca-aytug-ile-piyano-egitimi","status":"publish","type":"product","link":"https:\/\/roveyayinevi.com.tr\/index.php\/urun\/ayca-aytug-ile-piyano-egitimi\/","title":{"rendered":"Ay\u00e7a Aytu\u011f ile Piyano E\u011fitimi"},"content":{"rendered":"<p>Bu kitap, Ay\u00e7a Aytu\u011f\u2019un I2 MEDYA Youtube kanal\u0131nda yay\u0131nlanan e\u011fitim videolar\u0131 ve s\u0131f\u0131rdan ba\u015flayan piyano \u00f6\u011frencileri i\u00e7in \u00f6zel olarak haz\u0131rlanm\u0131\u015ft\u0131r. Kitab\u0131n bas\u0131l\u0131 ve PDF format\u0131nda iki t\u00fcr\u00fc bulunmaktad\u0131r. Bas\u0131l\u0131 kitapta Ay\u00e7a Aytu\u011f\u2019un kendi \u00f6\u011frencilerinin \u00e7izimleri yer almaktad\u0131r. \u0130ndirilebilir PDF dosyas\u0131 ise ayn\u0131 kitab\u0131n \u00e7izimsiz halidir. PDF dosyas\u0131, yay\u0131nevinin internet ma\u011fazas\u0131 olan MuzikKitaplari.com adresinde sat\u0131\u015fa sunulmu\u015ftur. Her iki kitab\u0131n ba\u015f\u0131nda kuramsal bilgilerin yer ald\u0131\u011f\u0131 bir b\u00f6l\u00fcm bulunmaktad\u0131r. Kitab\u0131n i\u00e7erisindeki eserler, yay\u0131nevi taraf\u0131ndan daha \u00f6nce bas\u0131lan Se\u00e7me Eserler ve \u00c7al\u0131\u015fma Y\u00f6ntemleriyle Piyano E\u011fitimi-1 kitab\u0131ndaki eserlerle e\u015f zamanl\u0131 olarak \u00e7al\u0131\u015f\u0131labilecek ve birbirini tamamlayacak \u015fekilde haz\u0131rlanm\u0131\u015ft\u0131r.Ay\u00e7a Aytu\u011f\u2019un kitap i\u00e7in, uzun y\u0131llard\u0131r vermi\u015f oldu\u011fu derslerde edindi\u011fi deneyimlerle haz\u0131rlad\u0131\u011f\u0131 eserler, belli bir standarda oturttu\u011fu \u00f6\u011fretim stilindeki bilgi aktar\u0131m\u0131n\u0131n s\u0131ras\u0131na g\u00f6re \u00f6zenle dizilmi\u015ftir. E\u015f zamanl\u0131 olarak iki kitaptan da \u00e7al\u0131\u015f\u0131lacak eserlerin detaylar\u0131na, I2 MEDYA Youtube kanal\u0131nda yay\u0131nlanan Ay\u00e7a Aytu\u011f ile Piyano E\u011fitimi videolar\u0131ndan ula\u015fabilirsiniz.<\/p>\n","protected":false},"excerpt":{"rendered":"<p>Bu kitap, Ay\u00e7a Aytu\u011f\u2019un I2 MEDYA Youtube kanal\u0131nda yay\u0131nlanan e\u011fitim videolar\u0131 ve s\u0131f\u0131rdan ba\u015flayan piyano \u00f6\u011frencileri i\u00e7in \u00f6zel olarak haz\u0131rlanm\u0131\u015ft\u0131r. Kitab\u0131n bas\u0131l\u0131 ve PDF format\u0131nda iki<span class=\"excerpt-hellip\"> [\u2026]<\/span><\/p>\n","protected":false},"featured_media":0,"template":"","meta":{"_monsterinsights_skip_tracking":false,"_monsterinsights_sitenote_active":false,"_monsterinsights_sitenote_note":"","_monsterinsights_sitenote_category":0},"product_brand":[],"product_cat":[14556,20810],"product_tag":[],"class_list":{"0":"post-724551","1":"product","2":"type-product","3":"status-publish","5":"product_cat-muzik","6":"product_cat-ogrenim-kitaplari","7":"pa_cilt-ciltsiz","8":"pa_tur-kitap","9":"pa_yayinevi-muzik-egitimi-yayinlari","10":"pa_yazar-ayca-aytug","12":"first","13":"instock","14":"sale","15":"shipping-taxable","16":"purchasable","17":"product-type-simple"},"_links":{"self":[{"href":"https:\/\/roveyayinevi.com.tr\/index.php\/wp-json\/wp\/v2\/product\/724551","targetHints":{"allow":["GET"]}}],"collection":[{"href":"https:\/\/roveyayinevi.com.tr\/index.php\/wp-json\/wp\/v2\/product"}],"about":[{"href":"https:\/\/roveyayinevi.com.tr\/index.php\/wp-json\/wp\/v2\/types\/product"}],"wp:attachment":[{"href":"https:\/\/roveyayinevi.com.tr\/index.php\/wp-json\/wp\/v2\/media?parent=724551"}],"wp:term":[{"taxonomy":"product_brand","embeddable":true,"href":"https:\/\/roveyayinevi.com.tr\/index.php\/wp-json\/wp\/v2\/product_brand?post=724551"},{"taxonomy":"product_cat","embeddable":true,"href":"https:\/\/roveyayinevi.com.tr\/index.php\/wp-json\/wp\/v2\/product_cat?post=724551"},{"taxonomy":"product_tag","embeddable":true,"href":"https:\/\/roveyayinevi.com.tr\/index.php\/wp-json\/wp\/v2\/product_tag?post=724551"}],"curies":[{"name":"wp","href":"https:\/\/api.w.org\/{rel}","templated":true}]}}