{"id":724547,"date":"2025-08-27T19:36:08","date_gmt":"2025-08-27T16:36:08","guid":{"rendered":"https:\/\/roveyayinevi.com.tr\/index.php\/urun\/binyilin-pesinde\/"},"modified":"2026-04-16T02:32:24","modified_gmt":"2026-04-15T23:32:24","slug":"binyilin-pesinde","status":"publish","type":"product","link":"https:\/\/roveyayinevi.com.tr\/index.php\/urun\/binyilin-pesinde\/","title":{"rendered":"Biny\u0131l\u0131n Pe\u015finde"},"content":{"rendered":"<p>\u0130klim de\u011fi\u015fikli\u011fi, do\u011fal afetler, sava\u015flar, salg\u0131n hastal\u0131klar, kitlesel g\u00f6\u00e7lerle birlikte, d\u00fcnyan\u0131n sonunun yakla\u015ft\u0131\u011f\u0131na dair karanl\u0131k \u00f6ng\u00f6r\u00fclerin artt\u0131\u011f\u0131 ve k\u0131yamet senaryolar\u0131n\u0131n hortlad\u0131\u011f\u0131 \u015fu d\u00f6nemde, t\u0131pk\u0131 orta\u00e7a\u011fda oldu\u011fu gibi, geni\u015f kitleler artan sefalet ve b\u00fcy\u00fcyen endi\u015feyle gitgide daha karamsar bir ruh haline girmekte. B\u00f6yle bak\u0131ld\u0131\u011f\u0131nda Norman Cohn\u2019un Biny\u0131l\u0131n Pe\u015finde adl\u0131 \u00e7al\u0131\u015fmas\u0131, sadece y\u00fczy\u0131llar \u00f6ncesini de\u011fil, g\u00fcn\u00fcm\u00fcz\u00fc de anlamak i\u00e7in bulunmaz bir kaynak. Cohn, 11. ve 16. y\u00fczy\u0131llar aras\u0131nda Bat\u0131 Avrupa\u2019da k\u0131tl\u0131k, Ha\u00e7l\u0131 Seferleri ve vebayla birlikte y\u00fckselen biny\u0131lc\u0131l\u0131k ve onun etraf\u0131nda geli\u015fen mistik anar\u015fist hareketleri inceliyor. Biny\u0131lc\u0131l\u0131k dar anlam\u0131yla d\u00fcnyan\u0131n sonuna dair bir dogma. Cohn bu \u00f6\u011fretiyi geni\u015f anlamda kurtulu\u015f\u00e7uluk olarak ele al\u0131rken, orta\u00e7a\u011f\u0131n zihinsel d\u00fcnyas\u0131n\u0131 \u015fekillendiren dini d\u00fc\u015f\u00fcnce kal\u0131plar\u0131 i\u00e7inde, \u0130sa\u2019n\u0131n apostolik ordular\u0131 ile Deccal\u2019\u0131n g\u00fc\u00e7leri aras\u0131ndaki nihai sava\u015fa dair kehanetlerin, yoksullar\u0131n g\u00fcnahtan ar\u0131nm\u0131\u015f hayat \u00f6zlemi ve yery\u00fcz\u00fc cenneti yaratma arzusuyla nas\u0131l birle\u015fti\u011fini ve bunun da biny\u0131lc\u0131 fantezileri nas\u0131l besledi\u011fini g\u00f6steriyor. Huzursuzluk d\u00f6nemlerinde geleneksel inan\u00e7lar\u0131n nas\u0131l yeniden ortaya \u00e7\u0131k\u0131p d\u00fc\u015fmanl\u0131klar\u0131 ara\u00e7salla\u015ft\u0131rd\u0131\u011f\u0131na bu kitapta bir kez daha tan\u0131kl\u0131k ediyoruz. <\/p>\n","protected":false},"excerpt":{"rendered":"<p>\u0130klim de\u011fi\u015fikli\u011fi, do\u011fal afetler, sava\u015flar, salg\u0131n hastal\u0131klar, kitlesel g\u00f6\u00e7lerle birlikte, d\u00fcnyan\u0131n sonunun yakla\u015ft\u0131\u011f\u0131na dair karanl\u0131k \u00f6ng\u00f6r\u00fclerin artt\u0131\u011f\u0131 ve k\u0131yamet senaryolar\u0131n\u0131n hortlad\u0131\u011f\u0131 \u015fu d\u00f6nemde, t\u0131pk\u0131 orta\u00e7a\u011fda oldu\u011fu<span class=\"excerpt-hellip\"> [\u2026]<\/span><\/p>\n","protected":false},"featured_media":0,"template":"","meta":{"_monsterinsights_skip_tracking":false,"_monsterinsights_sitenote_active":false,"_monsterinsights_sitenote_note":"","_monsterinsights_sitenote_category":0},"product_brand":[],"product_cat":[12312,12304],"product_tag":[],"class_list":{"0":"post-724547","1":"product","2":"type-product","3":"status-publish","5":"product_cat-diger","6":"product_cat-tarih","7":"pa_cilt-ciltsiz","8":"pa_tur-kitap","9":"pa_yayinevi-kirmizi-kedi-yayinevi","10":"pa_yazar-norman-cohn","12":"first","13":"instock","14":"sale","15":"shipping-taxable","16":"purchasable","17":"product-type-simple"},"_links":{"self":[{"href":"https:\/\/roveyayinevi.com.tr\/index.php\/wp-json\/wp\/v2\/product\/724547","targetHints":{"allow":["GET"]}}],"collection":[{"href":"https:\/\/roveyayinevi.com.tr\/index.php\/wp-json\/wp\/v2\/product"}],"about":[{"href":"https:\/\/roveyayinevi.com.tr\/index.php\/wp-json\/wp\/v2\/types\/product"}],"wp:attachment":[{"href":"https:\/\/roveyayinevi.com.tr\/index.php\/wp-json\/wp\/v2\/media?parent=724547"}],"wp:term":[{"taxonomy":"product_brand","embeddable":true,"href":"https:\/\/roveyayinevi.com.tr\/index.php\/wp-json\/wp\/v2\/product_brand?post=724547"},{"taxonomy":"product_cat","embeddable":true,"href":"https:\/\/roveyayinevi.com.tr\/index.php\/wp-json\/wp\/v2\/product_cat?post=724547"},{"taxonomy":"product_tag","embeddable":true,"href":"https:\/\/roveyayinevi.com.tr\/index.php\/wp-json\/wp\/v2\/product_tag?post=724547"}],"curies":[{"name":"wp","href":"https:\/\/api.w.org\/{rel}","templated":true}]}}