{"id":724545,"date":"2025-08-27T19:36:07","date_gmt":"2025-08-27T16:36:07","guid":{"rendered":"https:\/\/roveyayinevi.com.tr\/index.php\/urun\/sansin-sihirli-eli-ciltli\/"},"modified":"2026-04-16T02:32:24","modified_gmt":"2026-04-15T23:32:24","slug":"sansin-sihirli-eli-ciltli","status":"publish","type":"product","link":"https:\/\/roveyayinevi.com.tr\/index.php\/urun\/sansin-sihirli-eli-ciltli\/","title":{"rendered":"\u015eans\u0131n Sihirli Eli (Ciltli)"},"content":{"rendered":"<p>Ate\u015f yutma, hokkabazl\u0131k, akrobat ve palya\u00e7o g\u00f6sterileri sunan gezgin bir Rus sirkinde \u00e7al\u0131\u015fan Voronin d\u00fcnyan\u0131n en iyi sihirbazlar\u0131ndan biri olmak istiyordu. Sirkteki birbirinden renkli karakterlerle birlikte d\u00fcnyay\u0131 gezerken izleyecileri pek \u00e7ok kez hayal k\u0131r\u0131kl\u0131\u011f\u0131na u\u011fratsa da bu hayalinden asla vazge\u00e7medi. Bir g\u00fcn y\u00f6neticilerinin sert kurallar\u0131na art\u0131k dayanamayan i\u015f arkada\u015flar\u0131 her \u015feyden habersiz Voronin\u2019i kullanarak b\u00fcy\u00fck bir yalan s\u00f6yledi\u011finde i\u015fler \u00e7\u0131\u011f\u0131r\u0131ndan \u00e7\u0131kacakt\u0131. \u015eans\u0131n Sihirli Eli, olumsuzluk kar\u015f\u0131s\u0131nda bile kendine ve hayallerine inanman\u0131n \u00f6nemini vurgularken, her \u015feye ra\u011fmen ger\u00e7ekten olmak istedi\u011finiz ki\u015fi olabilece\u011finizi anlat\u0131yor.    A\u015fk b\u00f6yle bir \u015fey mi, diye d\u00fc\u015f\u00fcnd\u00fc kendine bakarak. Kendini biraz deniz tutmu\u015f gibi hissediyordu ama karadayd\u0131lar; g\u00fclmeye haz\u0131r hissediyordu ama ortada komik bir \u015fey yoktu. G\u00f6zl\u00fck takm\u0131\u015f gibi daha net g\u00f6r\u00fcyordu, kulaklar\u0131 keskinle\u015fmi\u015fti. Olabilecek en tuhaf birle\u015fimdi bu, bir taraf\u0131 hasta gibiydi ve di\u011fer taraf\u0131 hayat\u0131nda daha \u00f6nce hi\u00e7 olmad\u0131\u011f\u0131 kadar sa\u011flamd\u0131. Belki de ger\u00e7ekten hastay\u0131md\u0131r, diye d\u00fc\u015f\u00fcnd\u00fc g\u00f6zlerini kapat\u0131rken.   *Ethan Lipton\u2019un senaryosundan uyarlanm\u0131\u015ft\u0131r. <\/p>\n","protected":false},"excerpt":{"rendered":"<p>Ate\u015f yutma, hokkabazl\u0131k, akrobat ve palya\u00e7o g\u00f6sterileri sunan gezgin bir Rus sirkinde \u00e7al\u0131\u015fan Voronin d\u00fcnyan\u0131n en iyi sihirbazlar\u0131ndan biri olmak istiyordu. Sirkteki birbirinden renkli karakterlerle birlikte<span class=\"excerpt-hellip\"> [\u2026]<\/span><\/p>\n","protected":false},"featured_media":0,"template":"","meta":{"_monsterinsights_skip_tracking":false,"_monsterinsights_sitenote_active":false,"_monsterinsights_sitenote_note":"","_monsterinsights_sitenote_category":0},"product_brand":[],"product_cat":[12364,12376],"product_tag":[],"class_list":{"0":"post-724545","1":"product","2":"type-product","3":"status-publish","5":"product_cat-genel-konular","6":"product_cat-kisisel-gelisim","7":"pa_cilt-ciltli","8":"pa_tur-kitap","9":"pa_yayinevi-epsilon-yayinlari","10":"pa_yazar-sophia-max-lynn-lauber","12":"first","13":"instock","14":"sale","15":"shipping-taxable","16":"purchasable","17":"product-type-simple"},"_links":{"self":[{"href":"https:\/\/roveyayinevi.com.tr\/index.php\/wp-json\/wp\/v2\/product\/724545","targetHints":{"allow":["GET"]}}],"collection":[{"href":"https:\/\/roveyayinevi.com.tr\/index.php\/wp-json\/wp\/v2\/product"}],"about":[{"href":"https:\/\/roveyayinevi.com.tr\/index.php\/wp-json\/wp\/v2\/types\/product"}],"wp:attachment":[{"href":"https:\/\/roveyayinevi.com.tr\/index.php\/wp-json\/wp\/v2\/media?parent=724545"}],"wp:term":[{"taxonomy":"product_brand","embeddable":true,"href":"https:\/\/roveyayinevi.com.tr\/index.php\/wp-json\/wp\/v2\/product_brand?post=724545"},{"taxonomy":"product_cat","embeddable":true,"href":"https:\/\/roveyayinevi.com.tr\/index.php\/wp-json\/wp\/v2\/product_cat?post=724545"},{"taxonomy":"product_tag","embeddable":true,"href":"https:\/\/roveyayinevi.com.tr\/index.php\/wp-json\/wp\/v2\/product_tag?post=724545"}],"curies":[{"name":"wp","href":"https:\/\/api.w.org\/{rel}","templated":true}]}}