{"id":724539,"date":"2025-08-27T19:36:02","date_gmt":"2025-08-27T16:36:02","guid":{"rendered":"https:\/\/roveyayinevi.com.tr\/index.php\/urun\/plevne-mudafaasi\/"},"modified":"2026-04-16T02:32:24","modified_gmt":"2026-04-15T23:32:24","slug":"plevne-mudafaasi","status":"publish","type":"product","link":"https:\/\/roveyayinevi.com.tr\/index.php\/urun\/plevne-mudafaasi\/","title":{"rendered":"Plevne M\u00fcdafaas\u0131"},"content":{"rendered":"<p>Cemal Pa\u015fa&#8217;n\u0131n hen\u00fcz gen\u00e7 bir kola\u011fas\u0131 iken yazd\u0131\u011f\u0131 bu eser, \u0130kinci D\u00fcnya Sava\u015f\u0131&#8217;n\u0131n naml\u0131 generallerinden George Smith Patton&#8217;un hen\u00fcz yarbayken yazd\u0131\u011f\u0131 bir kararg\u00e2h \u00e7al\u0131\u015fmas\u0131 olan &#8220;Gelibolu Savunmas\u0131&#8221; adl\u0131 eserine benzetilebilir. \u0130ki eser aras\u0131nda us\u00fbl a\u00e7\u0131s\u0131ndan ciddi benzerlikler vard\u0131r. Patton, kulland\u0131\u011f\u0131 kaynaklar itibariyle \u00c7anakkale&#8217;de hem itilaf cephesini hem de T\u00fcrk kararg\u00e2h\u0131n\u0131 de\u011ferlendirerek birlikte incelemi\u015ftir. Bu eserde de Cemal Pa\u015fa, T\u00fcrk taraf\u0131na ilaveten Rus taraf\u0131n\u0131n hareketlerini de incelemi\u015f, bu konuda etrafl\u0131ca bilgi vermi\u015ftir. Eseri k\u0131ymetli k\u0131lan \u00f6zelliklerden biri de budur. Plevne&#8217;de, T\u00fcrk taraf\u0131nda \u00e7ok b\u00fcy\u00fck bir k\u0131ymet olan Miralay Yunus Bey, Rus taraf\u0131nda ise Cemal Pa\u015fa&#8217;n\u0131n eserinde &#8220;bilumum Rus generallerine iktidarca faik oldu\u011funu ispat eylemi\u015fti&#8221; dedi\u011fi General Skobelev bulunmaktayd\u0131. T\u00fcrklere Allah&#8217;\u0131n bir l\u00fctfu, Ruslara ise bir cezas\u0131 olarak harbin bu iki y\u0131ld\u0131z\u0131 kar\u015f\u0131l\u0131kl\u0131 ayn\u0131 cephedeydi. Bu durum Plevne M\u00fcdafaas\u0131 eserinde g\u00fczel bir \u015fekilde ele al\u0131nan hususlardan biridir. Bunun haricinde Rus taarruzlar\u0131 sonucunda Cemal Pa\u015fa taraf\u0131ndan yap\u0131lan de\u011ferlendirmeler eserin k\u0131ymetini bir kat daha art\u0131rmaktad\u0131r. \u0130ttihat ve Terakki&#8217;nin me\u015fhur \u00fc\u00e7 pa\u015fas\u0131ndan biri olan Cemal Pa\u015fa&#8217;n\u0131n 1922 y\u0131l\u0131nda al\u00e7ak\u00e7a katledili\u015finin \u00fczerinden ge\u00e7en doksan sekiz y\u0131l\u0131n ard\u0131ndan bu eserin okuyucuyla bulu\u015fmas\u0131 ve dedelerimizden \u00e2deta kutsal bir emanet olarak devrald\u0131\u011f\u0131m\u0131z bu hazinelerin T\u00fcrk \u00e7ocuklar\u0131na ula\u015ft\u0131r\u0131lmas\u0131 \u00fcst\u00fcm\u00fcze d\u00fc\u015fen bir vazifenin yerine getirili\u015fidir.<\/p>\n","protected":false},"excerpt":{"rendered":"<p>Cemal Pa\u015fa&#8217;n\u0131n hen\u00fcz gen\u00e7 bir kola\u011fas\u0131 iken yazd\u0131\u011f\u0131 bu eser, \u0130kinci D\u00fcnya Sava\u015f\u0131&#8217;n\u0131n naml\u0131 generallerinden George Smith Patton&#8217;un hen\u00fcz yarbayken yazd\u0131\u011f\u0131 bir kararg\u00e2h \u00e7al\u0131\u015fmas\u0131 olan &#8220;Gelibolu<span class=\"excerpt-hellip\"> [\u2026]<\/span><\/p>\n","protected":false},"featured_media":0,"template":"","meta":{"_monsterinsights_skip_tracking":false,"_monsterinsights_sitenote_active":false,"_monsterinsights_sitenote_note":"","_monsterinsights_sitenote_category":0},"product_brand":[],"product_cat":[13517,12304],"product_tag":[],"class_list":{"0":"post-724539","1":"product","2":"type-product","3":"status-publish","5":"product_cat-osmanli-tarihi","6":"product_cat-tarih","7":"pa_cilt-ciltsiz","8":"pa_tur-kitap","9":"pa_yayinevi-otuken-nesriyat","10":"pa_yazar-ahmet-cemal","12":"first","13":"instock","14":"sale","15":"shipping-taxable","16":"purchasable","17":"product-type-simple"},"_links":{"self":[{"href":"https:\/\/roveyayinevi.com.tr\/index.php\/wp-json\/wp\/v2\/product\/724539","targetHints":{"allow":["GET"]}}],"collection":[{"href":"https:\/\/roveyayinevi.com.tr\/index.php\/wp-json\/wp\/v2\/product"}],"about":[{"href":"https:\/\/roveyayinevi.com.tr\/index.php\/wp-json\/wp\/v2\/types\/product"}],"wp:attachment":[{"href":"https:\/\/roveyayinevi.com.tr\/index.php\/wp-json\/wp\/v2\/media?parent=724539"}],"wp:term":[{"taxonomy":"product_brand","embeddable":true,"href":"https:\/\/roveyayinevi.com.tr\/index.php\/wp-json\/wp\/v2\/product_brand?post=724539"},{"taxonomy":"product_cat","embeddable":true,"href":"https:\/\/roveyayinevi.com.tr\/index.php\/wp-json\/wp\/v2\/product_cat?post=724539"},{"taxonomy":"product_tag","embeddable":true,"href":"https:\/\/roveyayinevi.com.tr\/index.php\/wp-json\/wp\/v2\/product_tag?post=724539"}],"curies":[{"name":"wp","href":"https:\/\/api.w.org\/{rel}","templated":true}]}}