{"id":724537,"date":"2025-08-27T19:36:01","date_gmt":"2025-08-27T16:36:01","guid":{"rendered":"https:\/\/roveyayinevi.com.tr\/index.php\/urun\/evrenin-yeni-fiziginde-moda-inac-ve-fantazi\/"},"modified":"2026-04-16T02:32:24","modified_gmt":"2026-04-15T23:32:24","slug":"evrenin-yeni-fiziginde-moda-inac-ve-fantazi","status":"publish","type":"product","link":"https:\/\/roveyayinevi.com.tr\/index.php\/urun\/evrenin-yeni-fiziginde-moda-inac-ve-fantazi\/","title":{"rendered":"Evrenin Yeni Fizi\u011finde Moda, \u0130na\u00e7 Ve  Fantazi"},"content":{"rendered":"<p>Modaya uygun fikirlerin, k\u00f6r\u00fc k\u00f6r\u00fcne inanc\u0131n ya da fantezinin evreni anlamaya y\u00f6nelik bilimsel ara\u015ft\u0131rmada ne i\u015fi olabilir ki? Roger Penrose, fizi\u011fin en-u\u00e7 s\u0131n\u0131rlar\u0131nda \u00e7al\u0131\u015fan ara\u015ft\u0131rmac\u0131lar\u0131n, herkes gibi, modaya uygun e\u011filimlere, dogmatik inan\u0131\u015flara ve hayal \u00fcr\u00fcn\u00fc \u015feylere kap\u0131labildi\u011fini ileri s\u00fcr\u00fcyor. Bu k\u0131\u015fk\u0131rt\u0131c\u0131 kitapta Penrose moda, inan\u00e7 ve fantezinin, sicim kuram\u0131, kuantum mekani\u011fi ve kozmolojide, bug\u00fcn\u00fcn ara\u015ft\u0131rmac\u0131lar\u0131n\u0131 nas\u0131l ba\u015ftan \u00e7\u0131kard\u0131\u011f\u0131n\u0131 tart\u0131\u015f\u0131yor, hatta onlar\u0131n \u00e7al\u0131\u015fmalar\u0131n\u0131 ironik bir bi\u00e7imde nas\u0131l \u015fekillendirdiklerini betimliyor. Bir kuram\u0131n modaya uygun do\u011fas\u0131n\u0131n onun inand\u0131r\u0131c\u0131l\u0131\u011f\u0131n\u0131 de\u011ferlendirmemize g\u00f6lge d\u00fc\u015f\u00fcrebilece\u011fi uyar\u0131s\u0131nda bulunuyor, hatta evrenin k\u00f6kenleri hakk\u0131ndaki g\u00fcncel fantastik fikirlerin ard\u0131nda daha do\u011fal bir ger\u00e7ekli\u011fin yatabilece\u011fini tart\u0131\u015f\u0131yor. \u201cFizik ge\u00e7en y\u00fczy\u0131lda s\u0131k\u0131nt\u0131l\u0131 bir \u00e7\u0131kmaza girmi\u015fti. \u0130ki kuram\u0131n \u2012kuantum mekani\u011fi ve genel g\u00f6relilik\u2012 b\u00fcy\u00fck \u00f6l\u00e7\u00fcde do\u011fru olduklar\u0131na inan\u0131lm\u0131\u015ft\u0131. Fakat onlar temel a\u00e7\u0131lardan birbirleriyle \u00e7eli\u015fir; her ikisi de tam do\u011fru olamaz. \u00d6nde gelen fizik\u00e7ilerden Roger Penrose, Evrenin Yeni Fizi\u011finde Moda, \u0130nan\u00e7 ve Fantezi kitab\u0131nda bu problemi ele al\u0131yor. Entelekt\u00fcel olarak ola\u011fand\u0131\u015f\u0131 oldu\u011fu kadar da sayg\u0131n olan Penrose . . . burada bu iki kuram\u0131n uzla\u015ft\u0131r\u0131labilece\u011fi baz\u0131 yeni yollar aramay\u0131 g\u00f6ze almaktad\u0131r.\u201d \u2013Wall Street Journal \u201cM\u00fckemmel bir \u015fekilde \u00fcretilmi\u015f, m\u00fckemmel bir \u015fekilde haz\u0131rlanm\u0131\u015f ve \u015fema haline getirilmi\u015f bir kitap\u2026 E\u011fer \u00e7a\u011fda\u015f fizik kuram\u0131 sizin ilginizi \u00e7ekiyorsa, bu kitab\u0131 kesinlikle g\u00f6rmezden gelmek istemezsiniz.\u201d     \u2013Math Froli<\/p>\n","protected":false},"excerpt":{"rendered":"<p>Modaya uygun fikirlerin, k\u00f6r\u00fc k\u00f6r\u00fcne inanc\u0131n ya da fantezinin evreni anlamaya y\u00f6nelik bilimsel ara\u015ft\u0131rmada ne i\u015fi olabilir ki? Roger Penrose, fizi\u011fin en-u\u00e7 s\u0131n\u0131rlar\u0131nda \u00e7al\u0131\u015fan ara\u015ft\u0131rmac\u0131lar\u0131n, herkes<span class=\"excerpt-hellip\"> [\u2026]<\/span><\/p>\n","protected":false},"featured_media":0,"template":"","meta":{"_monsterinsights_skip_tracking":false,"_monsterinsights_sitenote_active":false,"_monsterinsights_sitenote_note":"","_monsterinsights_sitenote_category":0},"product_brand":[],"product_cat":[13005,37328],"product_tag":[],"class_list":{"0":"post-724537","1":"product","2":"type-product","3":"status-publish","5":"product_cat-bilim-muhendislik","6":"product_cat-diger-bilim-muhendislik","7":"pa_cilt-ciltsiz","8":"pa_tur-kitap","9":"pa_yayinevi-alfa-yayinlari","10":"pa_yazar-roger-penrose","12":"first","13":"instock","14":"sale","15":"shipping-taxable","16":"purchasable","17":"product-type-simple"},"_links":{"self":[{"href":"https:\/\/roveyayinevi.com.tr\/index.php\/wp-json\/wp\/v2\/product\/724537","targetHints":{"allow":["GET"]}}],"collection":[{"href":"https:\/\/roveyayinevi.com.tr\/index.php\/wp-json\/wp\/v2\/product"}],"about":[{"href":"https:\/\/roveyayinevi.com.tr\/index.php\/wp-json\/wp\/v2\/types\/product"}],"wp:attachment":[{"href":"https:\/\/roveyayinevi.com.tr\/index.php\/wp-json\/wp\/v2\/media?parent=724537"}],"wp:term":[{"taxonomy":"product_brand","embeddable":true,"href":"https:\/\/roveyayinevi.com.tr\/index.php\/wp-json\/wp\/v2\/product_brand?post=724537"},{"taxonomy":"product_cat","embeddable":true,"href":"https:\/\/roveyayinevi.com.tr\/index.php\/wp-json\/wp\/v2\/product_cat?post=724537"},{"taxonomy":"product_tag","embeddable":true,"href":"https:\/\/roveyayinevi.com.tr\/index.php\/wp-json\/wp\/v2\/product_tag?post=724537"}],"curies":[{"name":"wp","href":"https:\/\/api.w.org\/{rel}","templated":true}]}}