{"id":724535,"date":"2025-08-27T19:35:59","date_gmt":"2025-08-27T16:35:59","guid":{"rendered":"https:\/\/roveyayinevi.com.tr\/index.php\/urun\/antropolojide-tarih-ve-teori\/"},"modified":"2025-10-17T05:54:53","modified_gmt":"2025-10-17T02:54:53","slug":"antropolojide-tarih-ve-teori","status":"publish","type":"product","link":"https:\/\/roveyayinevi.com.tr\/index.php\/urun\/antropolojide-tarih-ve-teori\/","title":{"rendered":"Antropolojide Tarih ve Teori"},"content":{"rendered":"<p>Alan Barnard antropolojide teorilerin soyk\u00fct\u00fc\u011f\u00fcn\u00fc \u00e7\u0131kar\u0131yor. Bunun i\u00e7in de d\u00fc\u015f\u00fcnce okullar\u0131n\u0131 inceliyor ve bu teorilerin ba\u015f etmeye \u00e7al\u0131\u015ft\u0131\u011f\u0131 sorunla\u0131 temelinde, alandaki b\u00fcy\u00fck tart\u0131\u015fmalar\u0131n tarihsel ba\u011flam\u0131n\u0131n izini s\u00fcr\u00fcyor. Antropolojinin \u00f6nc\u00fclerini, b\u00fct\u00fcn bi\u00e7imleriyle evrimcili\u011fi, yay\u0131lmac\u0131l\u0131\u011f\u0131 ve k\u00fclt\u00fcr alan\u0131 teorilerini, i\u015flevselcili\u011fi ve yap\u0131sal-i\u015flevselcili\u011fi, eylem-merkezli teorileri; s\u00fcre\u00e7sel ve Marksist perspektifleri, r\u00f6lativizme farkl\u0131 yakla\u015f\u0131mlar\u0131, yap\u0131salc\u0131l\u0131k ile post-yap\u0131salc\u0131l\u0131\u011f\u0131 ve son d\u00f6nemdeki postmodern bak\u0131\u015f a\u00e7\u0131s\u0131n\u0131 art\u0131lar\u0131yla eksileriyle anlat\u0131yor.   \u201cAntropoloji \u00f6\u011frencileri i\u00e7in de\u011ferli bir kaynak&#8230;\u201d \u2013Journal of the Royal Anthropological Institute   \u201cBarnard geni\u015f bir akademik alanda ara\u015ft\u0131rma yapmay\u0131 ba\u015farm\u0131\u015f. Bizlere \u00e7ok ilgin\u00e7 ve ho\u015f bir okuma deneyimi sunuyor.\u201d \u2013Anthorpos<\/p>\n","protected":false},"excerpt":{"rendered":"<p>Alan Barnard antropolojide teorilerin soyk\u00fct\u00fc\u011f\u00fcn\u00fc \u00e7\u0131kar\u0131yor. Bunun i\u00e7in de d\u00fc\u015f\u00fcnce okullar\u0131n\u0131 inceliyor ve bu teorilerin ba\u015f etmeye \u00e7al\u0131\u015ft\u0131\u011f\u0131 sorunla\u0131 temelinde, alandaki b\u00fcy\u00fck tart\u0131\u015fmalar\u0131n tarihsel ba\u011flam\u0131n\u0131n izini<span class=\"excerpt-hellip\"> [\u2026]<\/span><\/p>\n","protected":false},"featured_media":0,"template":"","meta":{"_monsterinsights_skip_tracking":false,"_monsterinsights_sitenote_active":false,"_monsterinsights_sitenote_note":"","_monsterinsights_sitenote_category":0},"product_brand":[],"product_cat":[15499,13488],"product_tag":[],"class_list":{"0":"post-724535","1":"product","2":"type-product","3":"status-publish","5":"product_cat-antropoloji","6":"product_cat-toplum-ve-insan","7":"pa_cilt-ciltsiz","8":"pa_tur-kitap","9":"pa_yayinevi-alfa-yayinlari","10":"pa_yazar-alan-barnard","12":"first","13":"instock","14":"sale","15":"shipping-taxable","16":"purchasable","17":"product-type-simple"},"_links":{"self":[{"href":"https:\/\/roveyayinevi.com.tr\/index.php\/wp-json\/wp\/v2\/product\/724535","targetHints":{"allow":["GET"]}}],"collection":[{"href":"https:\/\/roveyayinevi.com.tr\/index.php\/wp-json\/wp\/v2\/product"}],"about":[{"href":"https:\/\/roveyayinevi.com.tr\/index.php\/wp-json\/wp\/v2\/types\/product"}],"wp:attachment":[{"href":"https:\/\/roveyayinevi.com.tr\/index.php\/wp-json\/wp\/v2\/media?parent=724535"}],"wp:term":[{"taxonomy":"product_brand","embeddable":true,"href":"https:\/\/roveyayinevi.com.tr\/index.php\/wp-json\/wp\/v2\/product_brand?post=724535"},{"taxonomy":"product_cat","embeddable":true,"href":"https:\/\/roveyayinevi.com.tr\/index.php\/wp-json\/wp\/v2\/product_cat?post=724535"},{"taxonomy":"product_tag","embeddable":true,"href":"https:\/\/roveyayinevi.com.tr\/index.php\/wp-json\/wp\/v2\/product_tag?post=724535"}],"curies":[{"name":"wp","href":"https:\/\/api.w.org\/{rel}","templated":true}]}}