{"id":724534,"date":"2025-08-27T19:35:59","date_gmt":"2025-08-27T16:35:59","guid":{"rendered":"https:\/\/roveyayinevi.com.tr\/index.php\/urun\/salgin-zamanlarinda\/"},"modified":"2026-04-16T02:32:24","modified_gmt":"2026-04-15T23:32:24","slug":"salgin-zamanlarinda","status":"publish","type":"product","link":"https:\/\/roveyayinevi.com.tr\/index.php\/urun\/salgin-zamanlarinda\/","title":{"rendered":"Salg\u0131n Zamanlar\u0131nda"},"content":{"rendered":"<p>Salg\u0131n\u0131 ve ola\u011fan\u00fcst\u00fc hali di\u011fer \u00fclkelere g\u00f6re erken deneyimleyen \u0130talya&#8217;n\u0131n ac\u0131 tecr\u00fcbesi sonucu ortaya \u00e7\u0131kan Salg\u0131n Zamanlar\u0131nda \u015fimdiden 25 dile \u00e7evrildi!     \u201cNormallik ask\u0131ya al\u0131nd\u0131 ve kimse bunun ne kadar s\u00fcrece\u011fini \u00f6ng\u00f6remiyor. \u015eimdi anormallikler zaman\u0131; bununla ya\u015famay\u0131, bu zaman\u0131n bir par\u00e7as\u0131 olmay\u0131 \u00f6\u011frenmemiz gerekiyor. \u00d6l\u00fcm korkusu d\u0131\u015f\u0131nda yeni d\u00fcnyam\u0131z\u0131 kucaklayacak ba\u015fka nedenler bulmam\u0131z laz\u0131m. Vir\u00fcslerin zek\u00e2s\u0131n\u0131n olmad\u0131\u011f\u0131 do\u011fru olabilir ama bir konuda bizden daha iyidirler: De\u011fi\u015firler, uyum sa\u011flarlar ve bunu \u00e7abucak yaparlar. Onlardan kapmam\u0131z gereken de budur.\u201d     Fizik PhD&#8217;si sahibi ve \u0130talya\u2019n\u0131n prestijli Premio Strega \u00f6d\u00fcl\u00fcne lay\u0131k g\u00f6r\u00fclen roman yazar\u0131 Paolo Giordano, karantinadayken yazd\u0131\u011f\u0131 bu k\u00fc\u00e7\u00fck ama hacimli kitapta co*vid19  vir\u00fcs\u00fcn\u00fcn insanlar\u0131n g\u00fcndelik hayatlar\u0131n\u0131, sosyal ve ekonomik \u015fartlar\u0131n\u0131 nas\u0131l k\u00f6kten etkiledi\u011fini bilimsel a\u00e7\u0131dan inceliyor. \u00c7evre krizi, sahte haberler ve ksenefobi (yabanc\u0131 d\u00fc\u015fmanl\u0131\u011f\u0131) gibi salg\u0131n\u0131n ortaya \u00e7\u0131kard\u0131\u011f\u0131 ba\u015fka sorunlara da de\u011finen yazar, t\u00fcm d\u00fcnyada ya\u015fananlara geni\u015f bir perspektifle bakarak bize yaln\u0131zca bu noktaya nas\u0131l geldi\u011fimizi de\u011fil, de\u011fi\u015fim yaratmak i\u00e7in birlikte nas\u0131l \u00e7al\u0131\u015fabilece\u011fimizi de g\u00f6steriyor. Salg\u0131nla birlikte topluluk olman\u0131n bilincine tekrar varmam\u0131z\u0131, daha yarat\u0131c\u0131 ve \u00e7o\u011ful d\u00fc\u015f\u00fcnmemiz gerekti\u011fini anlat\u0131yor. \u00c7\u00fcnk\u00fc esas \u201csalg\u0131n, ili\u015fkilerimizin enfeksiyona u\u011framas\u0131d\u0131r.\u201d <\/p>\n","protected":false},"excerpt":{"rendered":"<p>Salg\u0131n\u0131 ve ola\u011fan\u00fcst\u00fc hali di\u011fer \u00fclkelere g\u00f6re erken deneyimleyen \u0130talya&#8217;n\u0131n ac\u0131 tecr\u00fcbesi sonucu ortaya \u00e7\u0131kan Salg\u0131n Zamanlar\u0131nda \u015fimdiden 25 dile \u00e7evrildi! \u201cNormallik ask\u0131ya al\u0131nd\u0131 ve kimse<span class=\"excerpt-hellip\"> [\u2026]<\/span><\/p>\n","protected":false},"featured_media":0,"template":"","meta":{"_monsterinsights_skip_tracking":false,"_monsterinsights_sitenote_active":false,"_monsterinsights_sitenote_note":"","_monsterinsights_sitenote_category":0},"product_brand":[],"product_cat":[13366,13365],"product_tag":[],"class_list":{"0":"post-724534","1":"product","2":"type-product","3":"status-publish","5":"product_cat-diger-saglik","6":"product_cat-saglik","7":"pa_cilt-ciltsiz","8":"pa_tur-kitap","9":"pa_yayinevi-profil-kitap","10":"pa_yazar-paolo-giordano","12":"first","13":"instock","14":"sale","15":"shipping-taxable","16":"purchasable","17":"product-type-simple"},"_links":{"self":[{"href":"https:\/\/roveyayinevi.com.tr\/index.php\/wp-json\/wp\/v2\/product\/724534","targetHints":{"allow":["GET"]}}],"collection":[{"href":"https:\/\/roveyayinevi.com.tr\/index.php\/wp-json\/wp\/v2\/product"}],"about":[{"href":"https:\/\/roveyayinevi.com.tr\/index.php\/wp-json\/wp\/v2\/types\/product"}],"wp:attachment":[{"href":"https:\/\/roveyayinevi.com.tr\/index.php\/wp-json\/wp\/v2\/media?parent=724534"}],"wp:term":[{"taxonomy":"product_brand","embeddable":true,"href":"https:\/\/roveyayinevi.com.tr\/index.php\/wp-json\/wp\/v2\/product_brand?post=724534"},{"taxonomy":"product_cat","embeddable":true,"href":"https:\/\/roveyayinevi.com.tr\/index.php\/wp-json\/wp\/v2\/product_cat?post=724534"},{"taxonomy":"product_tag","embeddable":true,"href":"https:\/\/roveyayinevi.com.tr\/index.php\/wp-json\/wp\/v2\/product_tag?post=724534"}],"curies":[{"name":"wp","href":"https:\/\/api.w.org\/{rel}","templated":true}]}}