{"id":724533,"date":"2025-08-27T19:35:58","date_gmt":"2025-08-27T16:35:58","guid":{"rendered":"https:\/\/roveyayinevi.com.tr\/index.php\/urun\/elastik\/"},"modified":"2026-04-16T02:32:23","modified_gmt":"2026-04-15T23:32:23","slug":"elastik","status":"publish","type":"product","link":"https:\/\/roveyayinevi.com.tr\/index.php\/urun\/elastik\/","title":{"rendered":"Elastik"},"content":{"rendered":"<p>Pok\u00e9mon Go ile Frankenstein kitab\u0131n\u0131n ortak noktas\u0131 nedir?Neden de\u011fi\u015fimin ilk emaresiyle kar\u015f\u0131la\u015ft\u0131klar\u0131 anda baz\u0131 \u015firketler varl\u0131\u011f\u0131n\u0131 s\u00fcrd\u00fcr\u00fcrken di\u011ferleri kap\u0131s\u0131na kilit vuruyor? Bir zamanlar iflas\u0131n e\u015fi\u011finde olan Apple y\u00fckselmeyi nas\u0131l ba\u015fard\u0131? Bu d\u00f6nemde zirvede olan di\u011ferleri neden dibe \u00e7ak\u0131ld\u0131? \u0130nsan zihninin bilgisayarlardan \u00fcst\u00fcn olmas\u0131n\u0131 sa\u011flayan nedir? Zihnimiz yorgun oldu\u011funda beklenenin aksine nas\u0131l daha \u00fcretken ve yarat\u0131c\u0131 olabilir? Cevap: Esnek D\u00fc\u015f\u00fcnme. Bu, hepimizin sahip oldu\u011fu ve gerek i\u015fimizde gerekse g\u00fcnl\u00fck ya\u015fam\u0131m\u0131zda ba\u015far\u0131ya ula\u015fmak i\u00e7in geli\u015ftirebilece\u011fimiz bir beceri. Bu kitapta, Leonard Mlodinow, bizi esnekli\u011fin nas\u0131l i\u015fledi\u011fine dair ayd\u0131nlat\u0131c\u0131 bir ke\u015fif gezisine \u00e7\u0131kar\u0131yor. \u00c7\u0131\u011f\u0131r a\u00e7an ara\u015ft\u0131rmalardan faydalanan yazar, n\u00f6roloji biliminin vard\u0131\u011f\u0131 son noktadan hareketle binlerce y\u0131l \u00f6nce beyinlerimizin yenilik, fikir \u00fcretme ve ke\u015fif alanlar\u0131nda nas\u0131l bir yol izledi\u011fini ortaya koyuyor. Baz\u0131 b\u00fcy\u00fck ressamlar\u0131n, yazarlar\u0131n, m\u00fczisyenlerin ve mucitlerin esnek d\u00fc\u015f\u00fcnme sayesinde paradigmalar\u0131n\u0131 nas\u0131l de\u011fi\u015ftirdiklerini anlat\u0131yor. Yeni teknolojilere ayak uydurmak i\u00e7in esneklik becerisi sergileyen kurumlar\u0131 inceliyor. Ayr\u0131ca beynimizin g\u00fcc\u00fcn\u00fc nas\u0131l s\u0131nayabilece\u011fimizi ve esnek d\u00fc\u015f\u00fcnme becerimizi art\u0131rman\u0131n yollar\u0131n\u0131 g\u00f6steriyor.   \u201cMizahi bir dil ve zarif bir anlat\u0131mla yaz\u0131lm\u0131\u015f parlak zek\u00e2 \u00fcr\u00fcn\u00fc bir kitap. Bu y\u0131l okuyaca\u011f\u0131n\u0131z pop\u00fcler bilim kitab\u0131 bir adetle s\u0131n\u0131rl\u0131ysa e\u011fer, o kitap bu kitap olmal\u0131.\u201d\u2014Mark Williams, Fark\u0131ndal\u0131k kitab\u0131n\u0131n yazar\u0131, Oxford \u00dcniversitesi Klinik Psikoloji Profes\u00f6r\u00fc\u201cD\u00e2hice\u2026 birinci s\u0131n\u0131f bir pop\u00fcler n\u00f6roloji \u00f6rne\u011fi.\u201d  \u2014Kirkus Reviews \u201cBeynin nas\u0131l i\u015fledi\u011fine dair \u00e7arp\u0131c\u0131 ve faydal\u0131 bir eser. Yenilikten ho\u015flananlar ve de\u011fi\u015fen d\u00fcnyayla ba\u015fa \u00e7\u0131kmaya \u00e7al\u0131\u015fanlar i\u00e7in m\u00fckemmel bir rehber.\u201d\u2014Seth Godin, Dip, Tak\u0131m Oyunu, Mor \u0130nek gibi \u00e7ok satan kitaplar\u0131n yazar\u0131 <\/p>\n","protected":false},"excerpt":{"rendered":"<p>Pok\u00e9mon Go ile Frankenstein kitab\u0131n\u0131n ortak noktas\u0131 nedir?Neden de\u011fi\u015fimin ilk emaresiyle kar\u015f\u0131la\u015ft\u0131klar\u0131 anda baz\u0131 \u015firketler varl\u0131\u011f\u0131n\u0131 s\u00fcrd\u00fcr\u00fcrken di\u011ferleri kap\u0131s\u0131na kilit vuruyor? Bir zamanlar iflas\u0131n e\u015fi\u011finde olan<span class=\"excerpt-hellip\"> [\u2026]<\/span><\/p>\n","protected":false},"featured_media":0,"template":"","meta":{"_monsterinsights_skip_tracking":false,"_monsterinsights_sitenote_active":false,"_monsterinsights_sitenote_note":"","_monsterinsights_sitenote_category":0},"product_brand":[],"product_cat":[13005,13006],"product_tag":[],"class_list":{"0":"post-724533","1":"product","2":"type-product","3":"status-publish","5":"product_cat-bilim-muhendislik","6":"product_cat-populer-bilim","7":"pa_cilt-ciltsiz","8":"pa_tur-kitap","9":"pa_yayinevi-profil-kitap","10":"pa_yazar-leonard-mlodinow","12":"first","13":"instock","14":"sale","15":"shipping-taxable","16":"purchasable","17":"product-type-simple"},"_links":{"self":[{"href":"https:\/\/roveyayinevi.com.tr\/index.php\/wp-json\/wp\/v2\/product\/724533","targetHints":{"allow":["GET"]}}],"collection":[{"href":"https:\/\/roveyayinevi.com.tr\/index.php\/wp-json\/wp\/v2\/product"}],"about":[{"href":"https:\/\/roveyayinevi.com.tr\/index.php\/wp-json\/wp\/v2\/types\/product"}],"wp:attachment":[{"href":"https:\/\/roveyayinevi.com.tr\/index.php\/wp-json\/wp\/v2\/media?parent=724533"}],"wp:term":[{"taxonomy":"product_brand","embeddable":true,"href":"https:\/\/roveyayinevi.com.tr\/index.php\/wp-json\/wp\/v2\/product_brand?post=724533"},{"taxonomy":"product_cat","embeddable":true,"href":"https:\/\/roveyayinevi.com.tr\/index.php\/wp-json\/wp\/v2\/product_cat?post=724533"},{"taxonomy":"product_tag","embeddable":true,"href":"https:\/\/roveyayinevi.com.tr\/index.php\/wp-json\/wp\/v2\/product_tag?post=724533"}],"curies":[{"name":"wp","href":"https:\/\/api.w.org\/{rel}","templated":true}]}}