{"id":724532,"date":"2025-08-27T19:35:57","date_gmt":"2025-08-27T16:35:57","guid":{"rendered":"https:\/\/roveyayinevi.com.tr\/index.php\/urun\/gidanin-gelecegi\/"},"modified":"2026-04-16T02:32:23","modified_gmt":"2026-04-15T23:32:23","slug":"gidanin-gelecegi","status":"publish","type":"product","link":"https:\/\/roveyayinevi.com.tr\/index.php\/urun\/gidanin-gelecegi\/","title":{"rendered":"G\u0131dan\u0131n Gelece\u011fi"},"content":{"rendered":"<p>G\u0131dan\u0131n gelece\u011fi karanl\u0131k m\u0131 yoksa hi\u00e7 olmad\u0131\u011f\u0131 kadar parlak m\u0131?   Geneti\u011fi de\u011fi\u015ftirilmi\u015f g\u0131dalar, \u00e7iftlik bal\u0131klar\u0131, laboratuvarda yeti\u015ftirilmi\u015f etler, yeti\u015fkinlere y\u00f6nelik mamalar, 3-D yaz\u0131c\u0131yla \u00fcretilmi\u015f yiyecekler\u2026 Ba\u015f\u0131m\u0131z ne kadar belada? T\u00fcm bu deneyler zincirinin sonu tam olarak nereye \u00e7\u0131k\u0131yor?   \u0130klim modelleri, k\u00fcresel g\u0131da \u00fcretiminin, iklim de\u011fi\u015fikli\u011finin kurakl\u0131k ve sel gibi etkileri sebebiyle bu y\u00fczy\u0131l\u0131n geri kalan\u0131nda, her on y\u0131lda bir azalaca\u011f\u0131n\u0131 g\u00f6stermektedir. Su kaynaklar\u0131 tehlikededir. Bu arada, d\u00fcnya n\u00fcfusunun y\u00fczy\u0131l ortalar\u0131nda y\u00fczde 30 artmas\u0131 beklenmekte ve g\u0131da fiyatlar\u0131n\u0131n 2050 itibar\u0131yla neredeyse iki kat\u0131na \u00e7\u0131kabilece\u011fi tahmin edilmektedir. Peki, gelecekte, bu dokuz milyar insan\u0131n beslenmesini e\u015fit ve s\u00fcrd\u00fcr\u00fclebilir bir \u015fekilde nas\u0131l sa\u011flayaca\u011f\u0131z?   Vanderbilt \u00dcniversitesi\u2019nde profes\u00f6r ve \u00f6d\u00fcll\u00fc bir gazeteci olan Amanda Little, bu sorular\u0131 cevaplamak i\u00e7in \u00fc\u00e7 y\u0131l boyunca on bir \u00fclkeye ve ABD\u2019nin on \u00fc\u00e7 eyaletine seyahat etti.  Nihayetinde bir umut aray\u0131\u015f\u0131 olan bu uzun yolculuk, onu Wisconsin&#8217;deki bir elma bah\u00e7esinden \u015eanghay&#8217;daki ak\u0131ll\u0131, otomatik organik tar\u0131m \u00e7iftli\u011fine, Norve\u00e7 bal\u0131k \u00e7iftliklerinden Etiyopya&#8217;n\u0131n k\u0131tl\u0131k \u00e7eken b\u00f6lgelerine kadar g\u00f6t\u00fcrd\u00fc. Ayn\u0131 zamanda g\u0131dan\u0131n gelece\u011fi ile alakas\u0131z g\u00f6r\u00fcnebilecek, ancak \u015fa\u015f\u0131rt\u0131c\u0131 bir \u015fekilde kritik rol oynayan yerlere de yolu d\u00fc\u015ft\u00fc: California kanalizasyon tesisine, ABD Ordusu Ara\u015ft\u0131rma Laboratuvar\u0131\u2019na, hatta Mumbai&#8217;\u0131n \u00fczerindeki bir muson bulutunun i\u00e7ine.   Little, \u201cG\u0131dan\u0131n Gelece\u011fi\u201dnde yeni fikirleri ve olas\u0131l\u0131klar\u0131 ke\u015ffetmemiz,g\u0131da konusundaki saplant\u0131 ve yan\u0131lg\u0131lar\u0131m\u0131zdan kurtulmam\u0131z ve g\u0131da kaynaklar\u0131m\u0131z\u0131 koruyup bunlar\u0131 gelece\u011fe haz\u0131rlayabilmemiz i\u00e7in bizi de g\u00f6rd\u00fcklerinden haberdar etmek istiyor. \u00c7\u00fcnk\u00fc hepimiz ayn\u0131 evin bah\u00e7esindeyiz. <\/p>\n","protected":false},"excerpt":{"rendered":"<p>G\u0131dan\u0131n gelece\u011fi karanl\u0131k m\u0131 yoksa hi\u00e7 olmad\u0131\u011f\u0131 kadar parlak m\u0131? Geneti\u011fi de\u011fi\u015ftirilmi\u015f g\u0131dalar, \u00e7iftlik bal\u0131klar\u0131, laboratuvarda yeti\u015ftirilmi\u015f etler, yeti\u015fkinlere y\u00f6nelik mamalar, 3-D yaz\u0131c\u0131yla \u00fcretilmi\u015f yiyecekler\u2026 Ba\u015f\u0131m\u0131z<span class=\"excerpt-hellip\"> [\u2026]<\/span><\/p>\n","protected":false},"featured_media":0,"template":"","meta":{"_monsterinsights_skip_tracking":false,"_monsterinsights_sitenote_active":false,"_monsterinsights_sitenote_note":"","_monsterinsights_sitenote_category":0},"product_brand":[],"product_cat":[23323,12364],"product_tag":[],"class_list":{"0":"post-724532","1":"product","2":"type-product","3":"status-publish","5":"product_cat-ekoloji","6":"product_cat-genel-konular","7":"pa_cilt-ciltsiz","8":"pa_tur-kitap","9":"pa_yayinevi-profil-kitap","10":"pa_yazar-amanda-little","12":"first","13":"instock","14":"sale","15":"shipping-taxable","16":"purchasable","17":"product-type-simple"},"_links":{"self":[{"href":"https:\/\/roveyayinevi.com.tr\/index.php\/wp-json\/wp\/v2\/product\/724532","targetHints":{"allow":["GET"]}}],"collection":[{"href":"https:\/\/roveyayinevi.com.tr\/index.php\/wp-json\/wp\/v2\/product"}],"about":[{"href":"https:\/\/roveyayinevi.com.tr\/index.php\/wp-json\/wp\/v2\/types\/product"}],"wp:attachment":[{"href":"https:\/\/roveyayinevi.com.tr\/index.php\/wp-json\/wp\/v2\/media?parent=724532"}],"wp:term":[{"taxonomy":"product_brand","embeddable":true,"href":"https:\/\/roveyayinevi.com.tr\/index.php\/wp-json\/wp\/v2\/product_brand?post=724532"},{"taxonomy":"product_cat","embeddable":true,"href":"https:\/\/roveyayinevi.com.tr\/index.php\/wp-json\/wp\/v2\/product_cat?post=724532"},{"taxonomy":"product_tag","embeddable":true,"href":"https:\/\/roveyayinevi.com.tr\/index.php\/wp-json\/wp\/v2\/product_tag?post=724532"}],"curies":[{"name":"wp","href":"https:\/\/api.w.org\/{rel}","templated":true}]}}