{"id":724531,"date":"2025-08-27T19:35:57","date_gmt":"2025-08-27T16:35:57","guid":{"rendered":"https:\/\/roveyayinevi.com.tr\/index.php\/urun\/ii-abdulhamidin-hastaligi-ve-tedavisi\/"},"modified":"2026-04-16T02:32:23","modified_gmt":"2026-04-15T23:32:23","slug":"ii-abdulhamidin-hastaligi-ve-tedavisi","status":"publish","type":"product","link":"https:\/\/roveyayinevi.com.tr\/index.php\/urun\/ii-abdulhamidin-hastaligi-ve-tedavisi\/","title":{"rendered":"II. Abd\u00fclhamid&#8217;in Hastal\u0131\u011f\u0131 Ve Tedavisi"},"content":{"rendered":"<p>Osmanl\u0131 Devleti kendisinden \u00f6nceki T\u00fcrk-\u0130slam Devletlerinde oldu\u011fu gibi t\u0131p bilimine b\u00fcy\u00fck \u00f6nem vermi\u015ftir. Bu geli\u015fmelerde \u015f\u00fcphesiz d\u00f6nemin padi\u015fahlar\u0131n\u0131n b\u00fcy\u00fck katk\u0131s\u0131 olmu\u015ftur. Bunlardan biri de II. Abd\u00fclhamid\u2019tir. Sultan II. Abd\u00fclhamid \u015fahsi olarak da t\u0131p bilimine b\u00fcy\u00fck \u00f6nem vermi\u015f ve \u00e7e\u015fitli ara\u015ft\u0131rmalar yaparak d\u00fcnya t\u0131p bilimindeki geli\u015fmeleri de yak\u0131ndan takip etmi\u015ftir. Bu alandaki geli\u015fmelerle ilgili d\u00f6nemin \u00fcnl\u00fc hekimleriyle g\u00f6r\u00fc\u015f\u00fcr ve neler yap\u0131lmas\u0131 konusunda s\u00fcrekli fikir al\u0131rd\u0131. Bundan dolay\u0131d\u0131r ki bu d\u00f6nemde Osmanl\u0131 Devleti\u2019nde t\u0131p bilimi alan\u0131nda \u00f6nemli geli\u015fmeler ya\u015fanm\u0131\u015f ve bu alanda bir\u00e7ok kurum ve kurulu\u015f olu\u015fturulmu\u015ftur.   Ya\u015fam\u0131 boyunca ciddi bir sa\u011fl\u0131k sorunu olmad\u0131\u011f\u0131 bilinen II. Abd\u00fclhamid\u2019in en \u00f6nemli rahats\u0131zl\u0131\u011f\u0131 idrar yollar\u0131 ve b\u00f6brek rahats\u0131zl\u0131\u011f\u0131d\u0131r. \u201cII. Abd\u00fclhamid\u2019in Hastal\u0131\u011f\u0131 ve Tedavisi\u201d isimli bu \u00e7al\u0131\u015fmada padi\u015fah\u0131n bu rahats\u0131zl\u0131\u011f\u0131n\u0131n te\u015fhisi ve tedavisi konusunda yerli ve yabanc\u0131 doktorlar\u0131n uygulad\u0131klar\u0131 tedavi y\u00f6ntemi, g\u00fcnl\u00fck tutulan ate\u015f, nab\u0131z ve solunum \u00e7izelgeleri ile verilen ila\u00e7lar\u0131n tedavideki etkisi g\u00fcn g\u00fcn incelenerek verilmi\u015ftir. <\/p>\n","protected":false},"excerpt":{"rendered":"<p>Osmanl\u0131 Devleti kendisinden \u00f6nceki T\u00fcrk-\u0130slam Devletlerinde oldu\u011fu gibi t\u0131p bilimine b\u00fcy\u00fck \u00f6nem vermi\u015ftir. Bu geli\u015fmelerde \u015f\u00fcphesiz d\u00f6nemin padi\u015fahlar\u0131n\u0131n b\u00fcy\u00fck katk\u0131s\u0131 olmu\u015ftur. Bunlardan biri de II. Abd\u00fclhamid\u2019tir.<span class=\"excerpt-hellip\"> [\u2026]<\/span><\/p>\n","protected":false},"featured_media":0,"template":"","meta":{"_monsterinsights_skip_tracking":false,"_monsterinsights_sitenote_active":false,"_monsterinsights_sitenote_note":"","_monsterinsights_sitenote_category":0},"product_brand":[],"product_cat":[12370,12304],"product_tag":[],"class_list":{"0":"post-724531","1":"product","2":"type-product","3":"status-publish","5":"product_cat-arastirma-inceleme","6":"product_cat-tarih","7":"pa_cilt-ciltsiz","8":"pa_tur-kitap","9":"pa_yayinevi-ideal-kultur-yayincilik","10":"pa_yazar-omer-osman-umar-turgay-murat","12":"first","13":"instock","14":"sale","15":"shipping-taxable","16":"purchasable","17":"product-type-simple"},"_links":{"self":[{"href":"https:\/\/roveyayinevi.com.tr\/index.php\/wp-json\/wp\/v2\/product\/724531","targetHints":{"allow":["GET"]}}],"collection":[{"href":"https:\/\/roveyayinevi.com.tr\/index.php\/wp-json\/wp\/v2\/product"}],"about":[{"href":"https:\/\/roveyayinevi.com.tr\/index.php\/wp-json\/wp\/v2\/types\/product"}],"wp:attachment":[{"href":"https:\/\/roveyayinevi.com.tr\/index.php\/wp-json\/wp\/v2\/media?parent=724531"}],"wp:term":[{"taxonomy":"product_brand","embeddable":true,"href":"https:\/\/roveyayinevi.com.tr\/index.php\/wp-json\/wp\/v2\/product_brand?post=724531"},{"taxonomy":"product_cat","embeddable":true,"href":"https:\/\/roveyayinevi.com.tr\/index.php\/wp-json\/wp\/v2\/product_cat?post=724531"},{"taxonomy":"product_tag","embeddable":true,"href":"https:\/\/roveyayinevi.com.tr\/index.php\/wp-json\/wp\/v2\/product_tag?post=724531"}],"curies":[{"name":"wp","href":"https:\/\/api.w.org\/{rel}","templated":true}]}}