{"id":724530,"date":"2025-08-27T19:35:56","date_gmt":"2025-08-27T16:35:56","guid":{"rendered":"https:\/\/roveyayinevi.com.tr\/index.php\/urun\/mandala\/"},"modified":"2026-04-16T02:32:23","modified_gmt":"2026-04-15T23:32:23","slug":"mandala","status":"publish","type":"product","link":"https:\/\/roveyayinevi.com.tr\/index.php\/urun\/mandala\/","title":{"rendered":"Mandala"},"content":{"rendered":"<p>Mandala ile alternatif meditasyon \u015feklini ke\u015ffedin. Mandala, uzakdo\u011fu dinlerinde ruhsal ve t\u00f6rensel a\u00e7\u0131dan Evren&#8217;i temsil eden g\u00f6rsellere verilen isimdir. Bireysel meditasyon ve evren ile b\u00fct\u00fcnle\u015febilme niyetindeki ki\u015filer mandala \u00e7al\u0131\u015fmalar\u0131 yapmaktad\u0131r. Bug\u00fcn de modern hayat\u0131n stresinden kurtulmak isteyenlerin yeni g\u00f6zdesi haline geldi. Beyaz sayfalar\u0131 renklendirirken bir yandan da ruhunu yans\u0131tanlar, renklerin aras\u0131nda dinlendiklerini s\u00f6yl\u00fcyorlar. Siz de farkl\u0131 desenlerden olu\u015fturulmu\u015f bu kitapla kendi ruhunuzda bir yolculu\u011fa \u00e7\u0131kabilirsiniz.<\/p>\n","protected":false},"excerpt":{"rendered":"<p>Mandala ile alternatif meditasyon \u015feklini ke\u015ffedin. Mandala, uzakdo\u011fu dinlerinde ruhsal ve t\u00f6rensel a\u00e7\u0131dan Evren&#8217;i temsil eden g\u00f6rsellere verilen isimdir. Bireysel meditasyon ve evren ile b\u00fct\u00fcnle\u015febilme niyetindeki<span class=\"excerpt-hellip\"> [\u2026]<\/span><\/p>\n","protected":false},"featured_media":0,"template":"","meta":{"_monsterinsights_skip_tracking":false,"_monsterinsights_sitenote_active":false,"_monsterinsights_sitenote_note":"","_monsterinsights_sitenote_category":0},"product_brand":[],"product_cat":[38511,15563],"product_tag":[],"class_list":{"0":"post-724530","1":"product","2":"type-product","3":"status-publish","5":"product_cat-buyukler-icin-boyama-mandala","6":"product_cat-hobi","7":"pa_cilt-ciltsiz","8":"pa_tur-kitap","9":"pa_yayinevi-yade-yayinlari","10":"pa_yazar-kolektif","12":"first","13":"instock","14":"sale","15":"shipping-taxable","16":"purchasable","17":"product-type-simple"},"_links":{"self":[{"href":"https:\/\/roveyayinevi.com.tr\/index.php\/wp-json\/wp\/v2\/product\/724530","targetHints":{"allow":["GET"]}}],"collection":[{"href":"https:\/\/roveyayinevi.com.tr\/index.php\/wp-json\/wp\/v2\/product"}],"about":[{"href":"https:\/\/roveyayinevi.com.tr\/index.php\/wp-json\/wp\/v2\/types\/product"}],"wp:attachment":[{"href":"https:\/\/roveyayinevi.com.tr\/index.php\/wp-json\/wp\/v2\/media?parent=724530"}],"wp:term":[{"taxonomy":"product_brand","embeddable":true,"href":"https:\/\/roveyayinevi.com.tr\/index.php\/wp-json\/wp\/v2\/product_brand?post=724530"},{"taxonomy":"product_cat","embeddable":true,"href":"https:\/\/roveyayinevi.com.tr\/index.php\/wp-json\/wp\/v2\/product_cat?post=724530"},{"taxonomy":"product_tag","embeddable":true,"href":"https:\/\/roveyayinevi.com.tr\/index.php\/wp-json\/wp\/v2\/product_tag?post=724530"}],"curies":[{"name":"wp","href":"https:\/\/api.w.org\/{rel}","templated":true}]}}