{"id":724528,"date":"2025-08-27T19:35:54","date_gmt":"2025-08-27T16:35:54","guid":{"rendered":"https:\/\/roveyayinevi.com.tr\/index.php\/urun\/tanricalar-ve-tanricanin-donusumleri\/"},"modified":"2026-04-16T02:32:23","modified_gmt":"2026-04-15T23:32:23","slug":"tanricalar-ve-tanricanin-donusumleri","status":"publish","type":"product","link":"https:\/\/roveyayinevi.com.tr\/index.php\/urun\/tanricalar-ve-tanricanin-donusumleri\/","title":{"rendered":"Tanr\u0131\u00e7alar ve Tanr\u0131\u00e7a\u2019n\u0131n D\u00f6n\u00fc\u015f\u00fcmleri"},"content":{"rendered":"<p>Kar\u015f\u0131la\u015ft\u0131rmal\u0131 mitoloji sahas\u0131n\u0131n \u00f6nde gelen isimlerinden Joseph Campbell\u2019\u0131n Tanr\u0131\u00e7alar isimli \u00e7al\u0131\u015fmas\u0131, tarih\u00f6ncesinden R\u00f6nesans\u2019a kadar tanr\u0131\u00e7a k\u00fclt\u00fcn\u00fcn do\u011fu\u015fu, geli\u015fimi ve d\u00f6n\u00fc\u015f\u00fcm\u00fc \u00fczerine ayr\u0131nt\u0131l\u0131 bir kitap. Haz\u0131rlan\u0131\u015f s\u00fcrecinde Campbell&#8217;\u0131n geni\u015f bir dinleyici kitlesine verdi\u011fi konferanslar\u0131n notlar\u0131ndan yararlan\u0131lan kitab\u0131n as\u0131l amac\u0131, g\u00fcn\u00fcm\u00fcz kad\u0131n\u0131na rehberlik edebilecek ezeli ve ebedi bir kad\u0131n fig\u00fcr\u00fc sunmak. Bu do\u011frultuda s\u0131k s\u0131k \u00e7a\u011fda\u015f d\u00fcnyaya dair yorumlar da yapan Campbell\u2019\u0131n metnine \u00e7ok say\u0131da g\u00f6rsel materyal e\u015flik ediyor.   \u201cG\u00fcn\u00fcm\u00fczde kad\u0131nlar\u0131n kar\u015f\u0131 kar\u015f\u0131ya bulundu\u011fu zorluklar\u0131n bir\u00e7o\u011fu, d\u00fcnyada \u00f6nceden erkeklere ayr\u0131lm\u0131\u015f olan ve mitolojik bir kad\u0131n modelinin yer almad\u0131\u011f\u0131 bir eylem alan\u0131na girmelerinden kaynaklan\u0131yor&#8230; Ya\u015fanmakta olan hi\u00e7bir \u015feyin modeli yok. Her \u015fey de\u011fi\u015fiyor, erkeklere ait vah\u015fi orman\u0131n kanunu bile. Gelece\u011fe serbest d\u00fc\u015f\u00fc\u015f d\u00f6nemindeyiz ve kad\u0131n erkek her birimizin kendi yolunu \u00e7izmesi gerek.\u201d <\/p>\n","protected":false},"excerpt":{"rendered":"<p>Kar\u015f\u0131la\u015ft\u0131rmal\u0131 mitoloji sahas\u0131n\u0131n \u00f6nde gelen isimlerinden Joseph Campbell\u2019\u0131n Tanr\u0131\u00e7alar isimli \u00e7al\u0131\u015fmas\u0131, tarih\u00f6ncesinden R\u00f6nesans\u2019a kadar tanr\u0131\u00e7a k\u00fclt\u00fcn\u00fcn do\u011fu\u015fu, geli\u015fimi ve d\u00f6n\u00fc\u015f\u00fcm\u00fc \u00fczerine ayr\u0131nt\u0131l\u0131 bir kitap. Haz\u0131rlan\u0131\u015f s\u00fcrecinde<span class=\"excerpt-hellip\"> [\u2026]<\/span><\/p>\n","protected":false},"featured_media":0,"template":"","meta":{"_monsterinsights_skip_tracking":false,"_monsterinsights_sitenote_active":false,"_monsterinsights_sitenote_note":"","_monsterinsights_sitenote_category":0},"product_brand":[],"product_cat":[12291,13706],"product_tag":[],"class_list":{"0":"post-724528","1":"product","2":"type-product","3":"status-publish","5":"product_cat-edebiyat","6":"product_cat-efsane-destan-masal","7":"pa_cilt-ciltsiz","8":"pa_tur-kitap","9":"pa_yayinevi-ithaki-yayinlari","10":"pa_yazar-joseph-campbell","12":"first","13":"instock","14":"sale","15":"shipping-taxable","16":"purchasable","17":"product-type-simple"},"_links":{"self":[{"href":"https:\/\/roveyayinevi.com.tr\/index.php\/wp-json\/wp\/v2\/product\/724528","targetHints":{"allow":["GET"]}}],"collection":[{"href":"https:\/\/roveyayinevi.com.tr\/index.php\/wp-json\/wp\/v2\/product"}],"about":[{"href":"https:\/\/roveyayinevi.com.tr\/index.php\/wp-json\/wp\/v2\/types\/product"}],"wp:attachment":[{"href":"https:\/\/roveyayinevi.com.tr\/index.php\/wp-json\/wp\/v2\/media?parent=724528"}],"wp:term":[{"taxonomy":"product_brand","embeddable":true,"href":"https:\/\/roveyayinevi.com.tr\/index.php\/wp-json\/wp\/v2\/product_brand?post=724528"},{"taxonomy":"product_cat","embeddable":true,"href":"https:\/\/roveyayinevi.com.tr\/index.php\/wp-json\/wp\/v2\/product_cat?post=724528"},{"taxonomy":"product_tag","embeddable":true,"href":"https:\/\/roveyayinevi.com.tr\/index.php\/wp-json\/wp\/v2\/product_tag?post=724528"}],"curies":[{"name":"wp","href":"https:\/\/api.w.org\/{rel}","templated":true}]}}