{"id":724527,"date":"2025-08-27T19:35:53","date_gmt":"2025-08-27T16:35:53","guid":{"rendered":"https:\/\/roveyayinevi.com.tr\/index.php\/urun\/gerisayim-kenti\/"},"modified":"2026-04-16T02:32:23","modified_gmt":"2026-04-15T23:32:23","slug":"gerisayim-kenti","status":"publish","type":"product","link":"https:\/\/roveyayinevi.com.tr\/index.php\/urun\/gerisayim-kenti\/","title":{"rendered":"Gerisay\u0131m Kenti"},"content":{"rendered":"<p>K\u0131yamet Polisi \u00fc\u00e7lemesi, serinin ikinci kitab\u0131 Gerisay\u0131m Kenti\u2019yle devam ediyor.   \u201cHER SE\u00c7\u0130M B\u0130R VAZGE\u00c7\u0130\u015eT\u0130R, HER ADIMINIZLA ARKANIZDA B\u0130NLERCE \u00d6L\u00dc MUHTEMEL EVREN BIRAKIRSINIZ.\u201d   K\u0131yamete yetmi\u015f yedi g\u00fcn kald\u0131. Uzaydaki k\u00fc\u00e7\u00fck mavi noktaya, yery\u00fcz\u00fcne, d\u00fcnyam\u0131za, 2011GV1 isimli bir asteroit \u00e7arpacak, ya\u015fam sona erecek. Dedektif Hank Palace ise i\u015fsiz art\u0131k, cinayetleri, gizemleri \u00e7\u00f6zd\u00fc\u011f\u00fc g\u00fcnler geride kald\u0131. Ta ki ge\u00e7mi\u015finden bir dostu, kay\u0131p kocas\u0131n\u0131 bulmas\u0131 i\u00e7in rica edene kadar.   Brett Cavatone arkas\u0131nda hi\u00e7bir iz b\u0131rakmadan kayboldu ama e\u015fi Martha kocas\u0131n\u0131n asla b\u00f6yle bir \u015fey yapmayaca\u011f\u0131na emin. Her \u015fey bitene dek birlikte olacaklar\u0131na s\u00f6z vermi\u015fler ve Brett s\u00f6z\u00fcnden d\u00f6necek bir adam de\u011fil, herkes b\u00f6yle diyor.   Hank Palace bu soru\u015fturmada kar\u015f\u0131s\u0131na \u00e7\u0131kan ipu\u00e7lar\u0131n\u0131 takip edip \u00fcniversite kamp\u00fcs\u00fcnden bozma bir \u00d6zg\u00fcr Cumhuriyet\u2019e gidecek ve \u00f6l\u00fcm\u00fc ertelemeye \u00e7al\u0131\u015fan m\u00fcltecilerin bu k\u0131yamet g\u00fcnlerinde de kar\u015f\u0131la\u015ft\u0131klar\u0131 merhametsizli\u011fe \u015fahit olacak. Palace\u2019\u0131n par\u00e7alanan bir toplumda, s\u00f6z\u00fcnden asla d\u00f6nmeyecek bir adam\u0131 bulup e\u015fine geri getirmesi laz\u0131m. Ama bunu niye yaps\u0131n ki? D\u00fcnyadaki bu k\u0131sa vaktini niye b\u00f6yle \u015feylerin pe\u015finden ko\u015fmaya harcas\u0131n?   K\u0131yamet Polisi \u00fc\u00e7lemesinin Philip K. Dick \u00f6d\u00fcll\u00fc ikinci cildi Gerisay\u0131m Kenti k\u0131yametin e\u015fi\u011finde bamba\u015fka bir gizem sunuyor ve Hank Palace bir kere daha \u201ckatil kim\u201d sorusunun \u00f6tesiyle y\u00fczle\u015fiyor: Biz insanlar, birbirimize ne bor\u00e7luyuz? \u00c7\u00f6ken bir medeniyette verdi\u011fimiz s\u00f6zlerin anlam\u0131 kal\u0131r m\u0131? Neden sonumuzu bile bile ya\u015famaya devam ediyoruz?   \u201cM\u00fcthi\u015f bir hayal g\u00fcc\u00fcn\u00fcn \u00fcr\u00fcn\u00fc, \u00fcstelik gayet ger\u00e7ek\u00e7i \u2013 yakla\u015fan k\u0131yametin bu kitaptaki gibi bir \u015fey olaca\u011f\u0131n\u0131 d\u00fc\u015f\u00fcnmek hi\u00e7 de zor de\u011fil. T\u00fcrleri harmanlamakta usta olan Winters yine kar\u015f\u0131m\u0131zda.\u201d \u2013Booklist   \u201cWinters, insanlar\u0131n en iyi d\u00fcrt\u00fclerinin pe\u015finden gitmeye \u00e7al\u0131\u015f\u0131rken nas\u0131l ba\u015fkalar\u0131n\u0131n en ilkel i\u00e7g\u00fcd\u00fclerinin kurban\u0131 olduklar\u0131n\u0131 anlatmay\u0131 \u00e7ok iyi ba\u015far\u0131yor.\u201d \u2013Toronto Star   \u201cPalace her \u015feye ra\u011fmen sevilesi bir karakter olarak kalmay\u0131 ba\u015far\u0131yor, tam k\u0131yamete yak\u0131\u015facak bir kahraman.\u201d \u2013Publishers Weekly <\/p>\n","protected":false},"excerpt":{"rendered":"<p>K\u0131yamet Polisi \u00fc\u00e7lemesi, serinin ikinci kitab\u0131 Gerisay\u0131m Kenti\u2019yle devam ediyor. \u201cHER SE\u00c7\u0130M B\u0130R VAZGE\u00c7\u0130\u015eT\u0130R, HER ADIMINIZLA ARKANIZDA B\u0130NLERCE \u00d6L\u00dc MUHTEMEL EVREN BIRAKIRSINIZ.\u201d K\u0131yamete yetmi\u015f yedi g\u00fcn<span class=\"excerpt-hellip\"> [\u2026]<\/span><\/p>\n","protected":false},"featured_media":0,"template":"","meta":{"_monsterinsights_skip_tracking":false,"_monsterinsights_sitenote_active":false,"_monsterinsights_sitenote_note":"","_monsterinsights_sitenote_category":0},"product_brand":[],"product_cat":[12540,12291],"product_tag":[],"class_list":{"0":"post-724527","1":"product","2":"type-product","3":"status-publish","5":"product_cat-bilim-kurgu","6":"product_cat-edebiyat","7":"pa_cilt-ciltsiz","8":"pa_tur-kitap","9":"pa_yayinevi-ithaki-yayinlari","10":"pa_yazar-ben-h-winters","12":"first","13":"instock","14":"sale","15":"shipping-taxable","16":"purchasable","17":"product-type-simple"},"_links":{"self":[{"href":"https:\/\/roveyayinevi.com.tr\/index.php\/wp-json\/wp\/v2\/product\/724527","targetHints":{"allow":["GET"]}}],"collection":[{"href":"https:\/\/roveyayinevi.com.tr\/index.php\/wp-json\/wp\/v2\/product"}],"about":[{"href":"https:\/\/roveyayinevi.com.tr\/index.php\/wp-json\/wp\/v2\/types\/product"}],"wp:attachment":[{"href":"https:\/\/roveyayinevi.com.tr\/index.php\/wp-json\/wp\/v2\/media?parent=724527"}],"wp:term":[{"taxonomy":"product_brand","embeddable":true,"href":"https:\/\/roveyayinevi.com.tr\/index.php\/wp-json\/wp\/v2\/product_brand?post=724527"},{"taxonomy":"product_cat","embeddable":true,"href":"https:\/\/roveyayinevi.com.tr\/index.php\/wp-json\/wp\/v2\/product_cat?post=724527"},{"taxonomy":"product_tag","embeddable":true,"href":"https:\/\/roveyayinevi.com.tr\/index.php\/wp-json\/wp\/v2\/product_tag?post=724527"}],"curies":[{"name":"wp","href":"https:\/\/api.w.org\/{rel}","templated":true}]}}