{"id":724526,"date":"2025-08-27T19:35:52","date_gmt":"2025-08-27T16:35:52","guid":{"rendered":"https:\/\/roveyayinevi.com.tr\/index.php\/urun\/tastaki-dikis-izi\/"},"modified":"2026-04-16T02:32:23","modified_gmt":"2026-04-15T23:32:23","slug":"tastaki-dikis-izi","status":"publish","type":"product","link":"https:\/\/roveyayinevi.com.tr\/index.php\/urun\/tastaki-dikis-izi\/","title":{"rendered":"Ta\u015ftaki Diki\u015f \u0130zi"},"content":{"rendered":"<p>Herkes en az iki dil biliyor ne mutlu Herkes birka\u00e7 insan, birka\u00e7 cennet, birka\u00e7 \u00f6m\u00fcr Bense hep yar\u0131m a\u011f\u0131z konu\u015fuyorum Dilim pek d\u00f6nm\u00fcyor, hem utan\u0131yorum Bir \u00f6mr\u00fcm daha olsa s\u0131k\u0131l\u0131r\u0131m diye d\u00fc\u015f\u00fcn\u00fcyorum <\/p>\n","protected":false},"excerpt":{"rendered":"<p>Herkes en az iki dil biliyor ne mutlu Herkes birka\u00e7 insan, birka\u00e7 cennet, birka\u00e7 \u00f6m\u00fcr Bense hep yar\u0131m a\u011f\u0131z konu\u015fuyorum Dilim pek d\u00f6nm\u00fcyor, hem utan\u0131yorum Bir<span class=\"excerpt-hellip\"> [\u2026]<\/span><\/p>\n","protected":false},"featured_media":0,"template":"","meta":{"_monsterinsights_skip_tracking":false,"_monsterinsights_sitenote_active":false,"_monsterinsights_sitenote_note":"","_monsterinsights_sitenote_category":0},"product_brand":[],"product_cat":[12291,12509],"product_tag":[],"class_list":{"0":"post-724526","1":"product","2":"type-product","3":"status-publish","5":"product_cat-edebiyat","6":"product_cat-siir","7":"pa_cilt-ciltsiz","8":"pa_tur-kitap","9":"pa_yayinevi-ithaki-yayinlari","10":"pa_yazar-devrim-horlu","12":"first","13":"instock","14":"sale","15":"shipping-taxable","16":"purchasable","17":"product-type-simple"},"_links":{"self":[{"href":"https:\/\/roveyayinevi.com.tr\/index.php\/wp-json\/wp\/v2\/product\/724526","targetHints":{"allow":["GET"]}}],"collection":[{"href":"https:\/\/roveyayinevi.com.tr\/index.php\/wp-json\/wp\/v2\/product"}],"about":[{"href":"https:\/\/roveyayinevi.com.tr\/index.php\/wp-json\/wp\/v2\/types\/product"}],"wp:attachment":[{"href":"https:\/\/roveyayinevi.com.tr\/index.php\/wp-json\/wp\/v2\/media?parent=724526"}],"wp:term":[{"taxonomy":"product_brand","embeddable":true,"href":"https:\/\/roveyayinevi.com.tr\/index.php\/wp-json\/wp\/v2\/product_brand?post=724526"},{"taxonomy":"product_cat","embeddable":true,"href":"https:\/\/roveyayinevi.com.tr\/index.php\/wp-json\/wp\/v2\/product_cat?post=724526"},{"taxonomy":"product_tag","embeddable":true,"href":"https:\/\/roveyayinevi.com.tr\/index.php\/wp-json\/wp\/v2\/product_tag?post=724526"}],"curies":[{"name":"wp","href":"https:\/\/api.w.org\/{rel}","templated":true}]}}