{"id":724524,"date":"2025-08-27T19:35:50","date_gmt":"2025-08-27T16:35:50","guid":{"rendered":"https:\/\/roveyayinevi.com.tr\/index.php\/urun\/kristal-tac-ciltli\/"},"modified":"2026-04-16T02:32:23","modified_gmt":"2026-04-15T23:32:23","slug":"kristal-tac-ciltli","status":"publish","type":"product","link":"https:\/\/roveyayinevi.com.tr\/index.php\/urun\/kristal-tac-ciltli\/","title":{"rendered":"Kristal Ta\u00e7 (Ciltli)"},"content":{"rendered":"<p>Ate\u015f ve R\u00fczg\u00e2r\u2019\u0131n son dans\u0131   Kana susam\u0131\u015f kral yerini bir deliye b\u0131rakm\u0131\u015f ve Solaris \u0130mparatorlu\u011fu \u00f6l\u00fcm ile g\u00f6lgelenmi\u015fti. Herkesin \u00f6ld\u00fc sand\u0131\u011f\u0131 Vhalla ve Aldrik, yanlar\u0131nda birka\u00e7 m\u00fcttefikle hayatlar\u0131n\u0131n en b\u00fcy\u00fck sava\u015f\u0131na haz\u0131rlan\u0131yorlard\u0131. Bu yolculukta, b\u00fcy\u00fcs\u00fc olmadan sevdi\u011fi adam\u0131n yan\u0131ndaki yerini bulmaya \u00e7al\u0131\u015fan Vhalla kaderini ba\u015ftan yazd\u0131\u011f\u0131na inan\u0131yordu. Peki ya gecenin en karanl\u0131k \u00e2n\u0131nda yeni \u015fafa\u011f\u0131 g\u00f6rebilmenin bedelini \u00f6deyebilecek miydi?   \u201cHava Uyan\u0131yor serisi i\u00e7imde f\u0131rt\u0131nalar kopard\u0131. Bu maceray\u0131 d\u00fcnyalara de\u011fi\u015fmem.\u201d \u2014Booknest   \u201cKristal Ta\u00e7 kesinlikle t\u00fcm dikkatleri \u00fczerine \u00e7ekecek.\u201d \u2014Milky Way of Books   \u201cHava Uyan\u0131yor serisi o kadar muhte\u015fem ki tekrar tekrar okuyaca\u011f\u0131mdan eminim.\u201d \u2014Jasmine Pearl Reads   \u201cDuygusal bir yolculuk oldu ama her \u00e2n\u0131 paha bi\u00e7ilmezdi.\u201d \u2014BookCatPin <\/p>\n","protected":false},"excerpt":{"rendered":"<p>Ate\u015f ve R\u00fczg\u00e2r\u2019\u0131n son dans\u0131 Kana susam\u0131\u015f kral yerini bir deliye b\u0131rakm\u0131\u015f ve Solaris \u0130mparatorlu\u011fu \u00f6l\u00fcm ile g\u00f6lgelenmi\u015fti. Herkesin \u00f6ld\u00fc sand\u0131\u011f\u0131 Vhalla ve Aldrik, yanlar\u0131nda birka\u00e7<span class=\"excerpt-hellip\"> [\u2026]<\/span><\/p>\n","protected":false},"featured_media":0,"template":"","meta":{"_monsterinsights_skip_tracking":false,"_monsterinsights_sitenote_active":false,"_monsterinsights_sitenote_note":"","_monsterinsights_sitenote_category":0},"product_brand":[],"product_cat":[12291,14777],"product_tag":[],"class_list":{"0":"post-724524","1":"product","2":"type-product","3":"status-publish","5":"product_cat-edebiyat","6":"product_cat-fantastik","7":"pa_cilt-ciltli","8":"pa_tur-kitap","9":"pa_yayinevi-yabanci-yayinevi","10":"pa_yazar-elise-kova","12":"first","13":"instock","14":"sale","15":"shipping-taxable","16":"purchasable","17":"product-type-simple"},"_links":{"self":[{"href":"https:\/\/roveyayinevi.com.tr\/index.php\/wp-json\/wp\/v2\/product\/724524","targetHints":{"allow":["GET"]}}],"collection":[{"href":"https:\/\/roveyayinevi.com.tr\/index.php\/wp-json\/wp\/v2\/product"}],"about":[{"href":"https:\/\/roveyayinevi.com.tr\/index.php\/wp-json\/wp\/v2\/types\/product"}],"wp:attachment":[{"href":"https:\/\/roveyayinevi.com.tr\/index.php\/wp-json\/wp\/v2\/media?parent=724524"}],"wp:term":[{"taxonomy":"product_brand","embeddable":true,"href":"https:\/\/roveyayinevi.com.tr\/index.php\/wp-json\/wp\/v2\/product_brand?post=724524"},{"taxonomy":"product_cat","embeddable":true,"href":"https:\/\/roveyayinevi.com.tr\/index.php\/wp-json\/wp\/v2\/product_cat?post=724524"},{"taxonomy":"product_tag","embeddable":true,"href":"https:\/\/roveyayinevi.com.tr\/index.php\/wp-json\/wp\/v2\/product_tag?post=724524"}],"curies":[{"name":"wp","href":"https:\/\/api.w.org\/{rel}","templated":true}]}}