{"id":724523,"date":"2025-08-27T19:35:49","date_gmt":"2025-08-27T16:35:49","guid":{"rendered":"https:\/\/roveyayinevi.com.tr\/index.php\/urun\/ofkeli-ejderhani-nasil-dizginlersin\/"},"modified":"2026-04-16T02:32:23","modified_gmt":"2026-04-15T23:32:23","slug":"ofkeli-ejderhani-nasil-dizginlersin","status":"publish","type":"product","link":"https:\/\/roveyayinevi.com.tr\/index.php\/urun\/ofkeli-ejderhani-nasil-dizginlersin\/","title":{"rendered":"\u00d6fkeli Ejderhan\u0131 Nas\u0131l Dizginlersin?"},"content":{"rendered":"<p>\u0130\u00e7inizdeki ejderhan\u0131n sizi ele ge\u00e7irmesine izin vermeyin! \u00d6fkeli Ejderhan\u0131 Nas\u0131l Dizginlersin?, &#8220;K\u00fc\u00e7\u00fck Y\u0131ld\u0131zlar &#8211; \u0130lk Okuma Kitapl\u0131\u011f\u0131&#8221; serisindeki yerini al\u0131yor.&#8221;Okuma Seviyesi 1&#8243; olarak s\u0131n\u0131fland\u0131r\u0131lan bu duyarl\u0131 \u00f6yk\u00fc, 7 ya\u015f ve \u00fczerindeki \u00f6\u011frencilerin empati yoluyla duygular\u0131n\u0131 tan\u0131malar\u0131na f\u0131rsat sunuyor; onlar\u0131 yepyeni s\u00f6zc\u00fckler e\u015fli\u011finde, hem d\u00fc\u015f\u00fcnd\u00fcr\u00fcc\u00fc hem de \u00f6\u011fretici bir kendini ke\u015fif ser\u00fcvenine \u00e7\u0131kar\u0131yor.  Naif ki\u015fili\u011fi nedeniyle \u00f6fkesine (ve pek tabii, ejderhas\u0131na) s\u00f6z ge\u00e7iremeyen Doruk ile onu sakinle\u015ftirmeye \u00e7al\u0131\u015fan sa\u011fduyulu arkada\u015f\u0131 Maya aras\u0131nda geli\u015fen duygu ve d\u00fc\u015f\u00fcnce al\u0131\u015fveri\u015fini sayfalar\u0131na ta\u015f\u0131yan \u00d6fkeli Ejderhan\u0131 Nas\u0131l Dizginlersin?, \u00f6zellikle k\u00fc\u00e7\u00fck \u00e7ocuklar\u0131n ba\u015f etmekte zorland\u0131klar\u0131 \u00f6fke kontrol\u00fc ve stres y\u00f6netimi gibi hassas konulara dikkat \u00e7ekiyor, yeterince d\u00fc\u015f\u00fcnmeden hareket etmenin sorun \u00e7\u00f6zme ve karar verme \u00fczerindeki etkilerini tart\u0131\u015f\u0131yor.   Doruk hem \u00f6fkeli hem de \u00e7ok \u00fczg\u00fcn. Kendisiyle hi\u00e7 ilgisi olmayan bir konu y\u00fcz\u00fcnden, haks\u0131z yere \u00f6\u011fretmeni taraf\u0131ndan sorguland\u0131\u011f\u0131 i\u00e7in olduk\u00e7a rahats\u0131z. \u00d6fkesinden karn\u0131 a\u011fr\u0131yor, midesi bulan\u0131yor&#8230; \u00dcstelik bu karma\u015f\u0131k duygular\u0131 ya\u015fayan bir tek o de\u011fil. Hemen yan\u0131 ba\u015f\u0131nda beliren ejderha da onunla ayn\u0131 hisleri payla\u015f\u0131yor. Hatta belki \u00e7ok daha fazlas\u0131n\u0131! Ejderha, burnundan solumas\u0131 yetmezmi\u015f gibi, b\u00fcy\u00fcd\u00fck\u00e7e b\u00fcy\u00fcyor, \u00fcst\u00fcne bir de a\u011fz\u0131ndan kocaman bir ate\u015f topu f\u0131rlat\u0131yor! Ne Doruk ne de ejderhas\u0131 duygular\u0131yla ba\u015fa \u00e7\u0131kabilecek gibi g\u00f6r\u00fcn\u00fcyor&#8230; Ama neyse ki Maya var! Bakal\u0131m Maya&#8217;n\u0131n manevi deste\u011fi ve dayan\u0131\u015fmas\u0131, k\u0131pk\u0131rm\u0131z\u0131 kesilip kontrollerini yitiren Doruk&#8217;un ve ejderhas\u0131n\u0131n \u00f6fkesini dizginlemeye yetecek mi?   Farkl\u0131 duygu durumlar\u0131na a\u00e7\u0131kl\u0131k getirmeye \u00e7al\u0131\u015farak okurlar\u0131n\u0131n empati kurma yetilerini geli\u015ftirmeyi hedefleyen bu d\u00fc\u015f\u00fcnd\u00fcr\u00fcc\u00fc \u00f6yk\u00fc, herkesi i\u00e7indeki ejderhay\u0131 daha yak\u0131ndan tan\u0131maya ve onu dizginlemenin yollar\u0131n\u0131 \u00f6\u011frenmeye \u00e7a\u011f\u0131r\u0131yor. \u00d6fkeli Ejderhan\u0131 Nas\u0131l Dizginlersin?, son b\u00f6l\u00fcm\u00fcnde yer verdi\u011fi muhte\u015fem bulmacalar, harika oyunlar ve s\u00f6zl\u00fck sayfalar\u0131yla, yeni okurlar\u0131n kelime da\u011farc\u0131\u011f\u0131n\u0131 zenginle\u015ftiriyor, okuduklar\u0131n\u0131 daha iyi anlamalar\u0131na ve peki\u015ftirmelerine olanak sa\u011fl\u0131yor. <\/p>\n","protected":false},"excerpt":{"rendered":"<p>\u0130\u00e7inizdeki ejderhan\u0131n sizi ele ge\u00e7irmesine izin vermeyin! \u00d6fkeli Ejderhan\u0131 Nas\u0131l Dizginlersin?, &#8220;K\u00fc\u00e7\u00fck Y\u0131ld\u0131zlar &#8211; \u0130lk Okuma Kitapl\u0131\u011f\u0131&#8221; serisindeki yerini al\u0131yor.&#8221;Okuma Seviyesi 1&#8243; olarak s\u0131n\u0131fland\u0131r\u0131lan bu duyarl\u0131<span class=\"excerpt-hellip\"> [\u2026]<\/span><\/p>\n","protected":false},"featured_media":0,"template":"","meta":{"_monsterinsights_skip_tracking":false,"_monsterinsights_sitenote_active":false,"_monsterinsights_sitenote_note":"","_monsterinsights_sitenote_category":0},"product_brand":[],"product_cat":[12275,12274],"product_tag":[],"class_list":{"0":"post-724523","1":"product","2":"type-product","3":"status-publish","5":"product_cat-6-12-yas-kitaplari","6":"product_cat-cocuk-ve-genclik-kitaplari","7":"pa_cilt-ciltsiz","8":"pa_tur-kitap","9":"pa_yayinevi-tudem-yayinlari","10":"pa_yazar-petra-barto-y-eckert","12":"first","13":"instock","14":"sale","15":"shipping-taxable","16":"purchasable","17":"product-type-simple"},"_links":{"self":[{"href":"https:\/\/roveyayinevi.com.tr\/index.php\/wp-json\/wp\/v2\/product\/724523","targetHints":{"allow":["GET"]}}],"collection":[{"href":"https:\/\/roveyayinevi.com.tr\/index.php\/wp-json\/wp\/v2\/product"}],"about":[{"href":"https:\/\/roveyayinevi.com.tr\/index.php\/wp-json\/wp\/v2\/types\/product"}],"wp:attachment":[{"href":"https:\/\/roveyayinevi.com.tr\/index.php\/wp-json\/wp\/v2\/media?parent=724523"}],"wp:term":[{"taxonomy":"product_brand","embeddable":true,"href":"https:\/\/roveyayinevi.com.tr\/index.php\/wp-json\/wp\/v2\/product_brand?post=724523"},{"taxonomy":"product_cat","embeddable":true,"href":"https:\/\/roveyayinevi.com.tr\/index.php\/wp-json\/wp\/v2\/product_cat?post=724523"},{"taxonomy":"product_tag","embeddable":true,"href":"https:\/\/roveyayinevi.com.tr\/index.php\/wp-json\/wp\/v2\/product_tag?post=724523"}],"curies":[{"name":"wp","href":"https:\/\/api.w.org\/{rel}","templated":true}]}}