{"id":724522,"date":"2025-08-27T19:35:48","date_gmt":"2025-08-27T16:35:48","guid":{"rendered":"https:\/\/roveyayinevi.com.tr\/index.php\/urun\/atlas-etkinlik-kitabi\/"},"modified":"2026-04-16T02:32:23","modified_gmt":"2026-04-15T23:32:23","slug":"atlas-etkinlik-kitabi","status":"publish","type":"product","link":"https:\/\/roveyayinevi.com.tr\/index.php\/urun\/atlas-etkinlik-kitabi\/","title":{"rendered":"Atlas Etkinlik Kitab\u0131"},"content":{"rendered":"<p>\u00c7OK SEV\u0130LEN ATLAS\u2019IN YARATICILARINDAN, GEN\u00c7 K\u00c2\u015e\u0130FLER \u0130\u00c7\u0130N E\u011eLENCEL\u0130, \u0130LHAM VER\u0130C\u0130 VE MACERA DOLU 37 ETK\u0130NL\u0130K ve OYUN   D\u00fcnyan\u0131n d\u00f6rt k\u00f6\u015fesine kalemle seyahat ba\u015fl\u0131yor! Kendi haritalar\u0131n\u0131 olu\u015ftur, bayra\u011f\u0131n\u0131 tasarla, Tayland\u2019\u0131n y\u00fczen pazarlar\u0131nda gezin, Minotaur i\u00e7in labirentten \u00e7\u0131k\u0131\u015f yolunu bul, Everest t\u0131rman\u0131\u015f\u0131na haz\u0131rlan, \u0130spanya\u2019daki insan kulesini tamamla, Meksika\u2019n\u0131n kafatas\u0131 \u015fekerlemelerini s\u00fcsle, Japon kimonosu i\u00e7in kendi desenini yarat. D\u00fcnya senin tuvalin! <\/p>\n","protected":false},"excerpt":{"rendered":"<p>\u00c7OK SEV\u0130LEN ATLAS\u2019IN YARATICILARINDAN, GEN\u00c7 K\u00c2\u015e\u0130FLER \u0130\u00c7\u0130N E\u011eLENCEL\u0130, \u0130LHAM VER\u0130C\u0130 VE MACERA DOLU 37 ETK\u0130NL\u0130K ve OYUN D\u00fcnyan\u0131n d\u00f6rt k\u00f6\u015fesine kalemle seyahat ba\u015fl\u0131yor! Kendi haritalar\u0131n\u0131 olu\u015ftur,<span class=\"excerpt-hellip\"> [\u2026]<\/span><\/p>\n","protected":false},"featured_media":0,"template":"","meta":{"_monsterinsights_skip_tracking":false,"_monsterinsights_sitenote_active":false,"_monsterinsights_sitenote_note":"","_monsterinsights_sitenote_category":0},"product_brand":[],"product_cat":[12275,12274],"product_tag":[],"class_list":{"0":"post-724522","1":"product","2":"type-product","3":"status-publish","5":"product_cat-6-12-yas-kitaplari","6":"product_cat-cocuk-ve-genclik-kitaplari","7":"pa_cilt-ciltsiz","8":"pa_tur-kitap","9":"pa_yayinevi-domingo-yayinevi","10":"pa_yazar-aleksandra-mizielinska-daniel-mizielinski","12":"first","13":"instock","14":"sale","15":"shipping-taxable","16":"purchasable","17":"product-type-simple"},"_links":{"self":[{"href":"https:\/\/roveyayinevi.com.tr\/index.php\/wp-json\/wp\/v2\/product\/724522","targetHints":{"allow":["GET"]}}],"collection":[{"href":"https:\/\/roveyayinevi.com.tr\/index.php\/wp-json\/wp\/v2\/product"}],"about":[{"href":"https:\/\/roveyayinevi.com.tr\/index.php\/wp-json\/wp\/v2\/types\/product"}],"wp:attachment":[{"href":"https:\/\/roveyayinevi.com.tr\/index.php\/wp-json\/wp\/v2\/media?parent=724522"}],"wp:term":[{"taxonomy":"product_brand","embeddable":true,"href":"https:\/\/roveyayinevi.com.tr\/index.php\/wp-json\/wp\/v2\/product_brand?post=724522"},{"taxonomy":"product_cat","embeddable":true,"href":"https:\/\/roveyayinevi.com.tr\/index.php\/wp-json\/wp\/v2\/product_cat?post=724522"},{"taxonomy":"product_tag","embeddable":true,"href":"https:\/\/roveyayinevi.com.tr\/index.php\/wp-json\/wp\/v2\/product_tag?post=724522"}],"curies":[{"name":"wp","href":"https:\/\/api.w.org\/{rel}","templated":true}]}}