{"id":724521,"date":"2025-08-27T19:35:48","date_gmt":"2025-08-27T16:35:48","guid":{"rendered":"https:\/\/roveyayinevi.com.tr\/index.php\/urun\/spa-masaj-ve-yoneticilik-rehberi\/"},"modified":"2026-04-16T02:32:23","modified_gmt":"2026-04-15T23:32:23","slug":"spa-masaj-ve-yoneticilik-rehberi","status":"publish","type":"product","link":"https:\/\/roveyayinevi.com.tr\/index.php\/urun\/spa-masaj-ve-yoneticilik-rehberi\/","title":{"rendered":"SPA, Masaj ve Y\u00f6neticilik Rehberi"},"content":{"rendered":"<p>Masaj, yumu\u015fak dokulara uygulanan, organizma \u00fczerine birden fazla tesiri bulunan manip\u00fclatif tekniklerdir. Masaj\u0131n, \u00f6zellikle lokomotor sistem ve kardiyovask\u00fcler sistem ba\u015fta olmak \u00fczere organizmay\u0131 olu\u015fturan di\u011fer sistemler \u00fczerine de birden fazla fizyolojik, mekanik ve psikolojik tesirleri bulunmaktad\u0131r. Tekni\u011fine uygun ve bilin\u00e7li uyguland\u0131\u011f\u0131 takdirde istenilen sonu\u00e7 elde edilebilir. Bilinmelidir ki bilin\u00e7siz yap\u0131lan masaj birey sa\u011fl\u0131\u011f\u0131n\u0131 olumsuz etkileyecektir. Bu sebeple konusunda uzman, e\u011fitimli, prensipli ve meslek eti\u011fine uyan terapistler\u2019e gereksinim vard\u0131r. Bu \u00e7al\u0131\u015fmada, y\u00f6netim ve y\u00f6netici kavramlar\u0131na de\u011finilerek, y\u00f6netim ile y\u00f6neticili\u011fin \u00f6nemi ve y\u00f6netim s\u00fcreci, y\u00f6netici tipleri, y\u00f6netici rolleri gibi konular \u00fczerinde durulmu\u015ftur. Spa, Masaj, Y\u00f6netim ve Y\u00f6neticilik ile ilgili \u00e7al\u0131\u015fmalar\u0131 inceleyerek, tekni\u011fe uygun \u015fekilde yapmay\u0131 \u00f6\u011frenerek, gerekli olan bilgi, becerileri kazanacak ve bundan sonra yap\u0131lacak \u00e7al\u0131\u015fmalara kaynak olu\u015fturacakt\u0131r. <\/p>\n","protected":false},"excerpt":{"rendered":"<p>Masaj, yumu\u015fak dokulara uygulanan, organizma \u00fczerine birden fazla tesiri bulunan manip\u00fclatif tekniklerdir. Masaj\u0131n, \u00f6zellikle lokomotor sistem ve kardiyovask\u00fcler sistem ba\u015fta olmak \u00fczere organizmay\u0131 olu\u015fturan di\u011fer sistemler<span class=\"excerpt-hellip\"> [\u2026]<\/span><\/p>\n","protected":false},"featured_media":0,"template":"","meta":{"_monsterinsights_skip_tracking":false,"_monsterinsights_sitenote_active":false,"_monsterinsights_sitenote_note":"","_monsterinsights_sitenote_category":0},"product_brand":[],"product_cat":[13055,13054],"product_tag":[],"class_list":{"0":"post-724521","1":"product","2":"type-product","3":"status-publish","5":"product_cat-gezi-rehberi","6":"product_cat-gezi-ve-rehber-kitaplari","7":"pa_cilt-ciltsiz","8":"pa_tur-kitap","9":"pa_yayinevi-astana-yayinlari","10":"pa_yazar-metin-yenigun","12":"first","13":"instock","14":"sale","15":"shipping-taxable","16":"purchasable","17":"product-type-simple"},"_links":{"self":[{"href":"https:\/\/roveyayinevi.com.tr\/index.php\/wp-json\/wp\/v2\/product\/724521","targetHints":{"allow":["GET"]}}],"collection":[{"href":"https:\/\/roveyayinevi.com.tr\/index.php\/wp-json\/wp\/v2\/product"}],"about":[{"href":"https:\/\/roveyayinevi.com.tr\/index.php\/wp-json\/wp\/v2\/types\/product"}],"wp:attachment":[{"href":"https:\/\/roveyayinevi.com.tr\/index.php\/wp-json\/wp\/v2\/media?parent=724521"}],"wp:term":[{"taxonomy":"product_brand","embeddable":true,"href":"https:\/\/roveyayinevi.com.tr\/index.php\/wp-json\/wp\/v2\/product_brand?post=724521"},{"taxonomy":"product_cat","embeddable":true,"href":"https:\/\/roveyayinevi.com.tr\/index.php\/wp-json\/wp\/v2\/product_cat?post=724521"},{"taxonomy":"product_tag","embeddable":true,"href":"https:\/\/roveyayinevi.com.tr\/index.php\/wp-json\/wp\/v2\/product_tag?post=724521"}],"curies":[{"name":"wp","href":"https:\/\/api.w.org\/{rel}","templated":true}]}}