{"id":724518,"date":"2025-08-27T19:35:46","date_gmt":"2025-08-27T16:35:46","guid":{"rendered":"https:\/\/roveyayinevi.com.tr\/index.php\/urun\/yerel-secim-ve-siyasal-tercih\/"},"modified":"2026-04-16T02:32:23","modified_gmt":"2026-04-15T23:32:23","slug":"yerel-secim-ve-siyasal-tercih","status":"publish","type":"product","link":"https:\/\/roveyayinevi.com.tr\/index.php\/urun\/yerel-secim-ve-siyasal-tercih\/","title":{"rendered":"Yerel Se\u00e7im ve Siyasal Tercih"},"content":{"rendered":"<p>Oy kullanmak onaylama m\u0131 yoksa bir se\u00e7me eylemi midir? Se\u00e7menlerin tercihlerinde hangi fakt\u00f6rler etkilidir? Se\u00e7men davran\u0131\u015flar\u0131na etki eden bir\u00e7ok fakt\u00f6r bulunmakta olup hangi fakt\u00f6r\u00fcn se\u00e7men nezdinde daha etkili oldu\u011fu \u00f6teden beri tart\u0131\u015fma konusudur. Bu fakt\u00f6rlere y\u00f6nelik yakla\u015f\u0131mlar; Sosyolojik, Psikolojik, Ekonomik yakla\u015f\u0131m olarak \u00fc\u00e7 ana ba\u015fl\u0131kta toplanmaktad\u0131r.Bu kitapta yer alan \u00e7al\u0131\u015fman\u0131n temel amac\u0131 31 Mart 2019 Yerel se\u00e7imlerinde bireylerin oy verme davran\u0131\u015flar\u0131na etki eden fakt\u00f6rlerin neler oldu\u011fu ve ekonomik indikat\u00f6rlerin bireylerin oy verme davran\u0131\u015f\u0131nda belirleyici olup olmad\u0131\u011f\u0131n\u0131 Antalya ilinde ara\u015ft\u0131rmakt\u0131r. Yerel Se\u00e7imlerde se\u00e7men davran\u0131\u015flar\u0131n\u0131 farkl\u0131 bir bak\u0131\u015f a\u00e7\u0131s\u0131yla ele alan bu kitapta sosyo-psikolojik ve ekonomik fakt\u00f6rlerin se\u00e7menlerin se\u00e7im tercihlerini ne \u00f6l\u00e7\u00fcde etkiledi\u011fi farkl\u0131 de\u011fi\u015fkenler a\u00e7\u0131s\u0131ndan ortaya konulmaya \u00e7al\u0131\u015f\u0131lm\u0131\u015ft\u0131r. Bu kitab\u0131n siyasal ileti\u015fim alan\u0131nda \u00e7al\u0131\u015fan ara\u015ft\u0131rmac\u0131lara ve yerel siyaset\u00e7ilere ve siyasi partilere katk\u0131 sa\u011flamas\u0131 dile\u011fiyle\u2026<\/p>\n","protected":false},"excerpt":{"rendered":"<p>Oy kullanmak onaylama m\u0131 yoksa bir se\u00e7me eylemi midir? Se\u00e7menlerin tercihlerinde hangi fakt\u00f6rler etkilidir? Se\u00e7men davran\u0131\u015flar\u0131na etki eden bir\u00e7ok fakt\u00f6r bulunmakta olup hangi fakt\u00f6r\u00fcn se\u00e7men nezdinde<span class=\"excerpt-hellip\"> [\u2026]<\/span><\/p>\n","protected":false},"featured_media":0,"template":"","meta":{"_monsterinsights_skip_tracking":false,"_monsterinsights_sitenote_active":false,"_monsterinsights_sitenote_note":"","_monsterinsights_sitenote_category":0},"product_brand":[],"product_cat":[15983,13488],"product_tag":[],"class_list":{"0":"post-724518","1":"product","2":"type-product","3":"status-publish","5":"product_cat-iletisim-ve-medya","6":"product_cat-toplum-ve-insan","7":"pa_cilt-ciltsiz","8":"pa_tur-kitap","9":"pa_yayinevi-astana-yayinlari","10":"pa_yazar-oguz-han-oztay","12":"first","13":"instock","14":"sale","15":"shipping-taxable","16":"purchasable","17":"product-type-simple"},"_links":{"self":[{"href":"https:\/\/roveyayinevi.com.tr\/index.php\/wp-json\/wp\/v2\/product\/724518","targetHints":{"allow":["GET"]}}],"collection":[{"href":"https:\/\/roveyayinevi.com.tr\/index.php\/wp-json\/wp\/v2\/product"}],"about":[{"href":"https:\/\/roveyayinevi.com.tr\/index.php\/wp-json\/wp\/v2\/types\/product"}],"wp:attachment":[{"href":"https:\/\/roveyayinevi.com.tr\/index.php\/wp-json\/wp\/v2\/media?parent=724518"}],"wp:term":[{"taxonomy":"product_brand","embeddable":true,"href":"https:\/\/roveyayinevi.com.tr\/index.php\/wp-json\/wp\/v2\/product_brand?post=724518"},{"taxonomy":"product_cat","embeddable":true,"href":"https:\/\/roveyayinevi.com.tr\/index.php\/wp-json\/wp\/v2\/product_cat?post=724518"},{"taxonomy":"product_tag","embeddable":true,"href":"https:\/\/roveyayinevi.com.tr\/index.php\/wp-json\/wp\/v2\/product_tag?post=724518"}],"curies":[{"name":"wp","href":"https:\/\/api.w.org\/{rel}","templated":true}]}}