{"id":724513,"date":"2025-08-27T19:35:41","date_gmt":"2025-08-27T16:35:41","guid":{"rendered":"https:\/\/roveyayinevi.com.tr\/index.php\/urun\/balkon-sefasi\/"},"modified":"2026-04-16T02:32:23","modified_gmt":"2026-04-15T23:32:23","slug":"balkon-sefasi","status":"publish","type":"product","link":"https:\/\/roveyayinevi.com.tr\/index.php\/urun\/balkon-sefasi\/","title":{"rendered":"Balkon Sefas\u0131"},"content":{"rendered":"<p>Sar\u0131 telefon bir g\u00fcn olsun \u00e7almad\u0131\u011f\u0131 halde sehpadaki varl\u0131\u011f\u0131n\u0131 senelerce korudu. Zamanla ahizesi k\u0131r\u0131ld\u0131, sonra tu\u015flar\u0131 \u00e7\u0131kt\u0131, ard\u0131ndan kablosu koptu. Bir sabah annem sar\u0131 telefonu k\u00f6m\u00fcr sobas\u0131na att\u0131. \u0130\u00e7imde, sivilceli ve \u00e7illi bir \u00e7ocu\u011fun \u201cAlo!\u201d sesini duydum. A\u00e7sayd\u0131n, \u201cSeni seviyorum,\u201d diyecektim.   \u0130smail Saymaz, bazen bir Erzurum t\u00fcrk\u00fcs\u00fcn\u00fcn solu\u011funu ya da Karadeniz\u2019in yerinde duramayan r\u00fczg\u00e2r\u0131n\u0131 \u0130stanbul\u2019un ba\u015f k\u00f6\u015fesine getiriyor; bazen de \u0130stanbul\u2019un hovardal\u0131klar\u0131n\u0131, ne\u015fesini ve rengini tutup memleketin d\u00f6rt bir yan\u0131na sal\u0131veriyor. Ruhunu Kore Da\u011flar\u0131\u2019nda yaralayanlar\u0131n, \u00fcrkek g\u00f6zlerle sinema perdesine bakanlar\u0131n, ilkokul g\u00fcnlerini hi\u00e7 unutamayanlar\u0131n, b\u00fcy\u00fck \u015fehri g\u00f6r\u00fcnce sudan \u00e7\u0131km\u0131\u015f bal\u0131\u011fa d\u00f6nenlerin, a\u015fktan uykusu ka\u00e7anlar\u0131n, nabz\u0131 devrim hayaliyle atanlar\u0131n ve \u00f6mr\u00fcn\u00fc bir f\u0131kra gibi ya\u015fay\u0131p bir a\u011f\u0131tla bitirmek zorunda kalan insanlar\u0131n hik\u00e2yeleri\u2026   Balkon Sefas\u0131 , memlekete sevdal\u0131 kelimelerle yaz\u0131lm\u0131\u015f \u00f6yk\u00fcler\u2026 <\/p>\n","protected":false},"excerpt":{"rendered":"<p>Sar\u0131 telefon bir g\u00fcn olsun \u00e7almad\u0131\u011f\u0131 halde sehpadaki varl\u0131\u011f\u0131n\u0131 senelerce korudu. Zamanla ahizesi k\u0131r\u0131ld\u0131, sonra tu\u015flar\u0131 \u00e7\u0131kt\u0131, ard\u0131ndan kablosu koptu. Bir sabah annem sar\u0131 telefonu k\u00f6m\u00fcr<span class=\"excerpt-hellip\"> [\u2026]<\/span><\/p>\n","protected":false},"featured_media":0,"template":"","meta":{"_monsterinsights_skip_tracking":false,"_monsterinsights_sitenote_active":false,"_monsterinsights_sitenote_note":"","_monsterinsights_sitenote_category":0},"product_brand":[],"product_cat":[12291,12711],"product_tag":[],"class_list":{"0":"post-724513","1":"product","2":"type-product","3":"status-publish","5":"product_cat-edebiyat","6":"product_cat-roman-oyku","7":"pa_cilt-ciltsiz","8":"pa_tur-kitap","9":"pa_yayinevi-iletisim-yayinlari","10":"pa_yazar-ismail-saymaz","12":"first","13":"instock","14":"sale","15":"shipping-taxable","16":"purchasable","17":"product-type-simple"},"_links":{"self":[{"href":"https:\/\/roveyayinevi.com.tr\/index.php\/wp-json\/wp\/v2\/product\/724513","targetHints":{"allow":["GET"]}}],"collection":[{"href":"https:\/\/roveyayinevi.com.tr\/index.php\/wp-json\/wp\/v2\/product"}],"about":[{"href":"https:\/\/roveyayinevi.com.tr\/index.php\/wp-json\/wp\/v2\/types\/product"}],"wp:attachment":[{"href":"https:\/\/roveyayinevi.com.tr\/index.php\/wp-json\/wp\/v2\/media?parent=724513"}],"wp:term":[{"taxonomy":"product_brand","embeddable":true,"href":"https:\/\/roveyayinevi.com.tr\/index.php\/wp-json\/wp\/v2\/product_brand?post=724513"},{"taxonomy":"product_cat","embeddable":true,"href":"https:\/\/roveyayinevi.com.tr\/index.php\/wp-json\/wp\/v2\/product_cat?post=724513"},{"taxonomy":"product_tag","embeddable":true,"href":"https:\/\/roveyayinevi.com.tr\/index.php\/wp-json\/wp\/v2\/product_tag?post=724513"}],"curies":[{"name":"wp","href":"https:\/\/api.w.org\/{rel}","templated":true}]}}