{"id":724512,"date":"2025-08-27T19:35:40","date_gmt":"2025-08-27T16:35:40","guid":{"rendered":"https:\/\/roveyayinevi.com.tr\/index.php\/urun\/ikili-devlet\/"},"modified":"2026-02-03T02:46:41","modified_gmt":"2026-02-02T23:46:41","slug":"ikili-devlet","status":"publish","type":"product","link":"https:\/\/roveyayinevi.com.tr\/index.php\/urun\/ikili-devlet\/","title":{"rendered":"\u0130kili Devlet"},"content":{"rendered":"<p>\u201cGoethe\u2019nin \u015fiirindeki Ceza da verse, onlar\u0131 sak\u0131nsa da, \u0130nsanca bakmak zorunda insanlara. s\u00f6zlerinin, nasyonal sosyalist Almanya\u2019da bulaca\u011f\u0131 bir yank\u0131 yoktur.\u201d Ernst Fraenkel   \ufffc\ufffcBir yandan, kendi koydu\u011fu yasa ve kurallara uyan, -en az\u0131ndan \u201ckitab\u0131na uyduran\u201d- norm devleti. Di\u011fer yandan, siyasi icaplara g\u00f6re verdi\u011fi keyf\u00ee kararlarla y\u00f6neten ve herhangi bir normla kendini ba\u011fl\u0131 saymayan \u00f6nlem devleti. \u0130kili devlet, bu iki sistemin yan yana var oldu\u011fu bir rejim. K\u0131smen, belirli bir alan\u0131n norm veya \u00f6nlem devletinin h\u00fckm\u00fc alt\u0131nda oldu\u011fu bir t\u00fcr i\u015fb\u00f6l\u00fcm\u00fcnden s\u00f6z edilebilir. Fakat \u00e7ok zaman birbirlerinin aya\u011f\u0131na dolan\u0131yorlar, rekabet ediyorlar; yani ne zaman devletin hangi y\u00fcz\u00fcn\u00fcn kendini g\u00f6sterece\u011fi de belli de\u011fil. Toplamda ku\u015fkusuz belirsizli\u011fi art\u0131ran, yurtta\u015f\u0131n geriye kalan g\u00fcvencelerini de zay\u0131flatan bir \u201cd\u00fczen\u201d \u2013 hele, as\u0131l kudretin eninde sonunda \u00f6nlem devletinde oldu\u011fu d\u00fc\u015f\u00fcn\u00fcld\u00fc\u011f\u00fcnde\u2026   Ernst Fraenkel, nasyonal sosyalist devletin hukuki karakterini \u00f6zetle b\u00f6yle bir \u00e7er\u00e7eve i\u00e7inde analiz ediyor. Analizin arka plan\u0131nda, Carl Schmitt\u2019in siyaset ve hukuk felsefesinin k\u00f6kl\u00fc bir ele\u015ftirisi var. Fraenkel, bu ba\u011flamda do\u011fal hukuk kavram\u0131na e\u011filiyor; Anglosakson ve Alman hukuk geleneklerinin devlet ve \u00f6zg\u00fcrl\u00fck anlay\u0131\u015f\u0131 bak\u0131m\u0131ndan tarih\u00ee bir mukayesesini de yap\u0131yor.   Totaliterlik, otoriterlik ve fa\u015fizm ara\u015ft\u0131rmalar\u0131nda klasik de\u011feri kazanm\u0131\u015f bir eser. <\/p>\n","protected":false},"excerpt":{"rendered":"<p>\u201cGoethe\u2019nin \u015fiirindeki Ceza da verse, onlar\u0131 sak\u0131nsa da, \u0130nsanca bakmak zorunda insanlara. s\u00f6zlerinin, nasyonal sosyalist Almanya\u2019da bulaca\u011f\u0131 bir yank\u0131 yoktur.\u201d Ernst Fraenkel \ufffc\ufffcBir yandan, kendi koydu\u011fu<span class=\"excerpt-hellip\"> [\u2026]<\/span><\/p>\n","protected":false},"featured_media":0,"template":"","meta":{"_monsterinsights_skip_tracking":false,"_monsterinsights_sitenote_active":false,"_monsterinsights_sitenote_note":"","_monsterinsights_sitenote_category":0},"product_brand":[],"product_cat":[12965,12337],"product_tag":[],"class_list":{"0":"post-724512","1":"product","2":"type-product","3":"status-publish","5":"product_cat-genel-politika","6":"product_cat-politika-siyaset","7":"pa_cilt-ciltsiz","8":"pa_tur-kitap","9":"pa_yayinevi-iletisim-yayinlari","10":"pa_yazar-ernst-fraenkel","12":"first","13":"instock","14":"sale","15":"shipping-taxable","16":"purchasable","17":"product-type-simple"},"_links":{"self":[{"href":"https:\/\/roveyayinevi.com.tr\/index.php\/wp-json\/wp\/v2\/product\/724512","targetHints":{"allow":["GET"]}}],"collection":[{"href":"https:\/\/roveyayinevi.com.tr\/index.php\/wp-json\/wp\/v2\/product"}],"about":[{"href":"https:\/\/roveyayinevi.com.tr\/index.php\/wp-json\/wp\/v2\/types\/product"}],"wp:attachment":[{"href":"https:\/\/roveyayinevi.com.tr\/index.php\/wp-json\/wp\/v2\/media?parent=724512"}],"wp:term":[{"taxonomy":"product_brand","embeddable":true,"href":"https:\/\/roveyayinevi.com.tr\/index.php\/wp-json\/wp\/v2\/product_brand?post=724512"},{"taxonomy":"product_cat","embeddable":true,"href":"https:\/\/roveyayinevi.com.tr\/index.php\/wp-json\/wp\/v2\/product_cat?post=724512"},{"taxonomy":"product_tag","embeddable":true,"href":"https:\/\/roveyayinevi.com.tr\/index.php\/wp-json\/wp\/v2\/product_tag?post=724512"}],"curies":[{"name":"wp","href":"https:\/\/api.w.org\/{rel}","templated":true}]}}