{"id":724511,"date":"2025-08-27T19:35:40","date_gmt":"2025-08-27T16:35:40","guid":{"rendered":"https:\/\/roveyayinevi.com.tr\/index.php\/urun\/saygili-ebeveynlik\/"},"modified":"2026-04-16T02:32:23","modified_gmt":"2026-04-15T23:32:23","slug":"saygili-ebeveynlik","status":"publish","type":"product","link":"https:\/\/roveyayinevi.com.tr\/index.php\/urun\/saygili-ebeveynlik\/","title":{"rendered":"Sayg\u0131l\u0131 Ebeveynlik"},"content":{"rendered":"<p>Bebekler \u00e7o\u011funlukla, \u201csevimli ve tombul\u201d k\u00fc\u00e7\u00fck varl\u0131klar olarak g\u00f6r\u00fcl\u00fcr. Bununla kastedilen pasif, aciz ve her bak\u0131mdan muhta\u00e7 canl\u0131lar olmalar\u0131d\u0131r. Bu, talihsiz ama bir o kadar da yayg\u0131n bir kan\u0131d\u0131r.   \ufffc\ufffcSayg\u0131l\u0131 ebeveynlik yakla\u015f\u0131m\u0131, yak\u0131ndan bak\u0131ld\u0131\u011f\u0131nda bebeklerin ola\u011fa n\u00fcst\u00fc bir \u00f6\u011frenme becerisine sahip, sezgileri g\u00fc\u00e7l\u00fc, do\u011fduklar\u0131 andan itibaren fark\u0131ndal\u0131k sahibi ki\u015filer olduklar\u0131n\u0131 kabul eder. Bu ne anlama gelir? Bebe\u011fimizin bizimle d\u00fcr\u00fcst ve yetkin bir ili\u015fki ba\u015flatmas\u0131 i\u00e7in onu nas\u0131l destekleyebiliriz? Sonu gelmez a\u011flamalar\u0131n, ba\u011f\u0131rmalar\u0131n ve tutturmalar\u0131n \u00f6n\u00fc nas\u0131l al\u0131n\u0131r? Takdir ve onaylama, bebek ve \u00e7ocuk e\u011fitiminde nas\u0131l bir rol oynar? Sa\u011fl\u0131kl\u0131 uyku e\u011fitimi nas\u0131l olmal\u0131d\u0131r? Yava\u015flaman\u0131n ve beklemenin, ebeveyn bebek ili\u015fkisindeki yeri nedir? Ebeveynler, \u00e7ocuklar\u0131n\u0131n duygular\u0131ndan sorumlu mudur? Oyunun iyile\u015ftirici g\u00fcc\u00fcnden nas\u0131l yararlanmak gerekir? \u00c7ocuklar\u0131m\u0131z\u0131 desteklemek, onlarla arkada\u015f olmak m\u0131 demektir? \u00c7ocu\u011fa s\u0131n\u0131r koymak ne demektir ve do\u011fru disiplinin kilit noktas\u0131 nedir?   Yirmi y\u0131l\u0131 a\u015fk\u0131n s\u00fcredir ebeveyn dan\u0131\u015fman\u0131 olarak \u00e7al\u0131\u015fan Janet Lansbury, Sayg\u0131l\u0131 Ebeveynlik\u2019te anne babalara seslenerek, onlara bebeklerini do\u011fal \u00f6\u011frenme becerileri olan, \u00e7evreleriyle sosyal ili\u015fki kurmaya a\u00e7\u0131k bireyler olarak g\u00f6rmeleri i\u00e7in cesaret a\u015f\u0131l\u0131yor. Sevmenin \u00f6tesinde bir arada olmaktan zevk alacaklar\u0131 \u00e7ocuklar yeti\u015ftirmenin inceliklerini merak eden anne babalar i\u00e7in ba\u015fucu kitab\u0131 niteli\u011finde bir rehber\u2026 <\/p>\n","protected":false},"excerpt":{"rendered":"<p>Bebekler \u00e7o\u011funlukla, \u201csevimli ve tombul\u201d k\u00fc\u00e7\u00fck varl\u0131klar olarak g\u00f6r\u00fcl\u00fcr. Bununla kastedilen pasif, aciz ve her bak\u0131mdan muhta\u00e7 canl\u0131lar olmalar\u0131d\u0131r. Bu, talihsiz ama bir o kadar da<span class=\"excerpt-hellip\"> [\u2026]<\/span><\/p>\n","protected":false},"featured_media":0,"template":"","meta":{"_monsterinsights_skip_tracking":false,"_monsterinsights_sitenote_active":false,"_monsterinsights_sitenote_note":"","_monsterinsights_sitenote_category":0},"product_brand":[],"product_cat":[12831,12324],"product_tag":[],"class_list":{"0":"post-724511","1":"product","2":"type-product","3":"status-publish","5":"product_cat-aile-ve-cocuk","6":"product_cat-sosyoloji","7":"pa_cilt-ciltsiz","8":"pa_tur-kitap","9":"pa_yayinevi-iletisim-yayinlari","10":"pa_yazar-janet-lansbury","12":"first","13":"instock","14":"sale","15":"shipping-taxable","16":"purchasable","17":"product-type-simple"},"_links":{"self":[{"href":"https:\/\/roveyayinevi.com.tr\/index.php\/wp-json\/wp\/v2\/product\/724511","targetHints":{"allow":["GET"]}}],"collection":[{"href":"https:\/\/roveyayinevi.com.tr\/index.php\/wp-json\/wp\/v2\/product"}],"about":[{"href":"https:\/\/roveyayinevi.com.tr\/index.php\/wp-json\/wp\/v2\/types\/product"}],"wp:attachment":[{"href":"https:\/\/roveyayinevi.com.tr\/index.php\/wp-json\/wp\/v2\/media?parent=724511"}],"wp:term":[{"taxonomy":"product_brand","embeddable":true,"href":"https:\/\/roveyayinevi.com.tr\/index.php\/wp-json\/wp\/v2\/product_brand?post=724511"},{"taxonomy":"product_cat","embeddable":true,"href":"https:\/\/roveyayinevi.com.tr\/index.php\/wp-json\/wp\/v2\/product_cat?post=724511"},{"taxonomy":"product_tag","embeddable":true,"href":"https:\/\/roveyayinevi.com.tr\/index.php\/wp-json\/wp\/v2\/product_tag?post=724511"}],"curies":[{"name":"wp","href":"https:\/\/api.w.org\/{rel}","templated":true}]}}