{"id":724510,"date":"2025-08-27T19:35:39","date_gmt":"2025-08-27T16:35:39","guid":{"rendered":"https:\/\/roveyayinevi.com.tr\/index.php\/urun\/kuculme\/"},"modified":"2026-03-06T02:47:29","modified_gmt":"2026-03-05T23:47:29","slug":"kuculme","status":"publish","type":"product","link":"https:\/\/roveyayinevi.com.tr\/index.php\/urun\/kuculme\/","title":{"rendered":"K\u00fc\u00e7\u00fclme"},"content":{"rendered":"<p>Toplumlar\u0131n esenli\u011fi ve geli\u015fmi\u015fli\u011fi \u00e7o\u011fu iktisat\u00e7\u0131 ve siyaset\u00e7i taraf\u0131ndan \u201cb\u00fcy\u00fcme\u201d kavram\u0131yla a\u00e7\u0131klan\u0131yor. Farkl\u0131 siyasi ve iktisadi g\u00f6r\u00fc\u015flerin \u201cb\u00fcy\u00fcme\u201d konusunda anla\u015ft\u0131\u011f\u0131n\u0131 g\u00f6r\u00fcyoruz. G\u00fcn\u00fcm\u00fczdeki h\u0131zl\u0131 yoksulla\u015fma, artan e\u015fitsizlikler ve toplumsalekolojik felaketler de egemen s\u00f6yleme g\u00f6re b\u00fcy\u00fcme eksikli\u011finin ya da azgeli\u015fmi\u015fli\u011fin sonu\u00e7lar\u0131d\u0131r: \u201cB\u00fcy\u00fcmeyen, yerinde sayan, \u00f6l\u00fcr\u201d. Elinizdeki kitap ise bu sorunlar\u0131n nedeninin tam da b\u00fcy\u00fcme oldu\u011funu, b\u00fcy\u00fcmenin a\u015f\u0131r\u0131 masrafl\u0131, ekolojik a\u00e7\u0131dan s\u00fcrd\u00fcr\u00fclemez ve \u00f6z\u00fcnde adaletsiz bir hal ald\u0131\u011f\u0131n\u0131, \u201cb\u00fcy\u00fcme\u201dyi temel alan mitik inan\u00e7lar\u0131n terk edilmesi gerekti\u011fini savunuyor.   Bunun i\u00e7in b\u00fcy\u00fcme tahayy\u00fcl\u00fcn\u00fc ayakta tutan ve ekonomiyi bilim olmaktan \u00e7\u0131karan terimlerle d\u00fc\u015f\u00fcnmekten vazge\u00e7mek gerekiyor. Kullan\u0131mdaki iktisadi dil, ifade edilmesi gerekeni ifade etmekte yetersiz kald\u0131\u011f\u0131 i\u00e7indir ki yeni bir s\u00f6z da\u011farc\u0131\u011f\u0131na ihtiyac\u0131m\u0131z var. Bir grup aktivist ve entelekt\u00fcelin ilk olarak Fransa\u2019da ba\u015flatt\u0131\u011f\u0131 ve ard\u0131ndan t\u00fcm d\u00fcnyaya yay\u0131lan k\u00fc\u00e7\u00fclme hareketi, toplumsal bir hedef olarak ekonomik b\u00fcy\u00fcmenin terk edilmesi \u00e7a\u011fr\u0131s\u0131nda bulunuyor. \u201cK\u00fc\u00e7\u00fclme\u201d kavram\u0131, daha az do\u011fal kaynak t\u00fcketen ve tamamen farkl\u0131 ilkeler \u00e7er\u00e7evesinde \u00f6rg\u00fctlenen toplumlara giden yolu temsil ediyor. Sadelik, \u015fenliklilik, otonomi, bak\u0131m, m\u00fc\u015fterekler gibi kelimeler de k\u00fc\u00e7\u00fclme toplumlar\u0131n\u0131n neye benzeyebilece\u011fi konusuna \u0131\u015f\u0131k tutuyor.   Bu derlemenin, sadece ba\u015fka bir d\u00fcnyan\u0131n m\u00fcmk\u00fcn oldu\u011funu d\u00fc\u015f\u00fcnmekle kalmay\u0131p ayn\u0131 zamanda onu \u015fimdi in\u015fa etmek ad\u0131na m\u00fccadele eden herkes i\u00e7in de\u011ferli bir bilgi ve ilham kayna\u011f\u0131 olaca\u011f\u0131n\u0131 umuyoruz. <\/p>\n","protected":false},"excerpt":{"rendered":"<p>Toplumlar\u0131n esenli\u011fi ve geli\u015fmi\u015fli\u011fi \u00e7o\u011fu iktisat\u00e7\u0131 ve siyaset\u00e7i taraf\u0131ndan \u201cb\u00fcy\u00fcme\u201d kavram\u0131yla a\u00e7\u0131klan\u0131yor. Farkl\u0131 siyasi ve iktisadi g\u00f6r\u00fc\u015flerin \u201cb\u00fcy\u00fcme\u201d konusunda anla\u015ft\u0131\u011f\u0131n\u0131 g\u00f6r\u00fcyoruz. G\u00fcn\u00fcm\u00fczdeki h\u0131zl\u0131 yoksulla\u015fma, artan e\u015fitsizlikler<span class=\"excerpt-hellip\"> [\u2026]<\/span><\/p>\n","protected":false},"featured_media":0,"template":"","meta":{"_monsterinsights_skip_tracking":false,"_monsterinsights_sitenote_active":false,"_monsterinsights_sitenote_note":"","_monsterinsights_sitenote_category":0},"product_brand":[],"product_cat":[20333,13043],"product_tag":[],"class_list":{"0":"post-724510","1":"product","2":"type-product","3":"status-publish","5":"product_cat-diger-ekonomi","6":"product_cat-ekonomi","7":"pa_cilt-ciltsiz","8":"pa_tur-kitap","9":"pa_yayinevi-metis-yayinlari","10":"pa_yazar-kolektif","12":"first","13":"instock","14":"sale","15":"shipping-taxable","16":"purchasable","17":"product-type-simple"},"_links":{"self":[{"href":"https:\/\/roveyayinevi.com.tr\/index.php\/wp-json\/wp\/v2\/product\/724510","targetHints":{"allow":["GET"]}}],"collection":[{"href":"https:\/\/roveyayinevi.com.tr\/index.php\/wp-json\/wp\/v2\/product"}],"about":[{"href":"https:\/\/roveyayinevi.com.tr\/index.php\/wp-json\/wp\/v2\/types\/product"}],"wp:attachment":[{"href":"https:\/\/roveyayinevi.com.tr\/index.php\/wp-json\/wp\/v2\/media?parent=724510"}],"wp:term":[{"taxonomy":"product_brand","embeddable":true,"href":"https:\/\/roveyayinevi.com.tr\/index.php\/wp-json\/wp\/v2\/product_brand?post=724510"},{"taxonomy":"product_cat","embeddable":true,"href":"https:\/\/roveyayinevi.com.tr\/index.php\/wp-json\/wp\/v2\/product_cat?post=724510"},{"taxonomy":"product_tag","embeddable":true,"href":"https:\/\/roveyayinevi.com.tr\/index.php\/wp-json\/wp\/v2\/product_tag?post=724510"}],"curies":[{"name":"wp","href":"https:\/\/api.w.org\/{rel}","templated":true}]}}