{"id":724507,"date":"2025-08-27T19:35:36","date_gmt":"2025-08-27T16:35:36","guid":{"rendered":"https:\/\/roveyayinevi.com.tr\/index.php\/urun\/dedemin-masali\/"},"modified":"2026-04-16T02:32:23","modified_gmt":"2026-04-15T23:32:23","slug":"dedemin-masali","status":"publish","type":"product","link":"https:\/\/roveyayinevi.com.tr\/index.php\/urun\/dedemin-masali\/","title":{"rendered":"Dedemin Masal\u0131"},"content":{"rendered":"<p>Affetmenin ve ho\u015fg\u00f6r\u00fcn\u00fcn ger\u00e7ek anlam\u0131n\u0131, de\u011ferini biliyor muyuz? Onu nerede arayaca\u011f\u0131z?   Bol \u00f6d\u00fcll\u00fc yazar Mavisel Yener\u2019in kaleminden, DE\u011eERLER E\u011e\u0130T\u0130M\u0130\u2019nin de bir par\u00e7as\u0131 olan, \u201cho\u015fg\u00f6r\u00fc\u201d \u00fczerine e\u011flenceli, d\u00fc\u015f\u00fcnd\u00fcr\u00fcc\u00fc bir masal. Sonuna siz karar vereceksiniz\u2026 <\/p>\n","protected":false},"excerpt":{"rendered":"<p>Affetmenin ve ho\u015fg\u00f6r\u00fcn\u00fcn ger\u00e7ek anlam\u0131n\u0131, de\u011ferini biliyor muyuz? Onu nerede arayaca\u011f\u0131z? Bol \u00f6d\u00fcll\u00fc yazar Mavisel Yener\u2019in kaleminden, DE\u011eERLER E\u011e\u0130T\u0130M\u0130\u2019nin de bir par\u00e7as\u0131 olan, \u201cho\u015fg\u00f6r\u00fc\u201d \u00fczerine e\u011flenceli,<span class=\"excerpt-hellip\"> [\u2026]<\/span><\/p>\n","protected":false},"featured_media":0,"template":"","meta":{"_monsterinsights_skip_tracking":false,"_monsterinsights_sitenote_active":false,"_monsterinsights_sitenote_note":"","_monsterinsights_sitenote_category":0},"product_brand":[],"product_cat":[12274,12523],"product_tag":[],"class_list":{"0":"post-724507","1":"product","2":"type-product","3":"status-publish","5":"product_cat-cocuk-ve-genclik-kitaplari","6":"product_cat-masallar","7":"pa_cilt-ciltsiz","8":"pa_tur-kitap","9":"pa_yayinevi-indigo-kitap","10":"pa_yazar-mavisel-yener","12":"first","13":"instock","14":"sale","15":"shipping-taxable","16":"purchasable","17":"product-type-simple"},"_links":{"self":[{"href":"https:\/\/roveyayinevi.com.tr\/index.php\/wp-json\/wp\/v2\/product\/724507","targetHints":{"allow":["GET"]}}],"collection":[{"href":"https:\/\/roveyayinevi.com.tr\/index.php\/wp-json\/wp\/v2\/product"}],"about":[{"href":"https:\/\/roveyayinevi.com.tr\/index.php\/wp-json\/wp\/v2\/types\/product"}],"wp:attachment":[{"href":"https:\/\/roveyayinevi.com.tr\/index.php\/wp-json\/wp\/v2\/media?parent=724507"}],"wp:term":[{"taxonomy":"product_brand","embeddable":true,"href":"https:\/\/roveyayinevi.com.tr\/index.php\/wp-json\/wp\/v2\/product_brand?post=724507"},{"taxonomy":"product_cat","embeddable":true,"href":"https:\/\/roveyayinevi.com.tr\/index.php\/wp-json\/wp\/v2\/product_cat?post=724507"},{"taxonomy":"product_tag","embeddable":true,"href":"https:\/\/roveyayinevi.com.tr\/index.php\/wp-json\/wp\/v2\/product_tag?post=724507"}],"curies":[{"name":"wp","href":"https:\/\/api.w.org\/{rel}","templated":true}]}}