{"id":724506,"date":"2025-08-27T19:35:35","date_gmt":"2025-08-27T16:35:35","guid":{"rendered":"https:\/\/roveyayinevi.com.tr\/index.php\/urun\/suterman-1-kitap-nasil-kahraman-oldum\/"},"modified":"2026-04-16T02:32:22","modified_gmt":"2026-04-15T23:32:22","slug":"suterman-1-kitap-nasil-kahraman-oldum","status":"publish","type":"product","link":"https:\/\/roveyayinevi.com.tr\/index.php\/urun\/suterman-1-kitap-nasil-kahraman-oldum\/","title":{"rendered":"S\u00fcterman 1. Kitap \u2013 Nas\u0131l Kahraman Oldum ?"},"content":{"rendered":"<p>Kahraman olmak i\u00e7in illaki u\u00e7mak, binalara t\u0131rmanmak, \u00e7at\u0131dan \u00e7at\u0131ya hoplamak gerekmez.  Esas\u0131nda b\u00fct\u00fcn \u00e7ocuklar birer kahramand\u0131r.    B\u00fcy\u00fcklerin soru sormaktan korktu\u011fu d\u00fcnyada \u00e7ocuklar, ak\u0131llar\u0131na gelen her soruyu soracak kadar cesur ve do\u011fru bildiklerini hi\u00e7 korkmadan s\u00f6yleyecek kadar d\u00fcr\u00fcstt\u00fcr.   B\u00fcy\u00fckler paran\u0131n g\u00fcc\u00fcne inan\u0131r,  oysa \u00e7ocuklar\u0131n en b\u00fcy\u00fck zenginli\u011fi hayal g\u00fcc\u00fcd\u00fcr.    D\u00fcr\u00fcstl\u00fck, cesaret ve hayal g\u00fcc\u00fcn\u00fcn bir araya  geldi\u011fi yerde ise mutlaka bir kahraman vard\u0131r.    S\u00fcterman serisinin bu ilk kitab\u0131nda, s\u0131radan bir \u00e7ocuk olan Erman&#8217;\u0131n i\u00e7indeki kahraman\u0131 nas\u0131l ke\u015ffetti\u011fine tan\u0131k oluyoruz. S\u00fct\u00fcn g\u00fcc\u00fc ve dedesinin yard\u0131m\u0131yla en b\u00fcy\u00fck korkusunu yenen S\u00fcterman, ne\u015feli ve macera dolu hik\u00e2yelerine  bu kitapla ad\u0131m at\u0131yor. <\/p>\n","protected":false},"excerpt":{"rendered":"<p>Kahraman olmak i\u00e7in illaki u\u00e7mak, binalara t\u0131rmanmak, \u00e7at\u0131dan \u00e7at\u0131ya hoplamak gerekmez. Esas\u0131nda b\u00fct\u00fcn \u00e7ocuklar birer kahramand\u0131r. B\u00fcy\u00fcklerin soru sormaktan korktu\u011fu d\u00fcnyada \u00e7ocuklar, ak\u0131llar\u0131na gelen her soruyu<span class=\"excerpt-hellip\"> [\u2026]<\/span><\/p>\n","protected":false},"featured_media":0,"template":"","meta":{"_monsterinsights_skip_tracking":false,"_monsterinsights_sitenote_active":false,"_monsterinsights_sitenote_note":"","_monsterinsights_sitenote_category":0},"product_brand":[],"product_cat":[12275,12274],"product_tag":[],"class_list":{"0":"post-724506","1":"product","2":"type-product","3":"status-publish","5":"product_cat-6-12-yas-kitaplari","6":"product_cat-cocuk-ve-genclik-kitaplari","7":"pa_cilt-ciltsiz","8":"pa_tur-kitap","9":"pa_yayinevi-indigo-kitap","10":"pa_yazar-emre-bulbul","12":"first","13":"instock","14":"sale","15":"shipping-taxable","16":"purchasable","17":"product-type-simple"},"_links":{"self":[{"href":"https:\/\/roveyayinevi.com.tr\/index.php\/wp-json\/wp\/v2\/product\/724506","targetHints":{"allow":["GET"]}}],"collection":[{"href":"https:\/\/roveyayinevi.com.tr\/index.php\/wp-json\/wp\/v2\/product"}],"about":[{"href":"https:\/\/roveyayinevi.com.tr\/index.php\/wp-json\/wp\/v2\/types\/product"}],"wp:attachment":[{"href":"https:\/\/roveyayinevi.com.tr\/index.php\/wp-json\/wp\/v2\/media?parent=724506"}],"wp:term":[{"taxonomy":"product_brand","embeddable":true,"href":"https:\/\/roveyayinevi.com.tr\/index.php\/wp-json\/wp\/v2\/product_brand?post=724506"},{"taxonomy":"product_cat","embeddable":true,"href":"https:\/\/roveyayinevi.com.tr\/index.php\/wp-json\/wp\/v2\/product_cat?post=724506"},{"taxonomy":"product_tag","embeddable":true,"href":"https:\/\/roveyayinevi.com.tr\/index.php\/wp-json\/wp\/v2\/product_tag?post=724506"}],"curies":[{"name":"wp","href":"https:\/\/api.w.org\/{rel}","templated":true}]}}