{"id":724505,"date":"2025-08-27T19:35:34","date_gmt":"2025-08-27T16:35:34","guid":{"rendered":"https:\/\/roveyayinevi.com.tr\/index.php\/urun\/suterman-2-kitap-eyvah-babami-kacirdilar\/"},"modified":"2026-04-16T02:32:22","modified_gmt":"2026-04-15T23:32:22","slug":"suterman-2-kitap-eyvah-babami-kacirdilar","status":"publish","type":"product","link":"https:\/\/roveyayinevi.com.tr\/index.php\/urun\/suterman-2-kitap-eyvah-babami-kacirdilar\/","title":{"rendered":"S\u00fcterman 2. Kitap \u2013 Eyvah Babam\u0131 Ka\u00e7\u0131rd\u0131lar !"},"content":{"rendered":"<p>Serinin ikinci kitab\u0131nda kahraman\u0131m\u0131z  S\u00fcterman heyecan dolu bir maceran\u0131n i\u00e7inde buluyor kendisini.  Bir cumartesi g\u00fcn\u00fc annesiyle kahvalt\u0131 yapan S\u00fcterman, babas\u0131n\u0131n ka\u00e7\u0131r\u0131ld\u0131\u011f\u0131n\u0131 s\u00f6yleyen  bir f idye mektubu al\u0131r. Mektupta babas\u0131n\u0131 ka\u00e7\u0131ran insanlar\u0131n verdi\u011fi baz\u0131 talimatlar yazmaktad\u0131r. Annesi ya\u015fananlar kar\u015f\u0131s\u0131nda pani\u011fe kap\u0131l\u0131r. Oysa S\u00fcterman, bir kahraman oldu\u011funu hat\u0131rlar ve bir bardak s\u00fct i\u00e7erek babas\u0131n\u0131 kurtarmak i\u00e7in harekete ge\u00e7er.      S\u00fcterman&#8217;\u0131n babas\u0131n\u0131 kimler ka\u00e7\u0131rd\u0131?  S\u00fcterman babas\u0131n\u0131 kurtarabilecek mi?  S\u00fcterman&#8217;\u0131n annesi ni\u00e7in bir caddenin kenar\u0131nda  halay \u00e7ekiyor? Bu sorular\u0131n yan\u0131t\u0131n\u0131 merak edenler i\u00e7in \u00f6nemli bir ipucu: Kitab\u0131n yanl\u0131\u015f taraf\u0131na bak\u0131yorsunuz.  Hadi \u015fimdi \u00f6n taraf\u0131 \u00e7evirip okumaya ba\u015flay\u0131n. <\/p>\n","protected":false},"excerpt":{"rendered":"<p>Serinin ikinci kitab\u0131nda kahraman\u0131m\u0131z S\u00fcterman heyecan dolu bir maceran\u0131n i\u00e7inde buluyor kendisini. Bir cumartesi g\u00fcn\u00fc annesiyle kahvalt\u0131 yapan S\u00fcterman, babas\u0131n\u0131n ka\u00e7\u0131r\u0131ld\u0131\u011f\u0131n\u0131 s\u00f6yleyen bir f idye mektubu<span class=\"excerpt-hellip\"> [\u2026]<\/span><\/p>\n","protected":false},"featured_media":0,"template":"","meta":{"_monsterinsights_skip_tracking":false,"_monsterinsights_sitenote_active":false,"_monsterinsights_sitenote_note":"","_monsterinsights_sitenote_category":0},"product_brand":[],"product_cat":[12275,12274],"product_tag":[],"class_list":{"0":"post-724505","1":"product","2":"type-product","3":"status-publish","5":"product_cat-6-12-yas-kitaplari","6":"product_cat-cocuk-ve-genclik-kitaplari","7":"pa_cilt-ciltsiz","8":"pa_tur-kitap","9":"pa_yayinevi-indigo-kitap","10":"pa_yazar-emre-bulbul","12":"first","13":"instock","14":"sale","15":"shipping-taxable","16":"purchasable","17":"product-type-simple"},"_links":{"self":[{"href":"https:\/\/roveyayinevi.com.tr\/index.php\/wp-json\/wp\/v2\/product\/724505","targetHints":{"allow":["GET"]}}],"collection":[{"href":"https:\/\/roveyayinevi.com.tr\/index.php\/wp-json\/wp\/v2\/product"}],"about":[{"href":"https:\/\/roveyayinevi.com.tr\/index.php\/wp-json\/wp\/v2\/types\/product"}],"wp:attachment":[{"href":"https:\/\/roveyayinevi.com.tr\/index.php\/wp-json\/wp\/v2\/media?parent=724505"}],"wp:term":[{"taxonomy":"product_brand","embeddable":true,"href":"https:\/\/roveyayinevi.com.tr\/index.php\/wp-json\/wp\/v2\/product_brand?post=724505"},{"taxonomy":"product_cat","embeddable":true,"href":"https:\/\/roveyayinevi.com.tr\/index.php\/wp-json\/wp\/v2\/product_cat?post=724505"},{"taxonomy":"product_tag","embeddable":true,"href":"https:\/\/roveyayinevi.com.tr\/index.php\/wp-json\/wp\/v2\/product_tag?post=724505"}],"curies":[{"name":"wp","href":"https:\/\/api.w.org\/{rel}","templated":true}]}}