{"id":724503,"date":"2025-08-27T19:35:33","date_gmt":"2025-08-27T16:35:33","guid":{"rendered":"https:\/\/roveyayinevi.com.tr\/index.php\/urun\/turk-disisleri-teskilatinin-tarihi-gelisimi-hariciye-nezareti\/"},"modified":"2026-04-16T02:32:22","modified_gmt":"2026-04-15T23:32:22","slug":"turk-disisleri-teskilatinin-tarihi-gelisimi-hariciye-nezareti","status":"publish","type":"product","link":"https:\/\/roveyayinevi.com.tr\/index.php\/urun\/turk-disisleri-teskilatinin-tarihi-gelisimi-hariciye-nezareti\/","title":{"rendered":"T\u00fcrk D\u0131\u015fi\u015fleri Te\u015fkilat\u0131n\u0131n Tarihi Geli\u015fimi &#8211; Hariciye Nezareti"},"content":{"rendered":"<p>Bir Osmanl\u0131 modernle\u015fmesi \u00f6rne\u011fi olan Hariciye Nezareti, Reis\u00fc\u2018l-k\u00fcttabl\u0131ktan Hariciye Vekaleti\u2019ne ge\u00e7i\u015fte \u00f6nemli bir a\u015famay\u0131 te\u015fkil etti. 1836 y\u0131l\u0131nda kurulan nezaret, seksen alt\u0131 y\u0131ll\u0131k faaliyet s\u00fcrecinde devlet idaresinin m\u00fchim bir unsuru oldu. Zaman i\u00e7erisinde, geleneksel bir devlet kurumundan merkezde ve yurt d\u0131\u015f\u0131nda birimleri olan modern bir te\u015fkilata d\u00f6n\u00fc\u015ft\u00fc. Hariciye Nezareti, Osmanl\u0131 Devleti\u2019nin son d\u00f6neminde pek \u00e7ok olay ve problemle kar\u015f\u0131 kar\u015f\u0131ya kald\u0131. Belki de \u00e7a\u011fda\u015f\u0131 olan hi\u00e7bir b\u00fcy\u00fck devletin d\u0131\u015fi\u015fleri bakanl\u0131\u011f\u0131, bu kadar yo\u011fun bir g\u00fcndeme sahip olmad\u0131. Hem harici hem de dahili alanda y\u00fcklendi\u011fi sorumluluk, g\u00fcn\u00fcm\u00fcz d\u0131\u015fi\u015fleri bakanl\u0131klar\u0131ndan farkl\u0131l\u0131klar\u0131 olan bir \u00e7al\u0131\u015fma anlay\u0131\u015f\u0131 i\u00e7erisinde bulunmas\u0131n\u0131 gerekli k\u0131ld\u0131. Uzun y\u0131llar Osmanl\u0131 Devleti\u2019nin d\u0131\u015fa a\u00e7\u0131lan kap\u0131s\u0131 h\u00fcviyetine sahip Hariciye Nezareti, Bat\u0131l\u0131 anlay\u0131\u015f ve hayat tarz\u0131n\u0131n \u00fclkeye giri\u015finde \u00f6nemli bir fonksiyon \u00fcstlendi. Devletin ve toplumun yeniliklerle kar\u015f\u0131la\u015fmas\u0131nda genelde \u00f6n planda oldu. Buna ek olarak nezaret, di\u011fer devlet dairelerine \u00f6rnek olan ve onlar\u0131 kadro a\u00e7\u0131s\u0131ndan besleyen bir mahiyete de sahipti. Bu bak\u0131mdan Osmanl\u0131 Devleti i\u00e7in Hariciye Nezareti, sadece bir d\u0131\u015fi\u015fleri bakanl\u0131\u011f\u0131 de\u011fildi. Son olarak yeni T\u00fcrk devletinin d\u0131\u015fi\u015fleri \u00f6rg\u00fct\u00fc, ba\u015fka bir isim ve mek\u00e2n, de\u011fi\u015fiklik g\u00f6steren bir anlay\u0131\u015f ve kadro yap\u0131s\u0131yla da olsa Osmanl\u0131 Hariciyesinin \u00fczerine bina edildi. Bir ba\u015fka deyi\u015fle, yeni yap\u0131 eskinin temelleri \u00fczerinde y\u00fckseldi.<\/p>\n","protected":false},"excerpt":{"rendered":"<p>Bir Osmanl\u0131 modernle\u015fmesi \u00f6rne\u011fi olan Hariciye Nezareti, Reis\u00fc\u2018l-k\u00fcttabl\u0131ktan Hariciye Vekaleti\u2019ne ge\u00e7i\u015fte \u00f6nemli bir a\u015famay\u0131 te\u015fkil etti. 1836 y\u0131l\u0131nda kurulan nezaret, seksen alt\u0131 y\u0131ll\u0131k faaliyet s\u00fcrecinde devlet<span class=\"excerpt-hellip\"> [\u2026]<\/span><\/p>\n","protected":false},"featured_media":0,"template":"","meta":{"_monsterinsights_skip_tracking":false,"_monsterinsights_sitenote_active":false,"_monsterinsights_sitenote_note":"","_monsterinsights_sitenote_category":0},"product_brand":[],"product_cat":[48062,12337],"product_tag":[],"class_list":{"0":"post-724503","1":"product","2":"type-product","3":"status-publish","5":"product_cat-dis-politika","6":"product_cat-politika-siyaset","7":"pa_cilt-ciltsiz","8":"pa_tur-kitap","9":"pa_yayinevi-otuken-nesriyat","10":"pa_yazar-aydin-cakmak","12":"first","13":"instock","14":"sale","15":"shipping-taxable","16":"purchasable","17":"product-type-simple"},"_links":{"self":[{"href":"https:\/\/roveyayinevi.com.tr\/index.php\/wp-json\/wp\/v2\/product\/724503","targetHints":{"allow":["GET"]}}],"collection":[{"href":"https:\/\/roveyayinevi.com.tr\/index.php\/wp-json\/wp\/v2\/product"}],"about":[{"href":"https:\/\/roveyayinevi.com.tr\/index.php\/wp-json\/wp\/v2\/types\/product"}],"wp:attachment":[{"href":"https:\/\/roveyayinevi.com.tr\/index.php\/wp-json\/wp\/v2\/media?parent=724503"}],"wp:term":[{"taxonomy":"product_brand","embeddable":true,"href":"https:\/\/roveyayinevi.com.tr\/index.php\/wp-json\/wp\/v2\/product_brand?post=724503"},{"taxonomy":"product_cat","embeddable":true,"href":"https:\/\/roveyayinevi.com.tr\/index.php\/wp-json\/wp\/v2\/product_cat?post=724503"},{"taxonomy":"product_tag","embeddable":true,"href":"https:\/\/roveyayinevi.com.tr\/index.php\/wp-json\/wp\/v2\/product_tag?post=724503"}],"curies":[{"name":"wp","href":"https:\/\/api.w.org\/{rel}","templated":true}]}}